{"id":1221,"date":"2024-03-10T15:28:55","date_gmt":"2024-03-10T20:28:55","guid":{"rendered":"https:\/\/ddo.usac.edu.gt\/?page_id=1221"},"modified":"2024-03-10T15:30:17","modified_gmt":"2024-03-10T20:30:17","slug":"direccion-general-de-administracion-diga","status":"publish","type":"page","link":"https:\/\/ddo.usac.edu.gt\/index.php\/direcciones-generales-2\/direccion-general-de-administracion-diga\/direccion-general-de-administracion-diga\/","title":{"rendered":"DIRECCI\u00d3N GENERAL DE ADMINISTRACI\u00d3N -DIGA-"},"content":{"rendered":"\n<h2 class=\"wp-block-heading has-white-color has-text-color has-background has-link-color wp-elements-66a029e1b4f75b1c915e70dee5ed14ff\" style=\"background-color:#002944\">DEFINICI\u00d3N<\/h2>\n\n\n\n<div class=\"wp-block-group\"><div class=\"wp-block-group__inner-container is-layout-constrained wp-block-group-is-layout-constrained\">\n<div class=\"wp-block-columns is-layout-flex wp-container-core-columns-is-layout-9d6595d7 wp-block-columns-is-layout-flex\">\n<div class=\"wp-block-column is-vertically-aligned-center is-layout-flow wp-block-column-is-layout-flow\" style=\"flex-basis:300px\"><div class=\"wp-block-image\">\n<figure class=\"aligncenter size-full is-resized\"><img loading=\"lazy\" decoding=\"async\" width=\"300\" height=\"300\" src=\"https:\/\/ddo.usac.edu.gt\/wp-content\/uploads\/2024\/02\/logousac2024-1.png\" alt=\"\" class=\"wp-image-453\" style=\"width:250px\" srcset=\"https:\/\/ddo.usac.edu.gt\/wp-content\/uploads\/2024\/02\/logousac2024-1.png 300w, https:\/\/ddo.usac.edu.gt\/wp-content\/uploads\/2024\/02\/logousac2024-1-150x150.png 150w\" sizes=\"auto, (max-width: 300px) 100vw, 300px\" \/><\/figure>\n<\/div><\/div>\n\n\n\n<div class=\"wp-block-column is-vertically-aligned-center is-layout-flow wp-block-column-is-layout-flow\">\n<p class=\"has-medium-font-size\">La Direcci\u00f3n General de Administraci\u00f3n es la instancia de Direcci\u00f3n Superior,<br>responsable de planificar, organizar, dirigir, coordinar y supervisar las funciones<br>administrativas, t\u00e9cnicas y de servicio de la Universidad de San Carlos de Guatemala, a trav\u00e9s de las unidades que la integran, en apoyo a la docencia, investigaci\u00f3n y extensi\u00f3n de la Universidad de San Carlos de Guatemala, las cuales constituyen las funciones sustantivas de la Universidad.<\/p>\n<\/div>\n<\/div>\n\n\n\n<div class=\"wp-block-columns has-white-color has-text-color has-background has-link-color wp-elements-67327d5351faf9faa05e4c219f6f671d is-layout-flex wp-container-core-columns-is-layout-9d6595d7 wp-block-columns-is-layout-flex\" style=\"background-color:#00447c\">\n<div class=\"wp-block-column is-vertically-aligned-center is-layout-flow wp-block-column-is-layout-flow\">\n<h2 class=\"wp-block-heading alignwide has-white-color has-text-color has-link-color has-large-font-size wp-elements-6cbe81240a440b3bab719717403476ef\">Manual de Organizaci\u00f3n Vigente<\/h2>\n<\/div>\n\n\n\n<div class=\"wp-block-column is-vertically-aligned-bottom is-layout-flow wp-block-column-is-layout-flow\">\n<div class=\"wp-block-buttons alignwide is-vertical is-content-justification-right is-layout-flex wp-container-core-buttons-is-layout-17ed0cd2 wp-block-buttons-is-layout-flex\">\n<div class=\"wp-block-button is-style-fill\"><a class=\"wp-block-button__link has-black-color has-white-background-color has-text-color has-background has-link-color wp-element-button\" href=\"https:\/\/ddo.usac.edu.gt\/wp-content\/uploads\/2024\/03\/Actualizacion-Manual-de-Organizacion-DIGA-marzo-2017.pdf\" style=\"border-radius:10px\" target=\"_blank\" rel=\"noreferrer noopener\"><strong>Descargar Documento PDF<\/strong><\/a><\/div>\n<\/div>\n<\/div>\n<\/div>\n\n\n\n<hr class=\"wp-block-separator has-alpha-channel-opacity\"\/>\n\n\n\n<div class=\"wp-block-columns has-white-color has-text-color has-background has-link-color wp-elements-ce29f41d9ce9ef733818e213bc8f5b53 is-layout-flex wp-container-core-columns-is-layout-9d6595d7 wp-block-columns-is-layout-flex\" style=\"background-color:#006ff4\">\n<div class=\"wp-block-column is-vertically-aligned-center is-layout-flow wp-block-column-is-layout-flow\">\n<h2 class=\"wp-block-heading alignwide has-white-color has-text-color has-link-color has-large-font-size wp-elements-d2729405e9f8cb3c1c1ae43a09fbea43\">Manual de Normas y Procedimientos Vigente<\/h2>\n<\/div>\n\n\n\n<div class=\"wp-block-column is-vertically-aligned-bottom is-layout-flow wp-block-column-is-layout-flow\">\n<div class=\"wp-block-buttons alignwide is-vertical is-content-justification-right is-layout-flex wp-container-core-buttons-is-layout-17ed0cd2 wp-block-buttons-is-layout-flex\">\n<div class=\"wp-block-button\"><a class=\"wp-block-button__link has-black-color has-text-color has-background has-link-color wp-element-button\" href=\"https:\/\/ddo.usac.edu.gt\/wp-content\/uploads\/2024\/03\/MANUAL-DE-NORMAS-Y-PROCEDIMIENTOS-DIGA-Aprobado.pdf\" style=\"border-radius:10px;background-color:#fefefe\" target=\"_blank\" rel=\"noreferrer noopener\"><strong>Descargar Documento PDF<\/strong><\/a><\/div>\n<\/div>\n<\/div>\n<\/div>\n<\/div><\/div>\n","protected":false},"excerpt":{"rendered":"<p>DEFINICI\u00d3N La Direcci\u00f3n General de Administraci\u00f3n es la instancia de Direcci\u00f3n Superior,responsable de planificar, organizar, dirigir, coordinar y supervisar las funcionesadministrativas, t\u00e9cnicas y de servicio de la Universidad de San Carlos de Guatemala, a trav\u00e9s de las unidades que la integran, en apoyo a la docencia, investigaci\u00f3n y extensi\u00f3n de la Universidad de San Carlos [&hellip;]<\/p>\n","protected":false},"author":3,"featured_media":0,"parent":528,"menu_order":0,"comment_status":"closed","ping_status":"closed","template":"","meta":{"iawp_total_views":672,"footnotes":""},"class_list":["post-1221","page","type-page","status-publish","czr-hentry"],"_links":{"self":[{"href":"https:\/\/ddo.usac.edu.gt\/index.php\/wp-json\/wp\/v2\/pages\/1221","targetHints":{"allow":["GET"]}}],"collection":[{"href":"https:\/\/ddo.usac.edu.gt\/index.php\/wp-json\/wp\/v2\/pages"}],"about":[{"href":"https:\/\/ddo.usac.edu.gt\/index.php\/wp-json\/wp\/v2\/types\/page"}],"author":[{"embeddable":true,"href":"https:\/\/ddo.usac.edu.gt\/index.php\/wp-json\/wp\/v2\/users\/3"}],"replies":[{"embeddable":true,"href":"https:\/\/ddo.usac.edu.gt\/index.php\/wp-json\/wp\/v2\/comments?post=1221"}],"version-history":[{"count":1,"href":"https:\/\/ddo.usac.edu.gt\/index.php\/wp-json\/wp\/v2\/pages\/1221\/revisions"}],"predecessor-version":[{"id":1224,"href":"https:\/\/ddo.usac.edu.gt\/index.php\/wp-json\/wp\/v2\/pages\/1221\/revisions\/1224"}],"up":[{"embeddable":true,"href":"https:\/\/ddo.usac.edu.gt\/index.php\/wp-json\/wp\/v2\/pages\/528"}],"wp:attachment":[{"href":"https:\/\/ddo.usac.edu.gt\/index.php\/wp-json\/wp\/v2\/media?parent=1221"}],"curies":[{"name":"wp","href":"https:\/\/api.w.org\/{rel}","templated":true}]}}