{"id":1249,"date":"2024-03-11T18:20:03","date_gmt":"2024-03-11T23:20:03","guid":{"rendered":"https:\/\/ddo.usac.edu.gt\/?page_id=1249"},"modified":"2024-03-11T18:20:04","modified_gmt":"2024-03-11T23:20:04","slug":"direccion-general-de-investigacion-digi","status":"publish","type":"page","link":"https:\/\/ddo.usac.edu.gt\/index.php\/direcciones-generales-2\/direccion-general-de-investigacion-digi\/direccion-general-de-investigacion-digi\/","title":{"rendered":"DIRECCI\u00d3N GENERAL DE INVESTIGACI\u00d3N -DIGI-"},"content":{"rendered":"\n<h2 class=\"wp-block-heading has-white-color has-text-color has-background has-link-color wp-elements-66a029e1b4f75b1c915e70dee5ed14ff\" style=\"background-color:#002944\">DEFINICI\u00d3N<\/h2>\n\n\n\n<div class=\"wp-block-group\"><div class=\"wp-block-group__inner-container is-layout-constrained wp-block-group-is-layout-constrained\">\n<div class=\"wp-block-columns is-layout-flex wp-container-core-columns-is-layout-9d6595d7 wp-block-columns-is-layout-flex\">\n<div class=\"wp-block-column is-vertically-aligned-center is-layout-flow wp-block-column-is-layout-flow\" style=\"flex-basis:300px\"><div class=\"wp-block-image\">\n<figure class=\"aligncenter size-full is-resized\"><img loading=\"lazy\" decoding=\"async\" width=\"394\" height=\"394\" src=\"https:\/\/ddo.usac.edu.gt\/wp-content\/uploads\/2024\/03\/Logo-DIGI.png\" alt=\"\" class=\"wp-image-1141\" style=\"width:250px\" srcset=\"https:\/\/ddo.usac.edu.gt\/wp-content\/uploads\/2024\/03\/Logo-DIGI.png 394w, https:\/\/ddo.usac.edu.gt\/wp-content\/uploads\/2024\/03\/Logo-DIGI-300x300.png 300w, https:\/\/ddo.usac.edu.gt\/wp-content\/uploads\/2024\/03\/Logo-DIGI-150x150.png 150w\" sizes=\"auto, (max-width: 394px) 100vw, 394px\" \/><\/figure>\n<\/div><\/div>\n\n\n\n<div class=\"wp-block-column is-vertically-aligned-center is-layout-flow wp-block-column-is-layout-flow\">\n<p class=\"has-medium-font-size\">La DIGI es el \u00f3rgano coordinador del Sistema de Investigaci\u00f3n, y su finalidad es la ejecuci\u00f3n de las directrices proporcionadas por el Consejo  Coordinador e Impulsor de la Investigaci\u00f3n, as\u00ed como coordinar el desarrollo y divulgaci\u00f3n de la<br>investigaci\u00f3n a trav\u00e9s de los PUI y la cooperaci\u00f3n nacional e internacional.<\/p>\n<\/div>\n<\/div>\n\n\n\n<div class=\"wp-block-columns has-white-color has-text-color has-background has-link-color wp-elements-fb7458cbaa420c5a14efea6cf0d73b02 is-layout-flex wp-container-core-columns-is-layout-9d6595d7 wp-block-columns-is-layout-flex\" style=\"background-color:#00447c\">\n<div class=\"wp-block-column is-vertically-aligned-center is-layout-flow wp-block-column-is-layout-flow\">\n<h2 class=\"wp-block-heading alignwide has-white-color has-text-color has-link-color has-large-font-size wp-elements-6cbe81240a440b3bab719717403476ef\">Manual de Organizaci\u00f3n Vigente<\/h2>\n<\/div>\n\n\n\n<div class=\"wp-block-column is-vertically-aligned-bottom is-layout-flow wp-block-column-is-layout-flow\">\n<div class=\"wp-block-buttons alignwide is-vertical is-content-justification-right is-layout-flex wp-container-core-buttons-is-layout-17ed0cd2 wp-block-buttons-is-layout-flex\">\n<div class=\"wp-block-button is-style-fill\"><a class=\"wp-block-button__link has-black-color has-white-background-color has-text-color has-background has-link-color wp-element-button\" href=\"https:\/\/ddo.usac.edu.gt\/wp-content\/uploads\/2024\/03\/Actualizacion-de-Manual-de-Organizacion-DIGI-2018-Aprobado-2.pdf\" style=\"border-radius:10px\" target=\"_blank\" rel=\"noreferrer noopener\"><strong>Descargar Documento PDF<\/strong><\/a><\/div>\n<\/div>\n<\/div>\n<\/div>\n\n\n\n<hr class=\"wp-block-separator has-alpha-channel-opacity\"\/>\n\n\n\n<div class=\"wp-block-columns has-white-color has-text-color has-background has-link-color wp-elements-0986ec74028f3251d458114792ee3c80 is-layout-flex wp-container-core-columns-is-layout-9d6595d7 wp-block-columns-is-layout-flex\" style=\"background-color:#006ff4\">\n<div class=\"wp-block-column is-vertically-aligned-center is-layout-flow wp-block-column-is-layout-flow\">\n<h2 class=\"wp-block-heading alignwide has-white-color has-text-color has-link-color has-large-font-size wp-elements-d2729405e9f8cb3c1c1ae43a09fbea43\">Manual de Normas y Procedimientos Vigente<\/h2>\n<\/div>\n\n\n\n<div class=\"wp-block-column is-vertically-aligned-bottom is-layout-flow wp-block-column-is-layout-flow\">\n<div class=\"wp-block-buttons alignwide is-vertical is-content-justification-right is-layout-flex wp-container-core-buttons-is-layout-17ed0cd2 wp-block-buttons-is-layout-flex\">\n<div class=\"wp-block-button\"><a class=\"wp-block-button__link has-black-color has-text-color has-background has-link-color wp-element-button\" href=\"https:\/\/ddo.usac.edu.gt\/wp-content\/uploads\/2024\/03\/Manual-normas-y-procedimientos-DIGI-Aprobado.pdf\" style=\"border-radius:10px;background-color:#fefefe\" target=\"_blank\" rel=\"noreferrer noopener\"><strong>Descargar Documento PDF<\/strong><\/a><\/div>\n<\/div>\n<\/div>\n<\/div>\n<\/div><\/div>\n","protected":false},"excerpt":{"rendered":"<p>DEFINICI\u00d3N La DIGI es el \u00f3rgano coordinador del Sistema de Investigaci\u00f3n, y su finalidad es la ejecuci\u00f3n de las directrices proporcionadas por el Consejo Coordinador e Impulsor de la Investigaci\u00f3n, as\u00ed como coordinar el desarrollo y divulgaci\u00f3n de lainvestigaci\u00f3n a trav\u00e9s de los PUI y la cooperaci\u00f3n nacional e internacional. Manual de Organizaci\u00f3n Vigente Manual [&hellip;]<\/p>\n","protected":false},"author":3,"featured_media":0,"parent":525,"menu_order":0,"comment_status":"closed","ping_status":"closed","template":"","meta":{"iawp_total_views":84,"footnotes":""},"class_list":["post-1249","page","type-page","status-publish","czr-hentry"],"_links":{"self":[{"href":"https:\/\/ddo.usac.edu.gt\/index.php\/wp-json\/wp\/v2\/pages\/1249","targetHints":{"allow":["GET"]}}],"collection":[{"href":"https:\/\/ddo.usac.edu.gt\/index.php\/wp-json\/wp\/v2\/pages"}],"about":[{"href":"https:\/\/ddo.usac.edu.gt\/index.php\/wp-json\/wp\/v2\/types\/page"}],"author":[{"embeddable":true,"href":"https:\/\/ddo.usac.edu.gt\/index.php\/wp-json\/wp\/v2\/users\/3"}],"replies":[{"embeddable":true,"href":"https:\/\/ddo.usac.edu.gt\/index.php\/wp-json\/wp\/v2\/comments?post=1249"}],"version-history":[{"count":1,"href":"https:\/\/ddo.usac.edu.gt\/index.php\/wp-json\/wp\/v2\/pages\/1249\/revisions"}],"predecessor-version":[{"id":1252,"href":"https:\/\/ddo.usac.edu.gt\/index.php\/wp-json\/wp\/v2\/pages\/1249\/revisions\/1252"}],"up":[{"embeddable":true,"href":"https:\/\/ddo.usac.edu.gt\/index.php\/wp-json\/wp\/v2\/pages\/525"}],"wp:attachment":[{"href":"https:\/\/ddo.usac.edu.gt\/index.php\/wp-json\/wp\/v2\/media?parent=1249"}],"curies":[{"name":"wp","href":"https:\/\/api.w.org\/{rel}","templated":true}]}}