{"id":1290,"date":"2024-03-11T19:20:02","date_gmt":"2024-03-12T00:20:02","guid":{"rendered":"https:\/\/ddo.usac.edu.gt\/?page_id=1290"},"modified":"2024-03-11T19:20:22","modified_gmt":"2024-03-12T00:20:22","slug":"ejercicio-profesional-supervisado-multiprofesional-epsum","status":"publish","type":"page","link":"https:\/\/ddo.usac.edu.gt\/index.php\/direcciones-generales-2\/direccion-general-de-extension-universitaria-digeu\/ejercicio-profesional-supervisado-multiprofesional-epsum\/","title":{"rendered":"EJERCICIO PROFESIONAL SUPERVISADO MULTIPROFESIONAL -EPSUM-"},"content":{"rendered":"\n<h2 class=\"wp-block-heading has-white-color has-text-color has-background has-link-color wp-elements-66a029e1b4f75b1c915e70dee5ed14ff\" style=\"background-color:#002944\">DEFINICI\u00d3N<\/h2>\n\n\n\n<div class=\"wp-block-group\"><div class=\"wp-block-group__inner-container is-layout-constrained wp-block-group-is-layout-constrained\">\n<div class=\"wp-block-columns is-layout-flex wp-container-core-columns-is-layout-9d6595d7 wp-block-columns-is-layout-flex\">\n<div class=\"wp-block-column is-vertically-aligned-center is-layout-flow wp-block-column-is-layout-flow\" style=\"flex-basis:300px\"><div class=\"wp-block-image\">\n<figure class=\"aligncenter size-full is-resized\"><img loading=\"lazy\" decoding=\"async\" width=\"2378\" height=\"1076\" src=\"https:\/\/ddo.usac.edu.gt\/wp-content\/uploads\/2024\/03\/Logo-EPSUM.png\" alt=\"\" class=\"wp-image-1163\" style=\"width:316px;height:auto\" srcset=\"https:\/\/ddo.usac.edu.gt\/wp-content\/uploads\/2024\/03\/Logo-EPSUM.png 2378w, https:\/\/ddo.usac.edu.gt\/wp-content\/uploads\/2024\/03\/Logo-EPSUM-300x136.png 300w, https:\/\/ddo.usac.edu.gt\/wp-content\/uploads\/2024\/03\/Logo-EPSUM-1024x463.png 1024w, https:\/\/ddo.usac.edu.gt\/wp-content\/uploads\/2024\/03\/Logo-EPSUM-768x348.png 768w, https:\/\/ddo.usac.edu.gt\/wp-content\/uploads\/2024\/03\/Logo-EPSUM-1536x695.png 1536w, https:\/\/ddo.usac.edu.gt\/wp-content\/uploads\/2024\/03\/Logo-EPSUM-2048x927.png 2048w\" sizes=\"auto, (max-width: 2378px) 100vw, 2378px\" \/><\/figure>\n<\/div><\/div>\n\n\n\n<div class=\"wp-block-column is-vertically-aligned-center is-layout-flow wp-block-column-is-layout-flow\">\n<p class=\"has-medium-font-size\">Es una unidad t\u00e9cnica-administrativa, docente y de servicio, encargada de coordinar el Ejercicio Profesional Supervisado -EPS-, en el que participan estudiantes de todas las unidades acad\u00e9micas de la Universidad de San Carlos de Guatemala y son asignados a<br>dar apoyo t\u00e9cnico en poblaciones del \u00e1rea rural e instituciones gubernamentales y no<br>gubernamentales. Estos equipos de trabajo en forma conjunta implementan soluciones a problemas espec\u00edficos.<\/p>\n<\/div>\n<\/div>\n\n\n\n<div class=\"wp-block-columns has-white-color has-text-color has-background has-link-color wp-elements-c283e27c2e7d1cc039545e3ce1cdeeaf is-layout-flex wp-container-core-columns-is-layout-9d6595d7 wp-block-columns-is-layout-flex\" style=\"background-color:#00447c\">\n<div class=\"wp-block-column is-vertically-aligned-center is-layout-flow wp-block-column-is-layout-flow\">\n<h2 class=\"wp-block-heading alignwide has-white-color has-text-color has-link-color has-large-font-size wp-elements-6cbe81240a440b3bab719717403476ef\">Manual de Organizaci\u00f3n Vigente<\/h2>\n<\/div>\n\n\n\n<div class=\"wp-block-column is-vertically-aligned-bottom is-layout-flow wp-block-column-is-layout-flow\">\n<div class=\"wp-block-buttons alignwide is-vertical is-content-justification-right is-layout-flex wp-container-core-buttons-is-layout-17ed0cd2 wp-block-buttons-is-layout-flex\">\n<div class=\"wp-block-button is-style-fill\"><a class=\"wp-block-button__link has-black-color has-white-background-color has-text-color has-background has-link-color wp-element-button\" href=\"https:\/\/ddo.usac.edu.gt\/wp-content\/uploads\/2024\/03\/Manual-Org-actualizado-EPSUM-05-2016.pdf\" style=\"border-radius:10px\" target=\"_blank\" rel=\"noreferrer noopener\"><strong>Descargar Documento PDF<\/strong><\/a><\/div>\n<\/div>\n<\/div>\n<\/div>\n\n\n\n<hr class=\"wp-block-separator has-alpha-channel-opacity\"\/>\n\n\n\n<div class=\"wp-block-columns has-white-color has-text-color has-background has-link-color wp-elements-01e838d228be149e55063e2e4497609e is-layout-flex wp-container-core-columns-is-layout-9d6595d7 wp-block-columns-is-layout-flex\" style=\"background-color:#006ff4\">\n<div class=\"wp-block-column is-vertically-aligned-center is-layout-flow wp-block-column-is-layout-flow\">\n<h2 class=\"wp-block-heading alignwide has-white-color has-text-color has-link-color has-large-font-size wp-elements-d2729405e9f8cb3c1c1ae43a09fbea43\">Manual de Normas y Procedimientos Vigente<\/h2>\n<\/div>\n\n\n\n<div class=\"wp-block-column is-vertically-aligned-bottom is-layout-flow wp-block-column-is-layout-flow\">\n<div class=\"wp-block-buttons alignwide is-vertical is-content-justification-right is-layout-flex wp-container-core-buttons-is-layout-17ed0cd2 wp-block-buttons-is-layout-flex\">\n<div class=\"wp-block-button\"><a class=\"wp-block-button__link has-black-color has-text-color has-background has-link-color wp-element-button\" href=\"https:\/\/ddo.usac.edu.gt\/wp-content\/uploads\/2024\/03\/Actaulizacion-Manual-Normas-y-Procedimientos-EPSUM-Aprobado-septiembre-2020.pdf\" style=\"border-radius:10px;background-color:#fefefe\" target=\"_blank\" rel=\"noreferrer noopener\"><strong>Descargar Documento PDF<\/strong><\/a><\/div>\n<\/div>\n<\/div>\n<\/div>\n<\/div><\/div>\n","protected":false},"excerpt":{"rendered":"<p>DEFINICI\u00d3N Es una unidad t\u00e9cnica-administrativa, docente y de servicio, encargada de coordinar el Ejercicio Profesional Supervisado -EPS-, en el que participan estudiantes de todas las unidades acad\u00e9micas de la Universidad de San Carlos de Guatemala y son asignados adar apoyo t\u00e9cnico en poblaciones del \u00e1rea rural e instituciones gubernamentales y nogubernamentales. Estos equipos de trabajo [&hellip;]<\/p>\n","protected":false},"author":3,"featured_media":0,"parent":530,"menu_order":0,"comment_status":"closed","ping_status":"closed","template":"","meta":{"iawp_total_views":50,"footnotes":""},"class_list":["post-1290","page","type-page","status-publish","czr-hentry"],"_links":{"self":[{"href":"https:\/\/ddo.usac.edu.gt\/index.php\/wp-json\/wp\/v2\/pages\/1290","targetHints":{"allow":["GET"]}}],"collection":[{"href":"https:\/\/ddo.usac.edu.gt\/index.php\/wp-json\/wp\/v2\/pages"}],"about":[{"href":"https:\/\/ddo.usac.edu.gt\/index.php\/wp-json\/wp\/v2\/types\/page"}],"author":[{"embeddable":true,"href":"https:\/\/ddo.usac.edu.gt\/index.php\/wp-json\/wp\/v2\/users\/3"}],"replies":[{"embeddable":true,"href":"https:\/\/ddo.usac.edu.gt\/index.php\/wp-json\/wp\/v2\/comments?post=1290"}],"version-history":[{"count":1,"href":"https:\/\/ddo.usac.edu.gt\/index.php\/wp-json\/wp\/v2\/pages\/1290\/revisions"}],"predecessor-version":[{"id":1294,"href":"https:\/\/ddo.usac.edu.gt\/index.php\/wp-json\/wp\/v2\/pages\/1290\/revisions\/1294"}],"up":[{"embeddable":true,"href":"https:\/\/ddo.usac.edu.gt\/index.php\/wp-json\/wp\/v2\/pages\/530"}],"wp:attachment":[{"href":"https:\/\/ddo.usac.edu.gt\/index.php\/wp-json\/wp\/v2\/media?parent=1290"}],"curies":[{"name":"wp","href":"https:\/\/api.w.org\/{rel}","templated":true}]}}