{"id":1472,"date":"2024-03-13T14:56:35","date_gmt":"2024-03-13T19:56:35","guid":{"rendered":"https:\/\/ddo.usac.edu.gt\/?page_id=1472"},"modified":"2024-03-14T09:58:30","modified_gmt":"2024-03-14T14:58:30","slug":"coordinadora-de-informacion-publica-cip","status":"publish","type":"page","link":"https:\/\/ddo.usac.edu.gt\/index.php\/administracion-central\/secretaria-general\/coordinadora-de-informacion-publica-cip\/","title":{"rendered":"COORDINADORA DE INFORMACI\u00d3N P\u00daBLICA -CIP-"},"content":{"rendered":"\n<h2 class=\"wp-block-heading has-white-color has-text-color has-background has-link-color wp-elements-66a029e1b4f75b1c915e70dee5ed14ff\" style=\"background-color:#002944\">DEFINICI\u00d3N<\/h2>\n\n\n\n<div class=\"wp-block-group\"><div class=\"wp-block-group__inner-container is-layout-constrained wp-block-group-is-layout-constrained\">\n<div class=\"wp-block-columns is-layout-flex wp-container-core-columns-is-layout-9d6595d7 wp-block-columns-is-layout-flex\">\n<div class=\"wp-block-column is-vertically-aligned-center is-layout-flow wp-block-column-is-layout-flow\" style=\"flex-basis:300px\"><div class=\"wp-block-image\">\n<figure class=\"aligncenter size-full is-resized\"><img loading=\"lazy\" decoding=\"async\" width=\"225\" height=\"225\" src=\"https:\/\/ddo.usac.edu.gt\/wp-content\/uploads\/2024\/03\/Logo-CIP.jpg\" alt=\"\" class=\"wp-image-642\" style=\"width:250px\" srcset=\"https:\/\/ddo.usac.edu.gt\/wp-content\/uploads\/2024\/03\/Logo-CIP.jpg 225w, https:\/\/ddo.usac.edu.gt\/wp-content\/uploads\/2024\/03\/Logo-CIP-150x150.jpg 150w\" sizes=\"auto, (max-width: 225px) 100vw, 225px\" \/><\/figure>\n<\/div><\/div>\n\n\n\n<div class=\"wp-block-column is-vertically-aligned-center is-layout-flow wp-block-column-is-layout-flow\">\n<p class=\"has-medium-font-size\">Es la instancia t\u00e9cnico-administrativa de la Universidad de San Carlos de Guatemala, responsable de garantizar a toda persona natural o jur\u00eddica el acceso a la informaci\u00f3n p\u00fablica acad\u00e9mico-administrativa y actos de los funcionarios de la Universidad, que consten en archivos, fichas, registros, base, banco o cualquier otra forma de almacenamiento de datos, procurando la adecuada protecci\u00f3n de los mismos, con el objetivo de que prevalezcan en todo momento los principios de transparencia y acceso a la informaci\u00f3n contemplados en Ley.<\/p>\n<\/div>\n<\/div>\n\n\n\n<div class=\"wp-block-columns has-white-color has-text-color has-background has-link-color wp-elements-13fea84a7c3c5b099927b498fba29801 is-layout-flex wp-container-core-columns-is-layout-9d6595d7 wp-block-columns-is-layout-flex\" style=\"background-color:#00447c\">\n<div class=\"wp-block-column is-vertically-aligned-center is-layout-flow wp-block-column-is-layout-flow\">\n<h2 class=\"wp-block-heading alignwide has-white-color has-text-color has-link-color has-large-font-size wp-elements-6cbe81240a440b3bab719717403476ef\">Manual de Organizaci\u00f3n Vigente<\/h2>\n<\/div>\n\n\n\n<div class=\"wp-block-column is-vertically-aligned-bottom is-layout-flow wp-block-column-is-layout-flow\">\n<div class=\"wp-block-buttons alignwide is-vertical is-content-justification-right is-layout-flex wp-container-core-buttons-is-layout-17ed0cd2 wp-block-buttons-is-layout-flex\">\n<div class=\"wp-block-button is-style-fill\"><a class=\"wp-block-button__link has-black-color has-white-background-color has-text-color has-background has-link-color wp-element-button\" href=\"https:\/\/ddo.usac.edu.gt\/wp-content\/uploads\/2023\/06\/M-O-CIP-2016.pdf\" style=\"border-radius:10px\" target=\"_blank\" rel=\"noreferrer noopener\"><strong>Descargar Documento PDF<\/strong><\/a><\/div>\n<\/div>\n<\/div>\n<\/div>\n\n\n\n<hr class=\"wp-block-separator has-alpha-channel-opacity\"\/>\n\n\n\n<div class=\"wp-block-columns has-white-color has-text-color has-background has-link-color wp-elements-9553195f560a7ca00332226f3f615243 is-layout-flex wp-container-core-columns-is-layout-9d6595d7 wp-block-columns-is-layout-flex\" style=\"background-color:#006ff4\">\n<div class=\"wp-block-column is-vertically-aligned-center is-layout-flow wp-block-column-is-layout-flow\">\n<h2 class=\"wp-block-heading alignwide has-white-color has-text-color has-link-color has-large-font-size wp-elements-d2729405e9f8cb3c1c1ae43a09fbea43\">Manual de Normas y Procedimientos Vigente<\/h2>\n<\/div>\n\n\n\n<div class=\"wp-block-column is-vertically-aligned-bottom is-layout-flow wp-block-column-is-layout-flow\">\n<div class=\"wp-block-buttons alignwide is-vertical is-content-justification-right is-layout-flex wp-container-core-buttons-is-layout-17ed0cd2 wp-block-buttons-is-layout-flex\">\n<div class=\"wp-block-button\"><a class=\"wp-block-button__link has-black-color has-text-color has-background has-link-color wp-element-button\" href=\"https:\/\/ddo.usac.edu.gt\/wp-content\/uploads\/2024\/03\/Manual-de-Normas-y-Procedimientos-CIP-Aprobado-Sep-2020.pdf\" style=\"border-radius:10px;background-color:#fefefe\" target=\"_blank\" rel=\"noreferrer noopener\"><strong>Descargar Documento PDF<\/strong><\/a><\/div>\n<\/div>\n<\/div>\n<\/div>\n<\/div><\/div>\n","protected":false},"excerpt":{"rendered":"<p>DEFINICI\u00d3N Es la instancia t\u00e9cnico-administrativa de la Universidad de San Carlos de Guatemala, responsable de garantizar a toda persona natural o jur\u00eddica el acceso a la informaci\u00f3n p\u00fablica acad\u00e9mico-administrativa y actos de los funcionarios de la Universidad, que consten en archivos, fichas, registros, base, banco o cualquier otra forma de almacenamiento de datos, procurando la [&hellip;]<\/p>\n","protected":false},"author":3,"featured_media":0,"parent":203,"menu_order":0,"comment_status":"closed","ping_status":"closed","template":"","meta":{"iawp_total_views":177,"footnotes":""},"class_list":["post-1472","page","type-page","status-publish","czr-hentry"],"_links":{"self":[{"href":"https:\/\/ddo.usac.edu.gt\/index.php\/wp-json\/wp\/v2\/pages\/1472","targetHints":{"allow":["GET"]}}],"collection":[{"href":"https:\/\/ddo.usac.edu.gt\/index.php\/wp-json\/wp\/v2\/pages"}],"about":[{"href":"https:\/\/ddo.usac.edu.gt\/index.php\/wp-json\/wp\/v2\/types\/page"}],"author":[{"embeddable":true,"href":"https:\/\/ddo.usac.edu.gt\/index.php\/wp-json\/wp\/v2\/users\/3"}],"replies":[{"embeddable":true,"href":"https:\/\/ddo.usac.edu.gt\/index.php\/wp-json\/wp\/v2\/comments?post=1472"}],"version-history":[{"count":2,"href":"https:\/\/ddo.usac.edu.gt\/index.php\/wp-json\/wp\/v2\/pages\/1472\/revisions"}],"predecessor-version":[{"id":1496,"href":"https:\/\/ddo.usac.edu.gt\/index.php\/wp-json\/wp\/v2\/pages\/1472\/revisions\/1496"}],"up":[{"embeddable":true,"href":"https:\/\/ddo.usac.edu.gt\/index.php\/wp-json\/wp\/v2\/pages\/203"}],"wp:attachment":[{"href":"https:\/\/ddo.usac.edu.gt\/index.php\/wp-json\/wp\/v2\/media?parent=1472"}],"curies":[{"name":"wp","href":"https:\/\/api.w.org\/{rel}","templated":true}]}}