{"id":153,"date":"2023-06-14T12:08:15","date_gmt":"2023-06-14T17:08:15","guid":{"rendered":"https:\/\/ddo.usac.edu.gt\/?page_id=153"},"modified":"2025-03-18T10:15:10","modified_gmt":"2025-03-18T15:15:10","slug":"coordinadora-general-de-cooperacion","status":"publish","type":"page","link":"https:\/\/ddo.usac.edu.gt\/index.php\/administracion-central\/rectoria\/coordinadora-general-de-cooperacion\/","title":{"rendered":"COORDINADORA GENERAL DE COOPERACI\u00d3N"},"content":{"rendered":"\n<p><strong>Sitio Web:<\/strong> <a href=\"https:\/\/cooperacioninternacional.usac.edu.gt\" target=\"_blank\" rel=\"noreferrer noopener\">https:\/\/cooperacioninternacional.usac.edu.gt<\/a><\/p>\n\n\n\n<h2 class=\"wp-block-heading has-white-color has-text-color has-background has-link-color wp-elements-66a029e1b4f75b1c915e70dee5ed14ff\" style=\"background-color:#002944\">DEFINICI\u00d3N<\/h2>\n\n\n\n<div class=\"wp-block-group\"><div class=\"wp-block-group__inner-container is-layout-constrained wp-block-group-is-layout-constrained\">\n<div class=\"wp-block-columns is-layout-flex wp-container-core-columns-is-layout-9d6595d7 wp-block-columns-is-layout-flex\">\n<div class=\"wp-block-column is-vertically-aligned-center is-layout-flow wp-block-column-is-layout-flow\" style=\"flex-basis:300px\"><div class=\"wp-block-image\">\n<figure class=\"aligncenter size-full is-resized\"><img loading=\"lazy\" decoding=\"async\" width=\"300\" height=\"300\" src=\"https:\/\/ddo.usac.edu.gt\/wp-content\/uploads\/2024\/02\/logoCGP2024-1.png\" alt=\"\" class=\"wp-image-466\" style=\"width:250px\" srcset=\"https:\/\/ddo.usac.edu.gt\/wp-content\/uploads\/2024\/02\/logoCGP2024-1.png 300w, https:\/\/ddo.usac.edu.gt\/wp-content\/uploads\/2024\/02\/logoCGP2024-1-150x150.png 150w\" sizes=\"auto, (max-width: 300px) 100vw, 300px\" \/><\/figure>\n<\/div><\/div>\n\n\n\n<div class=\"wp-block-column is-vertically-aligned-center is-layout-flow wp-block-column-is-layout-flow\">\n<p class=\"has-medium-font-size\">La Coordinadora General de Cooperaci\u00f3n es la unidad t\u00e9cnica y administrativa de la Universidad de San Carlos de Guatemala, responsable de coordinar todas las actividades a nivel nacional e internacional conforme al reglamento para la gesti\u00f3n, negociaci\u00f3n y suscripci\u00f3n de instrumentos de cooperaci\u00f3n para el desarrollo universitario. Asimismo, facilita y supervisa la cooperaci\u00f3n y relaciones tanto nacionales como internacionales, as\u00ed como el intercambio acad\u00e9mico con instituciones de educaci\u00f3n superior, fundaciones, organismos y entidades diplom\u00e1ticas, tanto nacionales como internacionales. Todo esto con el prop\u00f3sito de contribuir al logro de la misi\u00f3n institucional. Las pol\u00edticas y procedimientos internos que orientan el trabajo de la Coordinadora General de Cooperaci\u00f3n incluyen aspectos como la toma de decisiones, la coordinaci\u00f3n de programas de cooperaci\u00f3n, la gesti\u00f3n de proyectos, la promoci\u00f3n de alianzas estrat\u00e9gicas y la gesti\u00f3n de relaciones con organismos tanto nacionales como internacionales.<\/p>\n<\/div>\n<\/div>\n\n\n\n<hr class=\"wp-block-separator has-alpha-channel-opacity\"\/>\n\n\n\n<div class=\"wp-block-columns has-white-color has-text-color has-background has-link-color wp-elements-2058c64ef8905395987e72498fae44d5 is-layout-flex wp-container-core-columns-is-layout-9d6595d7 wp-block-columns-is-layout-flex\" style=\"background-color:#00447c\">\n<div class=\"wp-block-column is-vertically-aligned-center is-layout-flow wp-block-column-is-layout-flow\">\n<h2 class=\"wp-block-heading alignwide has-white-color has-text-color has-link-color has-large-font-size wp-elements-6cbe81240a440b3bab719717403476ef\">Manual de Organizaci\u00f3n Vigente<\/h2>\n<\/div>\n\n\n\n<div class=\"wp-block-column is-vertically-aligned-bottom is-layout-flow wp-block-column-is-layout-flow\">\n<div class=\"wp-block-buttons alignwide is-vertical is-content-justification-right is-layout-flex wp-container-core-buttons-is-layout-17ed0cd2 wp-block-buttons-is-layout-flex\">\n<div class=\"wp-block-button is-style-fill\"><a class=\"wp-block-button__link has-black-color has-white-background-color has-text-color has-background has-link-color wp-element-button\" href=\"https:\/\/ddo.usac.edu.gt\/wp-content\/uploads\/2024\/08\/Actualizacion-Manual-Organizacion-Cooperacion-Aprobado-Agosto-2024.pdf\" style=\"border-radius:10px\" target=\"_blank\" rel=\"noreferrer noopener\"><strong>Descargar Documento PDF<\/strong><\/a><\/div>\n<\/div>\n<\/div>\n<\/div>\n\n\n\n<hr class=\"wp-block-separator has-alpha-channel-opacity\"\/>\n\n\n\n<div class=\"wp-block-columns has-white-color has-text-color has-background has-link-color wp-elements-f429f010b5560b62a5a28b0aa75c186c is-layout-flex wp-container-core-columns-is-layout-9d6595d7 wp-block-columns-is-layout-flex\" style=\"background-color:#00447c\">\n<div class=\"wp-block-column is-vertically-aligned-center is-layout-flow wp-block-column-is-layout-flow\">\n<h2 class=\"wp-block-heading alignwide has-white-color has-text-color has-link-color has-large-font-size wp-elements-0470489f701fee36b7ede7cc7dd59478\">Manual de Normas y Perocedimientos Vigente<\/h2>\n<\/div>\n\n\n\n<div class=\"wp-block-column is-vertically-aligned-bottom is-layout-flow wp-block-column-is-layout-flow\">\n<div class=\"wp-block-buttons alignwide is-vertical is-content-justification-right is-layout-flex wp-container-core-buttons-is-layout-17ed0cd2 wp-block-buttons-is-layout-flex\">\n<div class=\"wp-block-button is-style-fill\"><a class=\"wp-block-button__link has-black-color has-white-background-color has-text-color has-background has-link-color wp-element-button\" style=\"border-radius:10px\"><strong>Descargar Documento PDF<\/strong><\/a><\/div>\n<\/div>\n<\/div>\n<\/div>\n<\/div><\/div>\n\n\n\n<p><\/p>\n","protected":false},"excerpt":{"rendered":"<p>Sitio Web: https:\/\/cooperacioninternacional.usac.edu.gt DEFINICI\u00d3N La Coordinadora General de Cooperaci\u00f3n es la unidad t\u00e9cnica y administrativa de la Universidad de San Carlos de Guatemala, responsable de coordinar todas las actividades a nivel nacional e internacional conforme al reglamento para la gesti\u00f3n, negociaci\u00f3n y suscripci\u00f3n de instrumentos de cooperaci\u00f3n para el desarrollo universitario. Asimismo, facilita y supervisa [&hellip;]<\/p>\n","protected":false},"author":1,"featured_media":0,"parent":122,"menu_order":0,"comment_status":"closed","ping_status":"closed","template":"","meta":{"iawp_total_views":66,"footnotes":""},"class_list":["post-153","page","type-page","status-publish","czr-hentry"],"_links":{"self":[{"href":"https:\/\/ddo.usac.edu.gt\/index.php\/wp-json\/wp\/v2\/pages\/153","targetHints":{"allow":["GET"]}}],"collection":[{"href":"https:\/\/ddo.usac.edu.gt\/index.php\/wp-json\/wp\/v2\/pages"}],"about":[{"href":"https:\/\/ddo.usac.edu.gt\/index.php\/wp-json\/wp\/v2\/types\/page"}],"author":[{"embeddable":true,"href":"https:\/\/ddo.usac.edu.gt\/index.php\/wp-json\/wp\/v2\/users\/1"}],"replies":[{"embeddable":true,"href":"https:\/\/ddo.usac.edu.gt\/index.php\/wp-json\/wp\/v2\/comments?post=153"}],"version-history":[{"count":11,"href":"https:\/\/ddo.usac.edu.gt\/index.php\/wp-json\/wp\/v2\/pages\/153\/revisions"}],"predecessor-version":[{"id":2381,"href":"https:\/\/ddo.usac.edu.gt\/index.php\/wp-json\/wp\/v2\/pages\/153\/revisions\/2381"}],"up":[{"embeddable":true,"href":"https:\/\/ddo.usac.edu.gt\/index.php\/wp-json\/wp\/v2\/pages\/122"}],"wp:attachment":[{"href":"https:\/\/ddo.usac.edu.gt\/index.php\/wp-json\/wp\/v2\/media?parent=153"}],"curies":[{"name":"wp","href":"https:\/\/api.w.org\/{rel}","templated":true}]}}