{"id":16,"date":"2022-04-04T15:05:49","date_gmt":"2022-04-04T20:05:49","guid":{"rendered":"https:\/\/ddo.usac.edu.gt\/\/?page_id=16"},"modified":"2024-03-14T17:54:29","modified_gmt":"2024-03-14T22:54:29","slug":"marco-juridico","status":"publish","type":"page","link":"https:\/\/ddo.usac.edu.gt\/index.php\/marco-juridico\/","title":{"rendered":"MARCO JUR\u00cdDICO"},"content":{"rendered":"\n<h2 class=\"wp-block-heading has-white-color has-text-color has-background has-link-color wp-elements-0d7c9978059eb92eafcb0d604f71b8ac\" style=\"background-color:#002944\">MARCO JUR\u00cdDICO<\/h2>\n\n\n\n<div class=\"wp-block-group\"><div class=\"wp-block-group__inner-container is-layout-constrained wp-block-group-is-layout-constrained\">\n<hr class=\"wp-block-separator has-alpha-channel-opacity\"\/>\n<\/div><\/div>\n\n\n\n<div class=\"wp-block-group\"><div class=\"wp-block-group__inner-container is-layout-constrained wp-block-group-is-layout-constrained\">\n<div class=\"wp-block-columns is-layout-flex wp-container-core-columns-is-layout-9d6595d7 wp-block-columns-is-layout-flex\">\n<div class=\"wp-block-column is-vertically-aligned-center is-layout-flow wp-block-column-is-layout-flow\" style=\"flex-basis:300px\"><div class=\"wp-block-image\">\n<figure class=\"aligncenter size-full is-resized\"><img loading=\"lazy\" decoding=\"async\" width=\"513\" height=\"504\" src=\"https:\/\/ddo.usac.edu.gt\/wp-content\/uploads\/2024\/03\/Marco-Juridico.png\" alt=\"\" class=\"wp-image-1330\" style=\"width:332px;height:auto\" srcset=\"https:\/\/ddo.usac.edu.gt\/wp-content\/uploads\/2024\/03\/Marco-Juridico.png 513w, https:\/\/ddo.usac.edu.gt\/wp-content\/uploads\/2024\/03\/Marco-Juridico-300x295.png 300w\" sizes=\"auto, (max-width: 513px) 100vw, 513px\" \/><\/figure>\n<\/div><\/div>\n\n\n\n<div class=\"wp-block-column is-vertically-aligned-center is-layout-flow wp-block-column-is-layout-flow\">\n<ol class=\"wp-block-list\">\n<li>La Divisi\u00f3n de Organizaci\u00f3n y M\u00e9todos fue creada por Acuerdo de Rector\u00eda No. 9,349, de fecha 19 de marzo de 1975.<\/li>\n\n\n\n<li>La Divisi\u00f3n de Organizaci\u00f3n y M\u00e9todos por Acuerdo de Rector\u00eda No. 10,005 de fecha 6 de mayo de 1976, modifica su denominaci\u00f3n a Divisi\u00f3n de Organizaci\u00f3n, Sistemas y M\u00e9todos.<\/li>\n\n\n\n<li>Divisi\u00f3n de Organizaci\u00f3n, Sistemas y M\u00e9todos por Acuerdo de Rector\u00eda No. 725-79, de fecha 16 de agosto de 1979 retoma su denominaci\u00f3n a de la Divisi\u00f3n de Organizaci\u00f3n y M\u00e9todos.<\/li>\n\n\n\n<li>El Consejo Superior Universitario en Punto S\u00c9PTIMO del Acta No. 34-81, de fecha 28 de octubre de 1981, integra a la Divisi\u00f3n de Organizaci\u00f3n y M\u00e9todos a la estructura organizativa de la Direcci\u00f3n General de Administraci\u00f3n.<\/li>\n\n\n\n<li class=\"article .entry-content p, ul li { text-align: justify; }\">La Divisi\u00f3n de Organizaci\u00f3n y M\u00e9todos por Acuerdo de Rector\u00eda No. 071-2001, de fecha 9 de febrero del a\u00f1o 2001, cambia su denominaci\u00f3n a Divisi\u00f3n de Desarrollo Organizacional.<\/li>\n\n\n\n<li>Manual de Organizaci\u00f3n de la Divisi\u00f3n de Desarrollo Organizacional, aprobado mediante Acuerdo de Rector\u00eda No. 071-2001, de fecha 9 de febrero de 2001.<\/li>\n\n\n\n<li>Actualizaci\u00f3n del Manual de Organizaci\u00f3n de la Divisi\u00f3n de Desarrollo Organizacional, aprobado mediante Acuerdo de Rector\u00eda No. 743-2006, de fecha 14 de junio de 2006.<\/li>\n\n\n\n<li>Actualizaci\u00f3n del Manual de Organizaci\u00f3n de la Divisi\u00f3n de Desarrollo Organizacional, aprobado mediante Acuerdo de Rector\u00eda No. 0248-2019, de fecha 08 de marzo de 2019.<\/li>\n<\/ol>\n<\/div>\n<\/div>\n\n\n\n<hr class=\"wp-block-separator has-alpha-channel-opacity\"\/>\n<\/div><\/div>\n","protected":false},"excerpt":{"rendered":"<p>MARCO JUR\u00cdDICO<\/p>\n","protected":false},"author":1,"featured_media":0,"parent":0,"menu_order":0,"comment_status":"closed","ping_status":"closed","template":"","meta":{"iawp_total_views":238,"footnotes":""},"class_list":["post-16","page","type-page","status-publish","czr-hentry"],"_links":{"self":[{"href":"https:\/\/ddo.usac.edu.gt\/index.php\/wp-json\/wp\/v2\/pages\/16","targetHints":{"allow":["GET"]}}],"collection":[{"href":"https:\/\/ddo.usac.edu.gt\/index.php\/wp-json\/wp\/v2\/pages"}],"about":[{"href":"https:\/\/ddo.usac.edu.gt\/index.php\/wp-json\/wp\/v2\/types\/page"}],"author":[{"embeddable":true,"href":"https:\/\/ddo.usac.edu.gt\/index.php\/wp-json\/wp\/v2\/users\/1"}],"replies":[{"embeddable":true,"href":"https:\/\/ddo.usac.edu.gt\/index.php\/wp-json\/wp\/v2\/comments?post=16"}],"version-history":[{"count":16,"href":"https:\/\/ddo.usac.edu.gt\/index.php\/wp-json\/wp\/v2\/pages\/16\/revisions"}],"predecessor-version":[{"id":1600,"href":"https:\/\/ddo.usac.edu.gt\/index.php\/wp-json\/wp\/v2\/pages\/16\/revisions\/1600"}],"wp:attachment":[{"href":"https:\/\/ddo.usac.edu.gt\/index.php\/wp-json\/wp\/v2\/media?parent=16"}],"curies":[{"name":"wp","href":"https:\/\/api.w.org\/{rel}","templated":true}]}}