{"id":1735,"date":"2024-03-15T15:49:02","date_gmt":"2024-03-15T20:49:02","guid":{"rendered":"https:\/\/ddo.usac.edu.gt\/?page_id=1735"},"modified":"2024-11-22T12:23:17","modified_gmt":"2024-11-22T17:23:17","slug":"cultura-organizacional","status":"publish","type":"page","link":"https:\/\/ddo.usac.edu.gt\/index.php\/cultura-organizacional\/","title":{"rendered":"CULTURA ORGANIZACIONAL"},"content":{"rendered":"\n<h2 class=\"wp-block-heading has-white-color has-text-color has-background has-link-color wp-elements-0c1d0322b6f118cc1c1b70688778832a\" style=\"background-color:#002944\">CULTURA ORGANIZACIONAL USAC<\/h2>\n\n\n\n<hr class=\"wp-block-separator has-alpha-channel-opacity\"\/>\n\n\n\n<figure class=\"wp-block-image size-large\"><img loading=\"lazy\" decoding=\"async\" width=\"1024\" height=\"576\" src=\"https:\/\/ddo.usac.edu.gt\/wp-content\/uploads\/2024\/11\/WhatsApp-Image-2024-11-22-at-10.12.08-AM-1024x576.jpeg\" alt=\"\" class=\"wp-image-2299\" srcset=\"https:\/\/ddo.usac.edu.gt\/wp-content\/uploads\/2024\/11\/WhatsApp-Image-2024-11-22-at-10.12.08-AM-1024x576.jpeg 1024w, https:\/\/ddo.usac.edu.gt\/wp-content\/uploads\/2024\/11\/WhatsApp-Image-2024-11-22-at-10.12.08-AM-300x169.jpeg 300w, https:\/\/ddo.usac.edu.gt\/wp-content\/uploads\/2024\/11\/WhatsApp-Image-2024-11-22-at-10.12.08-AM-768x432.jpeg 768w, https:\/\/ddo.usac.edu.gt\/wp-content\/uploads\/2024\/11\/WhatsApp-Image-2024-11-22-at-10.12.08-AM-1536x864.jpeg 1536w, https:\/\/ddo.usac.edu.gt\/wp-content\/uploads\/2024\/11\/WhatsApp-Image-2024-11-22-at-10.12.08-AM-1110x624.jpeg 1110w, https:\/\/ddo.usac.edu.gt\/wp-content\/uploads\/2024\/11\/WhatsApp-Image-2024-11-22-at-10.12.08-AM-528x297.jpeg 528w, https:\/\/ddo.usac.edu.gt\/wp-content\/uploads\/2024\/11\/WhatsApp-Image-2024-11-22-at-10.12.08-AM.jpeg 1600w\" sizes=\"auto, (max-width: 1024px) 100vw, 1024px\" \/><\/figure>\n\n\n\n<div class=\"wp-block-group\"><div class=\"wp-block-group__inner-container is-layout-constrained wp-block-group-is-layout-constrained\">\n<div class=\"wp-block-columns is-layout-flex wp-container-core-columns-is-layout-9d6595d7 wp-block-columns-is-layout-flex\">\n<div class=\"wp-block-column is-vertically-aligned-center is-layout-flow wp-block-column-is-layout-flow\">\n<p class=\"has-medium-font-size\">Conjunto de creencias, valores, tradiciones, h\u00e1bitos, normas, actitudes y conductas que dan identidad, personalidad y destino a una organizaci\u00f3n para el logro de sus fines y que hacen de ella su forma de comportamiento.<\/p>\n\n\n\n<p>Fuente: Gesti\u00f3n del talento humano. Chiavenato, Idalberto (2002)<\/p>\n\n\n\n<p><\/p>\n\n\n\n<p><\/p>\n<\/div>\n<\/div>\n\n\n\n<div class=\"wp-block-columns has-white-color has-text-color has-background has-link-color wp-elements-5156f85181db3b38d7f10f55ca89e1f7 is-layout-flex wp-container-core-columns-is-layout-9d6595d7 wp-block-columns-is-layout-flex\" style=\"background-color:#00447c\">\n<div class=\"wp-block-column is-vertically-aligned-center is-layout-flow wp-block-column-is-layout-flow\">\n<h2 class=\"wp-block-heading alignwide has-white-color has-text-color has-link-color has-large-font-size wp-elements-725155a0b95ef0b2160bcbf5903bfc61\">DOCUMENTOS DE CULTURA<\/h2>\n<\/div>\n<\/div>\n\n\n\n<div class=\"wp-block-columns are-vertically-aligned-center is-layout-flex wp-container-core-columns-is-layout-9d6595d7 wp-block-columns-is-layout-flex\">\n<div class=\"wp-block-column is-vertically-aligned-center is-layout-flow wp-block-column-is-layout-flow\">\n<h4 class=\"wp-block-heading has-text-align-left has-medium-font-size\"><strong>ESTUDIO DE LA CARACTERIZACI\u00d3N DE LA CULTURA DE LA USAC<\/strong><\/h4>\n<\/div>\n\n\n\n<div class=\"wp-block-column is-vertically-aligned-center is-layout-flow wp-block-column-is-layout-flow\">\n<div class=\"wp-block-buttons is-content-justification-right is-layout-flex wp-container-core-buttons-is-layout-765c4724 wp-block-buttons-is-layout-flex\">\n<div class=\"wp-block-button\"><a class=\"wp-block-button__link has-white-color has-text-color has-background has-link-color wp-element-button\" href=\"https:\/\/ddo.usac.edu.gt\/wp-content\/uploads\/2024\/03\/Caracterizacion-de-Cultura-integrado.pdf\" style=\"border-radius:9px;background-color:#00447c\" target=\"_blank\" rel=\"noreferrer noopener\">Descargar documento PDF<\/a><\/div>\n<\/div>\n<\/div>\n<\/div>\n\n\n\n<hr class=\"wp-block-separator has-alpha-channel-opacity\"\/>\n\n\n\n<div class=\"wp-block-columns are-vertically-aligned-center is-layout-flex wp-container-core-columns-is-layout-9d6595d7 wp-block-columns-is-layout-flex\">\n<div class=\"wp-block-column is-vertically-aligned-center is-layout-flow wp-block-column-is-layout-flow\">\n<h4 class=\"wp-block-heading has-text-align-left has-medium-font-size\"><strong>RESUMEN EJECUTIVO \u00abCARACTERIZACI\u00d3N DE LA CULTURA ORGANIZACIONAL DE LA USAC\u00bb<\/strong><\/h4>\n<\/div>\n\n\n\n<div class=\"wp-block-column is-vertically-aligned-center is-layout-flow wp-block-column-is-layout-flow\">\n<div class=\"wp-block-buttons is-content-justification-right is-layout-flex wp-container-core-buttons-is-layout-765c4724 wp-block-buttons-is-layout-flex\">\n<div class=\"wp-block-button\"><a class=\"wp-block-button__link has-white-color has-text-color has-background has-link-color wp-element-button\" href=\"https:\/\/ddo.usac.edu.gt\/wp-content\/uploads\/2024\/03\/INFORME-EJECUTIVO-CULTURA-ORG-2007-FINAL.pdf\" style=\"border-radius:9px;background-color:#00447c\" target=\"_blank\" rel=\"noreferrer noopener\">Descargar documento PDF<\/a><\/div>\n<\/div>\n<\/div>\n<\/div>\n\n\n\n<hr class=\"wp-block-separator has-alpha-channel-opacity\"\/>\n\n\n\n<div class=\"wp-block-columns are-vertically-aligned-center is-layout-flex wp-container-core-columns-is-layout-9d6595d7 wp-block-columns-is-layout-flex\">\n<div class=\"wp-block-column is-vertically-aligned-center is-layout-flow wp-block-column-is-layout-flow\">\n<h4 class=\"wp-block-heading has-text-align-left has-medium-font-size\"><strong>DIAGN\u00d3STICO DE LA CULTURA DE LA USAC<\/strong> 2015<\/h4>\n<\/div>\n\n\n\n<div class=\"wp-block-column is-vertically-aligned-center is-layout-flow wp-block-column-is-layout-flow\">\n<div class=\"wp-block-buttons is-content-justification-right is-layout-flex wp-container-core-buttons-is-layout-765c4724 wp-block-buttons-is-layout-flex\">\n<div class=\"wp-block-button\"><a class=\"wp-block-button__link has-white-color has-text-color has-background has-link-color wp-element-button\" href=\"https:\/\/ddo.usac.edu.gt\/wp-content\/uploads\/2024\/03\/DIAGNOSTICO-CULTURA-USAC-2015-ENTREGADO-A-RECTORIA.pdf\" style=\"border-radius:9px;background-color:#00447c\" target=\"_blank\" rel=\"noreferrer noopener\">Descargar documento PDF<\/a><\/div>\n<\/div>\n<\/div>\n<\/div>\n\n\n\n<hr class=\"wp-block-separator has-alpha-channel-opacity\"\/>\n\n\n\n<div class=\"wp-block-columns are-vertically-aligned-center is-layout-flex wp-container-core-columns-is-layout-9d6595d7 wp-block-columns-is-layout-flex\">\n<div class=\"wp-block-column is-vertically-aligned-center is-layout-flow wp-block-column-is-layout-flow\">\n<h4 class=\"wp-block-heading has-text-align-left has-medium-font-size\"><strong>PROGRAMA PARA LA TRANSFORMACI\u00d3N DE LA CULTURA EN LA USAC<\/strong><\/h4>\n<\/div>\n\n\n\n<div class=\"wp-block-column is-vertically-aligned-center is-layout-flow wp-block-column-is-layout-flow\">\n<div class=\"wp-block-buttons is-content-justification-right is-layout-flex wp-container-core-buttons-is-layout-765c4724 wp-block-buttons-is-layout-flex\">\n<div class=\"wp-block-button\"><a class=\"wp-block-button__link has-white-color has-text-color has-background has-link-color wp-element-button\" href=\"https:\/\/ddo.usac.edu.gt\/wp-content\/uploads\/2024\/03\/PROGRAMA-PARA-LA-TRANSFORMACION-CULTURAL-PARA-LA-USAC-2017.pdf\" style=\"border-radius:9px;background-color:#00447c\" target=\"_blank\" rel=\"noreferrer noopener\">Descargar documento PDF<\/a><\/div>\n<\/div>\n<\/div>\n<\/div>\n\n\n\n<hr class=\"wp-block-separator has-alpha-channel-opacity\"\/>\n<\/div><\/div>\n\n\n","protected":false},"excerpt":{"rendered":"<p>CULTURA ORGANIZACIONAL USAC Conjunto de creencias, valores, tradiciones, h\u00e1bitos, normas, actitudes y conductas que dan identidad, personalidad y destino a una organizaci\u00f3n para el logro de sus fines y que hacen de ella su forma de comportamiento. Fuente: Gesti\u00f3n del talento humano. Chiavenato, Idalberto (2002) DOCUMENTOS DE CULTURA ESTUDIO DE LA CARACTERIZACI\u00d3N DE LA CULTURA [&hellip;]<\/p>\n","protected":false},"author":3,"featured_media":0,"parent":0,"menu_order":0,"comment_status":"closed","ping_status":"closed","template":"","meta":{"iawp_total_views":176,"footnotes":"[]"},"class_list":["post-1735","page","type-page","status-publish","czr-hentry"],"_links":{"self":[{"href":"https:\/\/ddo.usac.edu.gt\/index.php\/wp-json\/wp\/v2\/pages\/1735","targetHints":{"allow":["GET"]}}],"collection":[{"href":"https:\/\/ddo.usac.edu.gt\/index.php\/wp-json\/wp\/v2\/pages"}],"about":[{"href":"https:\/\/ddo.usac.edu.gt\/index.php\/wp-json\/wp\/v2\/types\/page"}],"author":[{"embeddable":true,"href":"https:\/\/ddo.usac.edu.gt\/index.php\/wp-json\/wp\/v2\/users\/3"}],"replies":[{"embeddable":true,"href":"https:\/\/ddo.usac.edu.gt\/index.php\/wp-json\/wp\/v2\/comments?post=1735"}],"version-history":[{"count":16,"href":"https:\/\/ddo.usac.edu.gt\/index.php\/wp-json\/wp\/v2\/pages\/1735\/revisions"}],"predecessor-version":[{"id":2306,"href":"https:\/\/ddo.usac.edu.gt\/index.php\/wp-json\/wp\/v2\/pages\/1735\/revisions\/2306"}],"wp:attachment":[{"href":"https:\/\/ddo.usac.edu.gt\/index.php\/wp-json\/wp\/v2\/media?parent=1735"}],"curies":[{"name":"wp","href":"https:\/\/api.w.org\/{rel}","templated":true}]}}