{"id":1818,"date":"2024-03-16T18:54:09","date_gmt":"2024-03-16T23:54:09","guid":{"rendered":"https:\/\/ddo.usac.edu.gt\/?page_id=1818"},"modified":"2024-09-24T10:23:24","modified_gmt":"2024-09-24T15:23:24","slug":"diagramas-de-flujo","status":"publish","type":"page","link":"https:\/\/ddo.usac.edu.gt\/index.php\/diagramas-de-flujo\/","title":{"rendered":"LINEAMIENTOS DIAGRAMAS DE FLUJO"},"content":{"rendered":"\n<h2 class=\"wp-block-heading has-white-color has-text-color has-background has-link-color wp-elements-ecb4e1f1aad953ae08f685548f11b5c0\" style=\"background-color:#002944\">LINEAMIENTOS PARA ELABORAR DIAGRAMA DE FLUJO<\/h2>\n\n\n\n<div class=\"wp-block-group\"><div class=\"wp-block-group__inner-container is-layout-constrained wp-block-group-is-layout-constrained\">\n<div class=\"wp-block-columns is-layout-flex wp-container-core-columns-is-layout-9d6595d7 wp-block-columns-is-layout-flex\">\n<div class=\"wp-block-column is-vertically-aligned-center is-layout-flow wp-block-column-is-layout-flow\" style=\"flex-basis:300px\"><div class=\"wp-block-image\">\n<figure class=\"aligncenter size-full is-resized\"><img loading=\"lazy\" decoding=\"async\" width=\"512\" height=\"512\" src=\"https:\/\/ddo.usac.edu.gt\/wp-content\/uploads\/2024\/03\/Icono-Diagrama.png\" alt=\"\" class=\"wp-image-1819\" style=\"width:250px\" srcset=\"https:\/\/ddo.usac.edu.gt\/wp-content\/uploads\/2024\/03\/Icono-Diagrama.png 512w, https:\/\/ddo.usac.edu.gt\/wp-content\/uploads\/2024\/03\/Icono-Diagrama-300x300.png 300w, https:\/\/ddo.usac.edu.gt\/wp-content\/uploads\/2024\/03\/Icono-Diagrama-150x150.png 150w, https:\/\/ddo.usac.edu.gt\/wp-content\/uploads\/2024\/03\/Icono-Diagrama-510x510.png 510w\" sizes=\"auto, (max-width: 512px) 100vw, 512px\" \/><\/figure>\n<\/div><\/div>\n\n\n\n<div class=\"wp-block-column is-vertically-aligned-center is-layout-flow wp-block-column-is-layout-flow\">\n<p class=\"has-medium-font-size\">Un diagrama de flujo es la representaci\u00f3n gr\u00e1fica de la secuencia que siguen las operaciones de un determinado procedimiento as\u00ed como el recorrido de las formas y\/o materiales a trav\u00e9s de una organizaci\u00f3n.<\/p>\n<\/div>\n<\/div>\n\n\n\n<hr class=\"wp-block-separator has-alpha-channel-opacity\"\/>\n\n\n\n<div class=\"wp-block-columns has-white-color has-text-color has-background has-link-color wp-elements-52558521b40132f22677f2575bfdf4e7 is-layout-flex wp-container-core-columns-is-layout-9d6595d7 wp-block-columns-is-layout-flex\" style=\"background-color:#00447c\">\n<div class=\"wp-block-column is-vertically-aligned-center is-layout-flow wp-block-column-is-layout-flow\">\n<h2 class=\"wp-block-heading alignwide has-white-color has-text-color has-link-color has-large-font-size wp-elements-bddcd837e7520b0dc2d42e3373dee7b2\">Lineamientos para elaborar Diagramas de Flujo<\/h2>\n<\/div>\n\n\n\n<div class=\"wp-block-column is-vertically-aligned-bottom is-layout-flow wp-block-column-is-layout-flow\">\n<div class=\"wp-block-buttons alignwide is-vertical is-content-justification-right is-layout-flex wp-container-core-buttons-is-layout-17ed0cd2 wp-block-buttons-is-layout-flex\">\n<div class=\"wp-block-button is-style-fill\"><a class=\"wp-block-button__link has-black-color has-white-background-color has-text-color has-background has-link-color wp-element-button\" href=\"https:\/\/ddo.usac.edu.gt\/wp-content\/uploads\/2024\/09\/Lineamientos-Basicos-para-Diagramas-de-Flujo-Aprobado-2024.pdf\" style=\"border-radius:10px\" target=\"_blank\" rel=\"noreferrer noopener\"><strong>Descargar Documento PDF<\/strong><\/a><\/div>\n<\/div>\n<\/div>\n<\/div>\n\n\n\n<hr class=\"wp-block-separator has-alpha-channel-opacity\"\/>\n<\/div><\/div>\n","protected":false},"excerpt":{"rendered":"<p>LINEAMIENTOS PARA ELABORAR DIAGRAMA DE FLUJO Un diagrama de flujo es la representaci\u00f3n gr\u00e1fica de la secuencia que siguen las operaciones de un determinado procedimiento as\u00ed como el recorrido de las formas y\/o materiales a trav\u00e9s de una organizaci\u00f3n. Lineamientos para elaborar Diagramas de Flujo<\/p>\n","protected":false},"author":3,"featured_media":0,"parent":0,"menu_order":0,"comment_status":"closed","ping_status":"closed","template":"","meta":{"iawp_total_views":401,"footnotes":""},"class_list":["post-1818","page","type-page","status-publish","czr-hentry"],"_links":{"self":[{"href":"https:\/\/ddo.usac.edu.gt\/index.php\/wp-json\/wp\/v2\/pages\/1818","targetHints":{"allow":["GET"]}}],"collection":[{"href":"https:\/\/ddo.usac.edu.gt\/index.php\/wp-json\/wp\/v2\/pages"}],"about":[{"href":"https:\/\/ddo.usac.edu.gt\/index.php\/wp-json\/wp\/v2\/types\/page"}],"author":[{"embeddable":true,"href":"https:\/\/ddo.usac.edu.gt\/index.php\/wp-json\/wp\/v2\/users\/3"}],"replies":[{"embeddable":true,"href":"https:\/\/ddo.usac.edu.gt\/index.php\/wp-json\/wp\/v2\/comments?post=1818"}],"version-history":[{"count":5,"href":"https:\/\/ddo.usac.edu.gt\/index.php\/wp-json\/wp\/v2\/pages\/1818\/revisions"}],"predecessor-version":[{"id":2252,"href":"https:\/\/ddo.usac.edu.gt\/index.php\/wp-json\/wp\/v2\/pages\/1818\/revisions\/2252"}],"wp:attachment":[{"href":"https:\/\/ddo.usac.edu.gt\/index.php\/wp-json\/wp\/v2\/media?parent=1818"}],"curies":[{"name":"wp","href":"https:\/\/api.w.org\/{rel}","templated":true}]}}