{"id":1836,"date":"2024-03-16T19:20:58","date_gmt":"2024-03-17T00:20:58","guid":{"rendered":"https:\/\/ddo.usac.edu.gt\/?page_id=1836"},"modified":"2024-09-24T10:22:33","modified_gmt":"2024-09-24T15:22:33","slug":"guia-organigramas","status":"publish","type":"page","link":"https:\/\/ddo.usac.edu.gt\/index.php\/guia-organigramas\/","title":{"rendered":"GU\u00cdA ELABORACI\u00d3N ORGANIGRAMAS"},"content":{"rendered":"\n<h2 class=\"wp-block-heading has-white-color has-text-color has-background has-link-color wp-elements-f4cc91056d8fb404cb54f6956d65a1ee\" style=\"background-color:#002944\">GU\u00cdA B\u00c1SICA PARA ELABORAR ORGANIGRAMAS<\/h2>\n\n\n\n<div class=\"wp-block-group\"><div class=\"wp-block-group__inner-container is-layout-constrained wp-block-group-is-layout-constrained\">\n<div class=\"wp-block-columns is-layout-flex wp-container-core-columns-is-layout-9d6595d7 wp-block-columns-is-layout-flex\">\n<div class=\"wp-block-column is-vertically-aligned-center is-layout-flow wp-block-column-is-layout-flow\" style=\"flex-basis:300px\"><div class=\"wp-block-image\">\n<figure class=\"aligncenter size-full is-resized\"><img loading=\"lazy\" decoding=\"async\" width=\"415\" height=\"412\" src=\"https:\/\/ddo.usac.edu.gt\/wp-content\/uploads\/2024\/03\/organigrama.png\" alt=\"\" class=\"wp-image-1596\" style=\"width:250px\" srcset=\"https:\/\/ddo.usac.edu.gt\/wp-content\/uploads\/2024\/03\/organigrama.png 415w, https:\/\/ddo.usac.edu.gt\/wp-content\/uploads\/2024\/03\/organigrama-300x298.png 300w, https:\/\/ddo.usac.edu.gt\/wp-content\/uploads\/2024\/03\/organigrama-150x150.png 150w\" sizes=\"auto, (max-width: 415px) 100vw, 415px\" \/><\/figure>\n<\/div><\/div>\n\n\n\n<div class=\"wp-block-column is-vertically-aligned-center is-layout-flow wp-block-column-is-layout-flow\">\n<p class=\"has-medium-font-size\">El organigrama es la representaci\u00f3n gr\u00e1fica de la estructura org\u00e1nica de una instituci\u00f3n o de una de sus \u00e1reas, en la que se muestra la composici\u00f3n de las unidades administrativas que la integran, sus relaciones, niveles jer\u00e1rquicos, canales formales de comunicaci\u00f3n, l\u00edneas de autoridad, supervisi\u00f3n y asesor\u00eda<\/p>\n<\/div>\n<\/div>\n\n\n\n<hr class=\"wp-block-separator has-alpha-channel-opacity\"\/>\n\n\n\n<div class=\"wp-block-columns has-white-color has-text-color has-background has-link-color wp-elements-79f22f8842c9c202e832ea2c49be5f66 is-layout-flex wp-container-core-columns-is-layout-9d6595d7 wp-block-columns-is-layout-flex\" style=\"background-color:#00447c\">\n<div class=\"wp-block-column is-vertically-aligned-center is-layout-flow wp-block-column-is-layout-flow\">\n<h2 class=\"wp-block-heading alignwide has-white-color has-text-color has-link-color has-large-font-size wp-elements-08581add3666369f58f91004f4d064d0\">Gu\u00eda b\u00e1sica para elaborar organigramas<\/h2>\n<\/div>\n\n\n\n<div class=\"wp-block-column is-vertically-aligned-bottom is-layout-flow wp-block-column-is-layout-flow\">\n<div class=\"wp-block-buttons alignwide is-vertical is-content-justification-right is-layout-flex wp-container-core-buttons-is-layout-17ed0cd2 wp-block-buttons-is-layout-flex\">\n<div class=\"wp-block-button is-style-fill\"><a class=\"wp-block-button__link has-black-color has-white-background-color has-text-color has-background has-link-color wp-element-button\" href=\"https:\/\/ddo.usac.edu.gt\/wp-content\/uploads\/2024\/09\/Guia-Basica-para-elaborar-Organigramas-aprobada-2024.pdf\" style=\"border-radius:10px\" target=\"_blank\" rel=\"noreferrer noopener\"><strong>Descargar Documento PDF<\/strong><\/a><\/div>\n<\/div>\n<\/div>\n<\/div>\n\n\n\n<hr class=\"wp-block-separator has-alpha-channel-opacity\"\/>\n<\/div><\/div>\n","protected":false},"excerpt":{"rendered":"<p>GU\u00cdA B\u00c1SICA PARA ELABORAR ORGANIGRAMAS El organigrama es la representaci\u00f3n gr\u00e1fica de la estructura org\u00e1nica de una instituci\u00f3n o de una de sus \u00e1reas, en la que se muestra la composici\u00f3n de las unidades administrativas que la integran, sus relaciones, niveles jer\u00e1rquicos, canales formales de comunicaci\u00f3n, l\u00edneas de autoridad, supervisi\u00f3n y asesor\u00eda Gu\u00eda b\u00e1sica para [&hellip;]<\/p>\n","protected":false},"author":3,"featured_media":0,"parent":0,"menu_order":0,"comment_status":"closed","ping_status":"closed","template":"","meta":{"iawp_total_views":315,"footnotes":""},"class_list":["post-1836","page","type-page","status-publish","czr-hentry"],"_links":{"self":[{"href":"https:\/\/ddo.usac.edu.gt\/index.php\/wp-json\/wp\/v2\/pages\/1836","targetHints":{"allow":["GET"]}}],"collection":[{"href":"https:\/\/ddo.usac.edu.gt\/index.php\/wp-json\/wp\/v2\/pages"}],"about":[{"href":"https:\/\/ddo.usac.edu.gt\/index.php\/wp-json\/wp\/v2\/types\/page"}],"author":[{"embeddable":true,"href":"https:\/\/ddo.usac.edu.gt\/index.php\/wp-json\/wp\/v2\/users\/3"}],"replies":[{"embeddable":true,"href":"https:\/\/ddo.usac.edu.gt\/index.php\/wp-json\/wp\/v2\/comments?post=1836"}],"version-history":[{"count":5,"href":"https:\/\/ddo.usac.edu.gt\/index.php\/wp-json\/wp\/v2\/pages\/1836\/revisions"}],"predecessor-version":[{"id":2251,"href":"https:\/\/ddo.usac.edu.gt\/index.php\/wp-json\/wp\/v2\/pages\/1836\/revisions\/2251"}],"wp:attachment":[{"href":"https:\/\/ddo.usac.edu.gt\/index.php\/wp-json\/wp\/v2\/media?parent=1836"}],"curies":[{"name":"wp","href":"https:\/\/api.w.org\/{rel}","templated":true}]}}