{"id":184,"date":"2023-06-14T12:41:18","date_gmt":"2023-06-14T17:41:18","guid":{"rendered":"https:\/\/ddo.usac.edu.gt\/?page_id=184"},"modified":"2024-11-11T16:09:51","modified_gmt":"2024-11-11T21:09:51","slug":"centro-de-estudios-de-desarrollo-seguro-y-desastres","status":"publish","type":"page","link":"https:\/\/ddo.usac.edu.gt\/index.php\/administracion-central\/rectoria\/centro-de-estudios-de-desarrollo-seguro-y-desastres\/","title":{"rendered":"CENTRO DE ESTUDIOS DE DESARROLLO SEGURO Y DESASTRES -CEDESYD-"},"content":{"rendered":"\n<p><strong>Sitio Web<\/strong>: <a href=\"https:\/\/cedesyd.usac.edu.gt\" target=\"_blank\" rel=\"noreferrer noopener\">https:\/\/cedesyd.usac.edu.gt<\/a><\/p>\n\n\n\n<h2 class=\"wp-block-heading has-white-color has-text-color has-background has-link-color wp-elements-66a029e1b4f75b1c915e70dee5ed14ff\" style=\"background-color:#002944\">DEFINICI\u00d3N<\/h2>\n\n\n\n<div class=\"wp-block-group\"><div class=\"wp-block-group__inner-container is-layout-constrained wp-block-group-is-layout-constrained\">\n<div class=\"wp-block-columns is-layout-flex wp-container-core-columns-is-layout-9d6595d7 wp-block-columns-is-layout-flex\">\n<div class=\"wp-block-column is-vertically-aligned-center is-layout-flow wp-block-column-is-layout-flow\" style=\"flex-basis:300px\"><div class=\"wp-block-image\">\n<figure class=\"aligncenter size-full is-resized\"><img loading=\"lazy\" decoding=\"async\" width=\"300\" height=\"300\" src=\"https:\/\/ddo.usac.edu.gt\/wp-content\/uploads\/2024\/02\/logoCEDESYD2024.png\" alt=\"\" class=\"wp-image-472\" style=\"width:250px\" srcset=\"https:\/\/ddo.usac.edu.gt\/wp-content\/uploads\/2024\/02\/logoCEDESYD2024.png 300w, https:\/\/ddo.usac.edu.gt\/wp-content\/uploads\/2024\/02\/logoCEDESYD2024-150x150.png 150w\" sizes=\"auto, (max-width: 300px) 100vw, 300px\" \/><\/figure>\n<\/div><\/div>\n\n\n\n<div class=\"wp-block-column is-vertically-aligned-center is-layout-flow wp-block-column-is-layout-flow\">\n<p class=\"has-medium-font-size\">El CEDESYD es la dependencia t\u00e9cnica-administrativa de la USAC responsable de coordinar las acciones institucionales en el \u00e1mbito de gesti\u00f3n de riesgo, elaborar estudios e investigaciones cient\u00edficas y tecnol\u00f3gicas que sustenten las propuestas de soluci\u00f3n de los problemas nacionales vinculados al desarrollo seguro y desastres con incidencia nacional e internacional.<\/p>\n\n\n\n<p class=\"has-medium-font-size\"><\/p>\n\n\n\n<p class=\"has-medium-font-size\">.<\/p>\n<\/div>\n<\/div>\n\n\n\n<div class=\"wp-block-columns has-white-color has-text-color has-background has-link-color wp-elements-2ecb29abbccc64d448681751c1f54784 is-layout-flex wp-container-core-columns-is-layout-9d6595d7 wp-block-columns-is-layout-flex\" style=\"background-color:#00447c\">\n<div class=\"wp-block-column is-vertically-aligned-center is-layout-flow wp-block-column-is-layout-flow\">\n<h2 class=\"wp-block-heading alignwide has-white-color has-text-color has-link-color has-large-font-size wp-elements-6cbe81240a440b3bab719717403476ef\">Manual de Organizaci\u00f3n Vigente<\/h2>\n<\/div>\n\n\n\n<div class=\"wp-block-column is-vertically-aligned-bottom is-layout-flow wp-block-column-is-layout-flow\">\n<div class=\"wp-block-buttons alignwide is-vertical is-content-justification-right is-layout-flex wp-container-core-buttons-is-layout-17ed0cd2 wp-block-buttons-is-layout-flex\">\n<div class=\"wp-block-button is-style-fill\"><a class=\"wp-block-button__link has-black-color has-white-background-color has-text-color has-background has-link-color wp-element-button\" href=\"https:\/\/ddo.usac.edu.gt\/wp-content\/uploads\/2024\/11\/Manual-de-Organizacion-CEDESYD_2024-APROBADO.pdf\" style=\"border-radius:10px\" target=\"_blank\" rel=\"noreferrer noopener\"><strong>Descargar Documento PDF<\/strong><\/a><\/div>\n<\/div>\n<\/div>\n<\/div>\n\n\n\n<hr class=\"wp-block-separator has-alpha-channel-opacity\"\/>\n\n\n\n<div class=\"wp-block-columns has-white-color has-text-color has-background has-link-color wp-elements-ae307187f57fa07bb4ab23c54a13e60c is-layout-flex wp-container-core-columns-is-layout-9d6595d7 wp-block-columns-is-layout-flex\" style=\"background-color:#006ff4\">\n<div class=\"wp-block-column is-vertically-aligned-center is-layout-flow wp-block-column-is-layout-flow\">\n<h2 class=\"wp-block-heading alignwide has-white-color has-text-color has-link-color has-large-font-size wp-elements-d2729405e9f8cb3c1c1ae43a09fbea43\">Manual de Normas y Procedimientos Vigente<\/h2>\n<\/div>\n\n\n\n<div class=\"wp-block-column is-vertically-aligned-bottom is-layout-flow wp-block-column-is-layout-flow\">\n<div class=\"wp-block-buttons alignwide is-vertical is-content-justification-right is-layout-flex wp-container-core-buttons-is-layout-17ed0cd2 wp-block-buttons-is-layout-flex\">\n<div class=\"wp-block-button\"><a class=\"wp-block-button__link has-black-color has-text-color has-background has-link-color wp-element-button\" href=\"https:\/\/ddo.usac.edu.gt\/wp-content\/uploads\/2023\/06\/Manual-de-Normas-y-Procedimientos-CEDESYD-2017.pdf\" style=\"border-radius:10px;background-color:#fefefe\" target=\"_blank\" rel=\"noreferrer noopener\"><strong>Descargar Documento PDF<\/strong><\/a><\/div>\n<\/div>\n<\/div>\n<\/div>\n<\/div><\/div>\n\n\n\n<p><\/p>\n","protected":false},"excerpt":{"rendered":"<p>Sitio Web: https:\/\/cedesyd.usac.edu.gt DEFINICI\u00d3N El CEDESYD es la dependencia t\u00e9cnica-administrativa de la USAC responsable de coordinar las acciones institucionales en el \u00e1mbito de gesti\u00f3n de riesgo, elaborar estudios e investigaciones cient\u00edficas y tecnol\u00f3gicas que sustenten las propuestas de soluci\u00f3n de los problemas nacionales vinculados al desarrollo seguro y desastres con incidencia nacional e internacional. . [&hellip;]<\/p>\n","protected":false},"author":1,"featured_media":0,"parent":122,"menu_order":0,"comment_status":"closed","ping_status":"closed","template":"","meta":{"iawp_total_views":49,"footnotes":""},"class_list":["post-184","page","type-page","status-publish","czr-hentry"],"_links":{"self":[{"href":"https:\/\/ddo.usac.edu.gt\/index.php\/wp-json\/wp\/v2\/pages\/184","targetHints":{"allow":["GET"]}}],"collection":[{"href":"https:\/\/ddo.usac.edu.gt\/index.php\/wp-json\/wp\/v2\/pages"}],"about":[{"href":"https:\/\/ddo.usac.edu.gt\/index.php\/wp-json\/wp\/v2\/types\/page"}],"author":[{"embeddable":true,"href":"https:\/\/ddo.usac.edu.gt\/index.php\/wp-json\/wp\/v2\/users\/1"}],"replies":[{"embeddable":true,"href":"https:\/\/ddo.usac.edu.gt\/index.php\/wp-json\/wp\/v2\/comments?post=184"}],"version-history":[{"count":9,"href":"https:\/\/ddo.usac.edu.gt\/index.php\/wp-json\/wp\/v2\/pages\/184\/revisions"}],"predecessor-version":[{"id":2274,"href":"https:\/\/ddo.usac.edu.gt\/index.php\/wp-json\/wp\/v2\/pages\/184\/revisions\/2274"}],"up":[{"embeddable":true,"href":"https:\/\/ddo.usac.edu.gt\/index.php\/wp-json\/wp\/v2\/pages\/122"}],"wp:attachment":[{"href":"https:\/\/ddo.usac.edu.gt\/index.php\/wp-json\/wp\/v2\/media?parent=184"}],"curies":[{"name":"wp","href":"https:\/\/api.w.org\/{rel}","templated":true}]}}