{"id":1871,"date":"2024-03-17T19:34:22","date_gmt":"2024-03-18T00:34:22","guid":{"rendered":"https:\/\/ddo.usac.edu.gt\/?page_id=1871"},"modified":"2024-11-22T15:18:15","modified_gmt":"2024-11-22T20:18:15","slug":"iso-26000","status":"publish","type":"page","link":"https:\/\/ddo.usac.edu.gt\/index.php\/iso-26000\/","title":{"rendered":"RESPONSABILIDAD SOCIAL"},"content":{"rendered":"\n<h2 class=\"wp-block-heading has-white-color has-text-color has-background has-link-color wp-elements-040b5141aea3294085061f92f0243b8b\" style=\"background-color:#002944\">PROPUESTA DE IMPLEMENTACI\u00d3N DE LA GU\u00cdA DE RESPONSABILIDAD SOCIAL -ISO 26000- EN LA UNIVERSIDAD DE SAN CARLOS DE GUATEMALA<\/h2>\n\n\n\n<div class=\"wp-block-group\"><div class=\"wp-block-group__inner-container is-layout-constrained wp-block-group-is-layout-constrained\">\n<hr class=\"wp-block-separator has-alpha-channel-opacity\"\/>\n\n\n\n<figure class=\"wp-block-image size-full\"><img loading=\"lazy\" decoding=\"async\" width=\"866\" height=\"900\" src=\"https:\/\/ddo.usac.edu.gt\/wp-content\/uploads\/2024\/11\/Responsabilidad-USAC.jpeg\" alt=\"\" class=\"wp-image-2316\" srcset=\"https:\/\/ddo.usac.edu.gt\/wp-content\/uploads\/2024\/11\/Responsabilidad-USAC.jpeg 866w, https:\/\/ddo.usac.edu.gt\/wp-content\/uploads\/2024\/11\/Responsabilidad-USAC-289x300.jpeg 289w, https:\/\/ddo.usac.edu.gt\/wp-content\/uploads\/2024\/11\/Responsabilidad-USAC-768x798.jpeg 768w\" sizes=\"auto, (max-width: 866px) 100vw, 866px\" \/><\/figure>\n\n\n\n<hr class=\"wp-block-separator has-alpha-channel-opacity\"\/>\n\n\n\n<div class=\"wp-block-columns is-layout-flex wp-container-core-columns-is-layout-9d6595d7 wp-block-columns-is-layout-flex\">\n<div class=\"wp-block-column is-vertically-aligned-center is-layout-flow wp-block-column-is-layout-flow\">\n<p class=\"has-medium-font-size\">Se considera importante para la Universidad de San Carlos de Guatemala adoptar la \u201cGu\u00eda de Responsabilidad Social -Norma ISO 26000\u201d como una de sus estrategias de gesti\u00f3n, que contribuir\u00e1 a lograr los fines de la Instituci\u00f3n y lo establecido en el Marco Filos\u00f3fico y de Realidad y Necesidades de la Sociedad Guatemalteca, tomando en consideraci\u00f3n los principios y materias fundamentales de la responsabilidad social, as\u00ed como lo establecido en el Plan Estrat\u00e9gico USAC 2030 en su marcos generales y l\u00edneas estrat\u00e9gicas.<\/p>\n\n\n\n<p class=\"has-medium-font-size\"><\/p>\n<\/div>\n<\/div>\n\n\n\n<div class=\"wp-block-columns has-white-color has-text-color has-background has-link-color wp-elements-0089ccaafa19aedf0beb9bed64d24cc3 is-layout-flex wp-container-core-columns-is-layout-9d6595d7 wp-block-columns-is-layout-flex\" style=\"background-color:#00447c\">\n<div class=\"wp-block-column is-vertically-aligned-center is-layout-flow wp-block-column-is-layout-flow\">\n<h2 class=\"wp-block-heading alignwide has-white-color has-text-color has-link-color has-large-font-size wp-elements-b6a1144bc7817d283f0a293719969bf3\">Gu\u00eda de Responsabilidad Social<\/h2>\n<\/div>\n\n\n\n<div class=\"wp-block-column is-vertically-aligned-bottom is-layout-flow wp-block-column-is-layout-flow\">\n<div class=\"wp-block-buttons alignwide is-vertical is-content-justification-right is-layout-flex wp-container-core-buttons-is-layout-17ed0cd2 wp-block-buttons-is-layout-flex\">\n<div class=\"wp-block-button is-style-fill\"><a class=\"wp-block-button__link has-black-color has-white-background-color has-text-color has-background has-link-color wp-element-button\" href=\"https:\/\/ddo.usac.edu.gt\/wp-content\/uploads\/2024\/03\/PROPUESTA-DE-IMPLEMENTACION-ISO-26000-USAC-Aprobado.pdf\" style=\"border-radius:10px\" target=\"_blank\" rel=\"noreferrer noopener\"><strong>Descargar Documento PDF<\/strong><\/a><\/div>\n<\/div>\n<\/div>\n<\/div>\n\n\n\n<hr class=\"wp-block-separator has-alpha-channel-opacity\"\/>\n<\/div><\/div>\n","protected":false},"excerpt":{"rendered":"<p>PROPUESTA DE IMPLEMENTACI\u00d3N DE LA GU\u00cdA DE RESPONSABILIDAD SOCIAL -ISO 26000- EN LA UNIVERSIDAD DE SAN CARLOS DE GUATEMALA Se considera importante para la Universidad de San Carlos de Guatemala adoptar la \u201cGu\u00eda de Responsabilidad Social -Norma ISO 26000\u201d como una de sus estrategias de gesti\u00f3n, que contribuir\u00e1 a lograr los fines de la Instituci\u00f3n [&hellip;]<\/p>\n","protected":false},"author":3,"featured_media":0,"parent":0,"menu_order":0,"comment_status":"closed","ping_status":"closed","template":"","meta":{"iawp_total_views":59,"footnotes":""},"class_list":["post-1871","page","type-page","status-publish","czr-hentry"],"_links":{"self":[{"href":"https:\/\/ddo.usac.edu.gt\/index.php\/wp-json\/wp\/v2\/pages\/1871","targetHints":{"allow":["GET"]}}],"collection":[{"href":"https:\/\/ddo.usac.edu.gt\/index.php\/wp-json\/wp\/v2\/pages"}],"about":[{"href":"https:\/\/ddo.usac.edu.gt\/index.php\/wp-json\/wp\/v2\/types\/page"}],"author":[{"embeddable":true,"href":"https:\/\/ddo.usac.edu.gt\/index.php\/wp-json\/wp\/v2\/users\/3"}],"replies":[{"embeddable":true,"href":"https:\/\/ddo.usac.edu.gt\/index.php\/wp-json\/wp\/v2\/comments?post=1871"}],"version-history":[{"count":3,"href":"https:\/\/ddo.usac.edu.gt\/index.php\/wp-json\/wp\/v2\/pages\/1871\/revisions"}],"predecessor-version":[{"id":2318,"href":"https:\/\/ddo.usac.edu.gt\/index.php\/wp-json\/wp\/v2\/pages\/1871\/revisions\/2318"}],"wp:attachment":[{"href":"https:\/\/ddo.usac.edu.gt\/index.php\/wp-json\/wp\/v2\/media?parent=1871"}],"curies":[{"name":"wp","href":"https:\/\/api.w.org\/{rel}","templated":true}]}}