{"id":1873,"date":"2024-03-17T19:35:18","date_gmt":"2024-03-18T00:35:18","guid":{"rendered":"https:\/\/ddo.usac.edu.gt\/?page_id=1873"},"modified":"2025-11-07T12:04:36","modified_gmt":"2025-11-07T17:04:36","slug":"codigo-de-etica","status":"publish","type":"page","link":"https:\/\/ddo.usac.edu.gt\/index.php\/codigo-de-etica\/","title":{"rendered":"C\u00d3DIGO DE \u00c9TICA"},"content":{"rendered":"\n<h2 class=\"wp-block-heading has-white-color has-text-color has-background has-link-color wp-elements-1f39c5e05cf78c508db597c56360bf9f\" style=\"background-color:#002944\">PROPUESTA DE METODOLOG\u00cdA PARA ELABORAR EL C\u00d3DIGO DE \u00c9TICA UNIVERSITARIA<\/h2>\n\n\n\n<div class=\"wp-block-group\"><div class=\"wp-block-group__inner-container is-layout-constrained wp-block-group-is-layout-constrained\">\n<hr class=\"wp-block-separator has-alpha-channel-opacity\"\/>\n\n\n\n<div class=\"wp-block-columns is-layout-flex wp-container-core-columns-is-layout-9d6595d7 wp-block-columns-is-layout-flex\">\n<div class=\"wp-block-column is-vertically-aligned-center is-layout-flow wp-block-column-is-layout-flow\" style=\"flex-basis:300px\"><div class=\"wp-block-image\">\n<figure class=\"aligncenter size-full is-resized\"><img loading=\"lazy\" decoding=\"async\" width=\"752\" height=\"911\" src=\"https:\/\/ddo.usac.edu.gt\/wp-content\/uploads\/2024\/03\/Codigo-Etica-USAC.png\" alt=\"\" class=\"wp-image-1704\" style=\"width:250px\" srcset=\"https:\/\/ddo.usac.edu.gt\/wp-content\/uploads\/2024\/03\/Codigo-Etica-USAC.png 752w, https:\/\/ddo.usac.edu.gt\/wp-content\/uploads\/2024\/03\/Codigo-Etica-USAC-248x300.png 248w\" sizes=\"auto, (max-width: 752px) 100vw, 752px\" \/><\/figure>\n<\/div><\/div>\n\n\n\n<div class=\"wp-block-column is-vertically-aligned-center is-layout-flow wp-block-column-is-layout-flow\">\n<p class=\"has-medium-font-size\">la Universidad de San Carlos de Guatemala en su Plan Estrat\u00e9gico USAC-2022, contempl\u00f3 la elaboraci\u00f3n del C\u00f3digo de \u00c9tica Universitaria como un instrumento que oriente y gu\u00ede a sus trabajadores en el desempe\u00f1o de sus labores con moral y \u00e9tica, para lo cual la Divisi\u00f3n de Desarrollo Organizacional presenta la propuesta de metodolog\u00eda para su elaboraci\u00f3n que contiene justificaci\u00f3n, antecedentes, metodolog\u00eda, consideraciones generales, diagrama de proceso, glosario, bibliograf\u00eda y anexos.<\/p>\n<\/div>\n<\/div>\n\n\n\n<hr class=\"wp-block-separator has-alpha-channel-opacity\"\/>\n\n\n\n<div class=\"wp-block-columns has-white-color has-text-color has-background has-link-color wp-elements-f94f9e8aa10690d2f6673d33408394fc is-layout-flex wp-container-core-columns-is-layout-9d6595d7 wp-block-columns-is-layout-flex\" style=\"background-color:#00447c\">\n<div class=\"wp-block-column is-vertically-aligned-center is-layout-flow wp-block-column-is-layout-flow\">\n<h1 class=\"wp-block-heading alignwide has-white-color has-text-color has-link-color has-large-font-size wp-elements-74359f3aeadd4e4b61fc07cbcfdce618\">Propuesta de Metodolog\u00eda para elaborar el c\u00f3digo de \u00e9tica universitaria<\/h1>\n<\/div>\n\n\n\n<div class=\"wp-block-column is-vertically-aligned-bottom is-layout-flow wp-block-column-is-layout-flow\">\n<div class=\"wp-block-buttons alignwide is-vertical is-content-justification-right is-layout-flex wp-container-core-buttons-is-layout-17ed0cd2 wp-block-buttons-is-layout-flex\">\n<div class=\"wp-block-button is-style-fill\"><a class=\"wp-block-button__link has-black-color has-white-background-color has-text-color has-background has-link-color wp-element-button\" href=\"https:\/\/ddo.usac.edu.gt\/wp-content\/uploads\/2024\/03\/Metodologia-Codigo-de-Etica-Universitaria-Aprobado-2017.pdf\" style=\"border-radius:10px\" target=\"_blank\" rel=\"noreferrer noopener\"><strong>Descargar Documento PDF<\/strong><\/a><\/div>\n<\/div>\n<\/div>\n<\/div>\n\n\n\n<hr class=\"wp-block-separator has-alpha-channel-opacity\"\/>\n\n\n\n<div class=\"wp-block-columns has-white-color has-text-color has-background has-link-color wp-elements-fd6d8a06c84997e10d573177f2070b73 is-layout-flex wp-container-core-columns-is-layout-9d6595d7 wp-block-columns-is-layout-flex\" style=\"background-color:#00447c\">\n<div class=\"wp-block-column is-vertically-aligned-center is-layout-flow wp-block-column-is-layout-flow\">\n<h1 class=\"wp-block-heading alignwide has-white-color has-text-color has-link-color has-large-font-size wp-elements-2d0cc6b9bff9df95856de1bb821677a8\">Propuesta de c\u00f3digo de \u00e9tica de los funcionarios y trabajadores de la USAC (Pendiente de aprobaci\u00f3n)<\/h1>\n<\/div>\n\n\n\n<div class=\"wp-block-column is-vertically-aligned-bottom is-layout-flow wp-block-column-is-layout-flow\">\n<div class=\"wp-block-buttons alignwide is-vertical is-content-justification-right is-layout-flex wp-container-core-buttons-is-layout-17ed0cd2 wp-block-buttons-is-layout-flex\">\n<div class=\"wp-block-button is-style-fill\"><a class=\"wp-block-button__link has-black-color has-white-background-color has-text-color has-background has-link-color wp-element-button\" href=\"https:\/\/ddo.usac.edu.gt\/wp-content\/uploads\/2025\/11\/Propuesta-Codigo-de-Etica-version-final.pdf\" style=\"border-radius:10px\" target=\"_blank\" rel=\"noreferrer noopener\"><strong>Descargar Documento PDF<\/strong><\/a><\/div>\n<\/div>\n<\/div>\n<\/div>\n\n\n\n<hr class=\"wp-block-separator has-alpha-channel-opacity\"\/>\n<\/div><\/div>\n\n\n\n<p><\/p>\n","protected":false},"excerpt":{"rendered":"<p>PROPUESTA DE METODOLOG\u00cdA PARA ELABORAR EL C\u00d3DIGO DE \u00c9TICA UNIVERSITARIA la Universidad de San Carlos de Guatemala en su Plan Estrat\u00e9gico USAC-2022, contempl\u00f3 la elaboraci\u00f3n del C\u00f3digo de \u00c9tica Universitaria como un instrumento que oriente y gu\u00ede a sus trabajadores en el desempe\u00f1o de sus labores con moral y \u00e9tica, para lo cual la Divisi\u00f3n [&hellip;]<\/p>\n","protected":false},"author":3,"featured_media":0,"parent":0,"menu_order":0,"comment_status":"closed","ping_status":"closed","template":"","meta":{"iawp_total_views":191,"footnotes":""},"class_list":["post-1873","page","type-page","status-publish","czr-hentry"],"_links":{"self":[{"href":"https:\/\/ddo.usac.edu.gt\/index.php\/wp-json\/wp\/v2\/pages\/1873","targetHints":{"allow":["GET"]}}],"collection":[{"href":"https:\/\/ddo.usac.edu.gt\/index.php\/wp-json\/wp\/v2\/pages"}],"about":[{"href":"https:\/\/ddo.usac.edu.gt\/index.php\/wp-json\/wp\/v2\/types\/page"}],"author":[{"embeddable":true,"href":"https:\/\/ddo.usac.edu.gt\/index.php\/wp-json\/wp\/v2\/users\/3"}],"replies":[{"embeddable":true,"href":"https:\/\/ddo.usac.edu.gt\/index.php\/wp-json\/wp\/v2\/comments?post=1873"}],"version-history":[{"count":6,"href":"https:\/\/ddo.usac.edu.gt\/index.php\/wp-json\/wp\/v2\/pages\/1873\/revisions"}],"predecessor-version":[{"id":2460,"href":"https:\/\/ddo.usac.edu.gt\/index.php\/wp-json\/wp\/v2\/pages\/1873\/revisions\/2460"}],"wp:attachment":[{"href":"https:\/\/ddo.usac.edu.gt\/index.php\/wp-json\/wp\/v2\/media?parent=1873"}],"curies":[{"name":"wp","href":"https:\/\/api.w.org\/{rel}","templated":true}]}}