{"id":1881,"date":"2024-03-17T19:51:41","date_gmt":"2024-03-18T00:51:41","guid":{"rendered":"https:\/\/ddo.usac.edu.gt\/?page_id=1881"},"modified":"2024-03-18T14:42:15","modified_gmt":"2024-03-18T19:42:15","slug":"caracterizacion-estructura","status":"publish","type":"page","link":"https:\/\/ddo.usac.edu.gt\/index.php\/caracterizacion-estructura\/","title":{"rendered":"CARACTERIZACI\u00d3N ESTRUCTURA"},"content":{"rendered":"\n<h2 class=\"wp-block-heading has-white-color has-text-color has-background has-link-color wp-elements-21a52c9cf014d210f08229b14c480947\" style=\"background-color:#002944\">CARACTERIZACI\u00d3N DE LA ESTRUCTURA ORGANIZATIVA DE LA  UNIVERSIDAD DE SAN CARLOS DE GUATEMALA<\/h2>\n\n\n\n<div class=\"wp-block-group\"><div class=\"wp-block-group__inner-container is-layout-constrained wp-block-group-is-layout-constrained\">\n<hr class=\"wp-block-separator has-alpha-channel-opacity\"\/>\n\n\n\n<div class=\"wp-block-columns is-layout-flex wp-container-core-columns-is-layout-9d6595d7 wp-block-columns-is-layout-flex\">\n<div class=\"wp-block-column is-vertically-aligned-center is-layout-flow wp-block-column-is-layout-flow\" style=\"flex-basis:300px\"><div class=\"wp-block-image\">\n<figure class=\"aligncenter size-full is-resized\"><img loading=\"lazy\" decoding=\"async\" width=\"685\" height=\"455\" src=\"https:\/\/ddo.usac.edu.gt\/wp-content\/uploads\/2024\/03\/organizacional.png\" alt=\"\" class=\"wp-image-2036\" style=\"width:315px\" srcset=\"https:\/\/ddo.usac.edu.gt\/wp-content\/uploads\/2024\/03\/organizacional.png 685w, https:\/\/ddo.usac.edu.gt\/wp-content\/uploads\/2024\/03\/organizacional-300x199.png 300w\" sizes=\"auto, (max-width: 685px) 100vw, 685px\" \/><\/figure>\n<\/div><\/div>\n\n\n\n<div class=\"wp-block-column is-vertically-aligned-center is-layout-flow wp-block-column-is-layout-flow\">\n<p class=\"has-medium-font-size\">El presente documento se elabor\u00f3 tomando en consideraci\u00f3n la legislaci\u00f3n universitaria, documentaci\u00f3n relacionada a dise\u00f1o y estructura organizativa, los estudios y manuales de organizaci\u00f3n aprobados por las autoridades competentes, el Estudio de Caracterizaci\u00f3n de la Cultura de la Universidad de San Carlos de Guatemala, as\u00ed como, material documental sobre la tem\u00e1tica.<\/p>\n<\/div>\n<\/div>\n\n\n\n<hr class=\"wp-block-separator has-alpha-channel-opacity\"\/>\n\n\n\n<div class=\"wp-block-columns are-vertically-aligned-center is-layout-flex wp-container-core-columns-is-layout-9d6595d7 wp-block-columns-is-layout-flex\">\n<div class=\"wp-block-column is-vertically-aligned-center is-layout-flow wp-block-column-is-layout-flow\">\n<h4 class=\"wp-block-heading has-text-align-left has-medium-font-size\"><strong>ESTUDIO DE LA CARACTERIZACI\u00d3N DE LA ESTRUCTURA ORGANIZATIVA DE LA USAC<\/strong><\/h4>\n<\/div>\n\n\n\n<div class=\"wp-block-column is-vertically-aligned-center is-layout-flow wp-block-column-is-layout-flow\">\n<div class=\"wp-block-buttons is-content-justification-right is-layout-flex wp-container-core-buttons-is-layout-765c4724 wp-block-buttons-is-layout-flex\">\n<div class=\"wp-block-button\"><a class=\"wp-block-button__link has-white-color has-text-color has-background has-link-color wp-element-button\" href=\"https:\/\/ddo.usac.edu.gt\/wp-content\/uploads\/2024\/03\/CARACTERIZACION-EST-ORG-USAC-2017-2.pdf\" style=\"border-radius:9px;background-color:#00447c\" target=\"_blank\" rel=\"noreferrer noopener\">Descargar documento PDF<\/a><\/div>\n<\/div>\n<\/div>\n<\/div>\n\n\n\n<hr class=\"wp-block-separator has-alpha-channel-opacity\"\/>\n<\/div><\/div>\n","protected":false},"excerpt":{"rendered":"<p>CARACTERIZACI\u00d3N DE LA ESTRUCTURA ORGANIZATIVA DE LA UNIVERSIDAD DE SAN CARLOS DE GUATEMALA El presente documento se elabor\u00f3 tomando en consideraci\u00f3n la legislaci\u00f3n universitaria, documentaci\u00f3n relacionada a dise\u00f1o y estructura organizativa, los estudios y manuales de organizaci\u00f3n aprobados por las autoridades competentes, el Estudio de Caracterizaci\u00f3n de la Cultura de la Universidad de San Carlos [&hellip;]<\/p>\n","protected":false},"author":3,"featured_media":0,"parent":0,"menu_order":0,"comment_status":"closed","ping_status":"closed","template":"","meta":{"iawp_total_views":66,"footnotes":""},"class_list":["post-1881","page","type-page","status-publish","czr-hentry"],"_links":{"self":[{"href":"https:\/\/ddo.usac.edu.gt\/index.php\/wp-json\/wp\/v2\/pages\/1881","targetHints":{"allow":["GET"]}}],"collection":[{"href":"https:\/\/ddo.usac.edu.gt\/index.php\/wp-json\/wp\/v2\/pages"}],"about":[{"href":"https:\/\/ddo.usac.edu.gt\/index.php\/wp-json\/wp\/v2\/types\/page"}],"author":[{"embeddable":true,"href":"https:\/\/ddo.usac.edu.gt\/index.php\/wp-json\/wp\/v2\/users\/3"}],"replies":[{"embeddable":true,"href":"https:\/\/ddo.usac.edu.gt\/index.php\/wp-json\/wp\/v2\/comments?post=1881"}],"version-history":[{"count":3,"href":"https:\/\/ddo.usac.edu.gt\/index.php\/wp-json\/wp\/v2\/pages\/1881\/revisions"}],"predecessor-version":[{"id":2492,"href":"https:\/\/ddo.usac.edu.gt\/index.php\/wp-json\/wp\/v2\/pages\/1881\/revisions\/2492"}],"wp:attachment":[{"href":"https:\/\/ddo.usac.edu.gt\/index.php\/wp-json\/wp\/v2\/media?parent=1881"}],"curies":[{"name":"wp","href":"https:\/\/api.w.org\/{rel}","templated":true}]}}