{"id":196,"date":"2023-06-14T13:04:30","date_gmt":"2023-06-14T18:04:30","guid":{"rendered":"https:\/\/ddo.usac.edu.gt\/?page_id=196"},"modified":"2024-02-19T08:52:55","modified_gmt":"2024-02-19T13:52:55","slug":"division-de-publicidad-e-informacion","status":"publish","type":"page","link":"https:\/\/ddo.usac.edu.gt\/index.php\/administracion-central\/rectoria\/division-de-publicidad-e-informacion\/","title":{"rendered":"DIVISI\u00d3N DE COMUNICACI\u00d3N Y RELACIONES P\u00daBLICAS"},"content":{"rendered":"\n<h3 class=\"wp-block-heading has-text-color\" style=\"color:#001efe\"><strong><em>Divisi\u00f3n de Publicidad e Informaci\u00f3n<\/em><\/strong><\/h3>\n\n\n\n<p><strong>Sitio Web<\/strong>: <a href=\"https:\/\/divisiondepublicidad.usac.edu.gt\" target=\"_blank\" rel=\"noreferrer noopener\">https:\/\/divisiondepublicidad.usac.edu.gt<\/a><\/p>\n\n\n\n<h2 class=\"wp-block-heading has-white-color has-vivid-cyan-blue-background-color has-text-color has-background\" id=\"morganizacion\">Manual de Organizaci\u00f3n Vigente<\/h2>\n\n\n\n<h5 class=\"wp-block-heading\">PRESENTACI\u00d3N<\/h5>\n\n\n\n<p>Para el Rector de la Universidad de San Carlos de Guatemala, es altamente satisfactorio poner al servicio de autoridades y trabajadores administrativos de esta Divisi\u00f3n, el presente MANUAL DE ORGANIZACI\u00d3N, el cual constituye un instrumento administrativo de suma importancia, ya que en el se enmarcan los aspectos generales en cuanto a: Definici\u00f3n, Base Legal, Marco Hist\u00f3rico, Misi\u00f3n, Visi\u00f3n, Objetivos, Funciones, Estructura Organizativa y Descripci\u00f3n T\u00e9cnica de Puestos.<\/p>\n\n\n\n<p>La Divisi\u00f3n de Publicidad es la dependencia encargada de mantener una relaci\u00f3n estrecha y constante con los medios de comunicaci\u00f3n social masivos del pa\u00eds y el extranjero para el mejor logro de sus objetivos.<\/p>\n\n\n\n<p>Los objetivos que persigue el Manual de Organizaci\u00f3n, son los siguientes: a) Fijar por escrito y sistematizar las funciones generales y las actividades de cada puesto administrativo, b) servir de medio de comunicaci\u00f3n, c) facilitar la delegaci\u00f3n de funciones, d) simplificar y ordenar el trabajo, e) orientar y guiar al trabajador, f) apoyar la gesti\u00f3n administrativa de las dependencias.<\/p>\n\n\n\n<p>As\u00ed mismo, contempla lo relativo a niveles jer\u00e1rquicos, los grados de autoridad y responsabilidad, los canales de comunicaci\u00f3n y coordinaci\u00f3n, organigrama general que describen en forma gr\u00e1fica la estructura de la dependencia administrativa.<\/p>\n\n\n\n<p><\/p>\n\n\n\n<div class=\"wp-block-buttons is-layout-flex wp-block-buttons-is-layout-flex\">\n<div class=\"wp-block-button\"><a class=\"wp-block-button__link wp-element-button\" href=\"https:\/\/ddo.usac.edu.gt\/\/wp-content\/uploads\/2023\/06\/M-O-DIVISION-DE-PUBLICIDAD-2006.pdf\" style=\"border-radius:10px\" target=\"_blank\" rel=\"noreferrer noopener\">Descargar Documento PDF<\/a><\/div>\n<\/div>\n\n\n\n<hr class=\"wp-block-separator has-alpha-channel-opacity\"\/>\n\n\n\n<h2 class=\"wp-block-heading has-background\" id=\"historico\" style=\"background-color:#07cce3\">Hist\u00f3rico<\/h2>\n\n\n\n<figure class=\"wp-block-table is-style-stripes\"><table><thead><tr><th class=\"has-text-align-right\" data-align=\"right\">No.<\/th><th class=\"has-text-align-center\" data-align=\"center\">Descripci\u00f3n<\/th><th class=\"has-text-align-center\" data-align=\"center\">Unidad<\/th><th>Fecha<\/th><th class=\"has-text-align-center\" data-align=\"center\">Descargar Documento<\/th><\/tr><\/thead><tbody><tr><td class=\"has-text-align-right\" data-align=\"right\">1<\/td><td class=\"has-text-align-center\" data-align=\"center\">Manual de Organizaci\u00f3n Rector\u00eda, Secretar\u00eda General y Divisi\u00f3n de Publicidad e Informaci\u00f3n.<\/td><td class=\"has-text-align-center\" data-align=\"center\">Rector\u00eda<\/td><td>Julio de 2006<\/td><td class=\"has-text-align-center\" data-align=\"center\"><a href=\"https:\/\/ddo.usac.edu.gt\/\/wp-content\/uploads\/2023\/06\/M-O-Rec-Sec-y-Publi-2006.pdf\" target=\"_blank\" rel=\"noreferrer noopener\">Descargar<\/a><\/td><\/tr><tr><td class=\"has-text-align-right\" data-align=\"right\"><\/td><td class=\"has-text-align-center\" data-align=\"center\"><\/td><td class=\"has-text-align-center\" data-align=\"center\"><\/td><td><\/td><td class=\"has-text-align-center\" data-align=\"center\"><\/td><\/tr><\/tbody><\/table><\/figure>\n","protected":false},"excerpt":{"rendered":"<p>Divisi\u00f3n de Publicidad e Informaci\u00f3n Sitio Web: https:\/\/divisiondepublicidad.usac.edu.gt Manual de Organizaci\u00f3n Vigente PRESENTACI\u00d3N Para el Rector de la Universidad de San Carlos de Guatemala, es altamente satisfactorio poner al servicio de autoridades y trabajadores administrativos de esta Divisi\u00f3n, el presente MANUAL DE ORGANIZACI\u00d3N, el cual constituye un instrumento administrativo de suma importancia, ya que en [&hellip;]<\/p>\n","protected":false},"author":1,"featured_media":0,"parent":122,"menu_order":0,"comment_status":"closed","ping_status":"closed","template":"","meta":{"iawp_total_views":1,"footnotes":""},"class_list":["post-196","page","type-page","status-publish","czr-hentry"],"_links":{"self":[{"href":"https:\/\/ddo.usac.edu.gt\/index.php\/wp-json\/wp\/v2\/pages\/196","targetHints":{"allow":["GET"]}}],"collection":[{"href":"https:\/\/ddo.usac.edu.gt\/index.php\/wp-json\/wp\/v2\/pages"}],"about":[{"href":"https:\/\/ddo.usac.edu.gt\/index.php\/wp-json\/wp\/v2\/types\/page"}],"author":[{"embeddable":true,"href":"https:\/\/ddo.usac.edu.gt\/index.php\/wp-json\/wp\/v2\/users\/1"}],"replies":[{"embeddable":true,"href":"https:\/\/ddo.usac.edu.gt\/index.php\/wp-json\/wp\/v2\/comments?post=196"}],"version-history":[{"count":6,"href":"https:\/\/ddo.usac.edu.gt\/index.php\/wp-json\/wp\/v2\/pages\/196\/revisions"}],"predecessor-version":[{"id":285,"href":"https:\/\/ddo.usac.edu.gt\/index.php\/wp-json\/wp\/v2\/pages\/196\/revisions\/285"}],"up":[{"embeddable":true,"href":"https:\/\/ddo.usac.edu.gt\/index.php\/wp-json\/wp\/v2\/pages\/122"}],"wp:attachment":[{"href":"https:\/\/ddo.usac.edu.gt\/index.php\/wp-json\/wp\/v2\/media?parent=196"}],"curies":[{"name":"wp","href":"https:\/\/api.w.org\/{rel}","templated":true}]}}