{"id":20,"date":"2022-04-04T15:09:59","date_gmt":"2022-04-04T20:09:59","guid":{"rendered":"https:\/\/ddo.usac.edu.gt\/\/?page_id=20"},"modified":"2024-03-12T10:44:09","modified_gmt":"2024-03-12T15:44:09","slug":"marco-organizacional","status":"publish","type":"page","link":"https:\/\/ddo.usac.edu.gt\/index.php\/marco-organizacional\/","title":{"rendered":"DEFINICI\u00d3N"},"content":{"rendered":"\n<hr class=\"wp-block-separator has-alpha-channel-opacity\"\/>\n\n\n\n<p><\/p>\n\n\n\n<h2 class=\"wp-block-heading has-white-color has-text-color has-background has-link-color wp-elements-66a029e1b4f75b1c915e70dee5ed14ff\" style=\"background-color:#002944\">DEFINICI\u00d3N<\/h2>\n\n\n\n<div class=\"wp-block-group\"><div class=\"wp-block-group__inner-container is-layout-constrained wp-block-group-is-layout-constrained\">\n<div class=\"wp-block-columns is-layout-flex wp-container-core-columns-is-layout-9d6595d7 wp-block-columns-is-layout-flex\">\n<div class=\"wp-block-column is-vertically-aligned-center is-layout-flow wp-block-column-is-layout-flow\" style=\"flex-basis:300px\"><div class=\"wp-block-image\">\n<figure class=\"aligncenter size-full is-resized\"><img loading=\"lazy\" decoding=\"async\" width=\"1127\" height=\"1162\" src=\"https:\/\/ddo.usac.edu.gt\/wp-content\/uploads\/2024\/03\/NUEVO-LOGO-DDO-.jpg\" alt=\"\" class=\"wp-image-1149\" style=\"width:250px\" srcset=\"https:\/\/ddo.usac.edu.gt\/wp-content\/uploads\/2024\/03\/NUEVO-LOGO-DDO-.jpg 1127w, https:\/\/ddo.usac.edu.gt\/wp-content\/uploads\/2024\/03\/NUEVO-LOGO-DDO--291x300.jpg 291w, https:\/\/ddo.usac.edu.gt\/wp-content\/uploads\/2024\/03\/NUEVO-LOGO-DDO--993x1024.jpg 993w, https:\/\/ddo.usac.edu.gt\/wp-content\/uploads\/2024\/03\/NUEVO-LOGO-DDO--768x792.jpg 768w\" sizes=\"auto, (max-width: 1127px) 100vw, 1127px\" \/><\/figure>\n<\/div><\/div>\n\n\n\n<div class=\"wp-block-column is-vertically-aligned-center is-layout-flow wp-block-column-is-layout-flow\">\n<p class=\"has-medium-font-size\">La Divisi\u00f3n de Desarrollo Organizacional es la dependencia especializada de la Direcci\u00f3n General de Administraci\u00f3n, encargada de realizar estudios, investigaciones e intervenciones en el \u00e1mbito de desarrollo organizacional y proporcionar asesor\u00eda t\u00e9cnica, apoyo y acompa\u00f1amiento a las unidades acad\u00e9micas y administrativas de la Universidad de San Carlos de Guatemala, en las \u00e1reas de estudios de organizaci\u00f3n, sistemas y procesos, fortalecimiento del talento humano y gesti\u00f3n estrat\u00e9gica del cambio.<\/p>\n\n\n\n<p class=\"has-medium-font-size\"><\/p>\n<\/div>\n<\/div>\n\n\n\n<hr class=\"wp-block-separator has-alpha-channel-opacity\"\/>\n<\/div><\/div>\n","protected":false},"excerpt":{"rendered":"<p>DEFINICI\u00d3N La Divisi\u00f3n de Desarrollo Organizacional es la dependencia especializada de la Direcci\u00f3n General de Administraci\u00f3n, encargada de realizar estudios, investigaciones e intervenciones en el \u00e1mbito de desarrollo organizacional y proporcionar asesor\u00eda t\u00e9cnica, apoyo y acompa\u00f1amiento a las unidades acad\u00e9micas y administrativas de la Universidad de San Carlos de Guatemala, en las \u00e1reas de estudios [&hellip;]<\/p>\n","protected":false},"author":1,"featured_media":0,"parent":0,"menu_order":0,"comment_status":"closed","ping_status":"closed","template":"","meta":{"iawp_total_views":62,"footnotes":""},"class_list":["post-20","page","type-page","status-publish","czr-hentry"],"_links":{"self":[{"href":"https:\/\/ddo.usac.edu.gt\/index.php\/wp-json\/wp\/v2\/pages\/20","targetHints":{"allow":["GET"]}}],"collection":[{"href":"https:\/\/ddo.usac.edu.gt\/index.php\/wp-json\/wp\/v2\/pages"}],"about":[{"href":"https:\/\/ddo.usac.edu.gt\/index.php\/wp-json\/wp\/v2\/types\/page"}],"author":[{"embeddable":true,"href":"https:\/\/ddo.usac.edu.gt\/index.php\/wp-json\/wp\/v2\/users\/1"}],"replies":[{"embeddable":true,"href":"https:\/\/ddo.usac.edu.gt\/index.php\/wp-json\/wp\/v2\/comments?post=20"}],"version-history":[{"count":9,"href":"https:\/\/ddo.usac.edu.gt\/index.php\/wp-json\/wp\/v2\/pages\/20\/revisions"}],"predecessor-version":[{"id":1335,"href":"https:\/\/ddo.usac.edu.gt\/index.php\/wp-json\/wp\/v2\/pages\/20\/revisions\/1335"}],"wp:attachment":[{"href":"https:\/\/ddo.usac.edu.gt\/index.php\/wp-json\/wp\/v2\/media?parent=20"}],"curies":[{"name":"wp","href":"https:\/\/api.w.org\/{rel}","templated":true}]}}