{"id":203,"date":"2023-06-14T13:38:23","date_gmt":"2023-06-14T18:38:23","guid":{"rendered":"https:\/\/ddo.usac.edu.gt\/?page_id=203"},"modified":"2024-02-19T08:54:18","modified_gmt":"2024-02-19T13:54:18","slug":"secretaria-general","status":"publish","type":"page","link":"https:\/\/ddo.usac.edu.gt\/index.php\/administracion-central\/secretaria-general\/","title":{"rendered":"SECRETAR\u00cdA GENERAL"},"content":{"rendered":"\n<p><strong>Sitio Web<\/strong>: <a href=\"https:\/\/secgen.usac.edu.gt\" target=\"_blank\" rel=\"noreferrer noopener\">https:\/\/secgen.usac.edu.gt<\/a><\/p>\n\n\n\n<h2 class=\"wp-block-heading has-white-color has-vivid-cyan-blue-background-color has-text-color has-background\" id=\"morganizacion\">Manual de Organizaci\u00f3n Vigente<\/h2>\n\n\n\n<h5 class=\"wp-block-heading\">PRESENTACI\u00d3N<\/h5>\n\n\n\n<p>Para el Secretario General de la Universidad de San Carlos de Guatemala, es satisfactorio poner al servicio de funcionarios, autoridades y trabajadores administrativos de esta Secretar\u00eda, la Actualizaci\u00f3n del Manual de Organizaci\u00f3n, el cual constituye un instrumento administrativo de suma importancia, ya que el mismo contempla lo relativo a niveles jer\u00e1rquicos, los grados de autoridad y responsabilidad, los canales de comunicaci\u00f3n y coordinaci\u00f3n, organigrama general que describen en forma gr\u00e1fica la estructura de la dependencia administrativa.<\/p>\n\n\n\n<p>Esta instancia es la responsable de mantener una comunicaci\u00f3n efectiva y eficiente entre el Consejo Superior Universitario, Rector\u00eda y las Unidades Acad\u00e9micas y Administrativas que conforman la Universidad de San Carlos de Guatemala.<\/p>\n\n\n\n<p>La presente actualizaci\u00f3n contiene aspectos generales en cuanto a: Definici\u00f3n, Base Legal, Marco Hist\u00f3rico, Objetivos, Funciones, Estructura Organizativa y Descripci\u00f3n T\u00e9cnica de Puestos de esta Secretaria General.<\/p>\n\n\n\n<p><\/p>\n\n\n\n<div class=\"wp-block-buttons is-layout-flex wp-block-buttons-is-layout-flex\">\n<div class=\"wp-block-button\"><a class=\"wp-block-button__link wp-element-button\" href=\"https:\/\/ddo.usac.edu.gt\/\/wp-content\/uploads\/2023\/06\/02-M-O-SECRETARIA-GENERAL-2018.pdf\" style=\"border-radius:10px\" target=\"_blank\" rel=\"noreferrer noopener\">Descargar Documento PDF<\/a><\/div>\n<\/div>\n\n\n\n<hr class=\"wp-block-separator has-alpha-channel-opacity\"\/>\n\n\n\n<h2 class=\"wp-block-heading has-background\" id=\"historico\" style=\"background-color:#07cce3\">Hist\u00f3rico<\/h2>\n\n\n\n<figure class=\"wp-block-table is-style-stripes\"><table><thead><tr><th class=\"has-text-align-right\" data-align=\"right\">No.<\/th><th class=\"has-text-align-center\" data-align=\"center\">Descripci\u00f3n<\/th><th class=\"has-text-align-center\" data-align=\"center\">Unidad<\/th><th>Fecha<\/th><th class=\"has-text-align-center\" data-align=\"center\">Descargar Documento<\/th><\/tr><\/thead><tbody><tr><td class=\"has-text-align-right\" data-align=\"right\">1<\/td><td class=\"has-text-align-center\" data-align=\"center\">MANUAL DE ORGANIZACI\u00d3N<\/td><td class=\"has-text-align-center\" data-align=\"center\">Secretar\u00eda General<\/td><td>Julio de 2006<\/td><td class=\"has-text-align-center\" data-align=\"center\"><a href=\"https:\/\/ddo.usac.edu.gt\/\/wp-content\/uploads\/2023\/06\/M-O-Especifico-de-Secretaria-General-2006.pdf\" target=\"_blank\" rel=\"noreferrer noopener\">Descargar<\/a><\/td><\/tr><tr><td class=\"has-text-align-right\" data-align=\"right\"><\/td><td class=\"has-text-align-center\" data-align=\"center\"><\/td><td class=\"has-text-align-center\" data-align=\"center\"><\/td><td><\/td><td class=\"has-text-align-center\" data-align=\"center\"><\/td><\/tr><\/tbody><\/table><\/figure>\n\n\n\n<h2 class=\"wp-block-heading has-white-color has-text-color has-background\" id=\"normasyp\" style=\"background-color:#131f61\">Manual de Normas y Procedimientos Vigente<\/h2>\n\n\n\n<h5 class=\"wp-block-heading\">INTRODUCCI\u00d3N<\/h5>\n\n\n\n<p>Rector\u00eda es el \u00f3rgano de comunicaci\u00f3n entre la Universidad y el Gobierno de la Rep\u00fablica, responsable de ejecutar y hacer cumplir las resoluciones del Consejo Superior Universitario, as\u00ed como la instancia de decisi\u00f3n superior, con representaci\u00f3n legal de la Universidad de San Carlos de Guatemala.<\/p>\n\n\n\n<p>Secretar\u00eda General es el \u00f3rgano de comunicaci\u00f3n entre Rector\u00eda, el Consejo Superior Universitario y las dependencias que integran la Universidad de San Carlos de Guatemala. La Secretar\u00eda General desempe\u00f1a la funci\u00f3n de ejecutora e intermediaria de las decisiones adoptadas por las m\u00e1ximas autoridades.<\/p>\n\n\n\n<p>El presente Manual de Normas y Procedimientos da a conocer de manera espec\u00edfica los procedimientos administrativos de esta dependencia, conteniendo: t\u00edtulo, objetivos, definici\u00f3n, normas, formas, descripci\u00f3n y diagramas de flujo.<\/p>\n\n\n\n<p>El prop\u00f3sito fundamental de este instrumento administrativo, es servir como auxiliar al personal de Rector\u00eda y Secretar\u00eda General en la realizaci\u00f3n de las funciones que la naturaleza de cada unidad requiera.<\/p>\n\n\n\n<p>El Manual que se presenta, es producto de la colaboraci\u00f3n de las personas que laboran en esta dependencia, por lo que se agradece el esfuerzo realizado para llevar a cabo este documento; mismo que se encontrar\u00e1 a su disposici\u00f3n para que sea de utilidad en las actividades cotidianas.<\/p>\n\n\n\n<p><\/p>\n\n\n\n<div class=\"wp-block-buttons is-layout-flex wp-block-buttons-is-layout-flex\">\n<div class=\"wp-block-button\"><a class=\"wp-block-button__link wp-element-button\" href=\"https:\/\/ddo.usac.edu.gt\/\/wp-content\/uploads\/2023\/06\/M-N-Y-P-Secretaria-General-2010.pdf\" style=\"border-radius:10px\" target=\"_blank\" rel=\"noreferrer noopener\">Descargar Documento PDF<\/a><\/div>\n<\/div>\n","protected":false},"excerpt":{"rendered":"<p>Sitio Web: https:\/\/secgen.usac.edu.gt Manual de Organizaci\u00f3n Vigente PRESENTACI\u00d3N Para el Secretario General de la Universidad de San Carlos de Guatemala, es satisfactorio poner al servicio de funcionarios, autoridades y trabajadores administrativos de esta Secretar\u00eda, la Actualizaci\u00f3n del Manual de Organizaci\u00f3n, el cual constituye un instrumento administrativo de suma importancia, ya que el mismo contempla lo [&hellip;]<\/p>\n","protected":false},"author":1,"featured_media":0,"parent":420,"menu_order":0,"comment_status":"closed","ping_status":"closed","template":"","meta":{"iawp_total_views":123,"footnotes":""},"class_list":["post-203","page","type-page","status-publish","czr-hentry"],"_links":{"self":[{"href":"https:\/\/ddo.usac.edu.gt\/index.php\/wp-json\/wp\/v2\/pages\/203","targetHints":{"allow":["GET"]}}],"collection":[{"href":"https:\/\/ddo.usac.edu.gt\/index.php\/wp-json\/wp\/v2\/pages"}],"about":[{"href":"https:\/\/ddo.usac.edu.gt\/index.php\/wp-json\/wp\/v2\/types\/page"}],"author":[{"embeddable":true,"href":"https:\/\/ddo.usac.edu.gt\/index.php\/wp-json\/wp\/v2\/users\/1"}],"replies":[{"embeddable":true,"href":"https:\/\/ddo.usac.edu.gt\/index.php\/wp-json\/wp\/v2\/comments?post=203"}],"version-history":[{"count":4,"href":"https:\/\/ddo.usac.edu.gt\/index.php\/wp-json\/wp\/v2\/pages\/203\/revisions"}],"predecessor-version":[{"id":287,"href":"https:\/\/ddo.usac.edu.gt\/index.php\/wp-json\/wp\/v2\/pages\/203\/revisions\/287"}],"up":[{"embeddable":true,"href":"https:\/\/ddo.usac.edu.gt\/index.php\/wp-json\/wp\/v2\/pages\/420"}],"wp:attachment":[{"href":"https:\/\/ddo.usac.edu.gt\/index.php\/wp-json\/wp\/v2\/media?parent=203"}],"curies":[{"name":"wp","href":"https:\/\/api.w.org\/{rel}","templated":true}]}}