{"id":218,"date":"2023-06-14T15:51:27","date_gmt":"2023-06-14T20:51:27","guid":{"rendered":"https:\/\/ddo.usac.edu.gt\/?page_id=218"},"modified":"2024-03-18T16:11:06","modified_gmt":"2024-03-18T21:11:06","slug":"instituto-universitario-de-la-mujer","status":"publish","type":"page","link":"https:\/\/ddo.usac.edu.gt\/index.php\/administracion-central\/secretaria-general\/instituto-universitario-de-la-mujer\/","title":{"rendered":"INSTITUTO UNIVERSITARIO DE LA MUJER -IUMUSAC-"},"content":{"rendered":"\n<h3 class=\"wp-block-heading has-text-color\" style=\"color:#2911d1\"><strong>IUMUSAC<\/strong><\/h3>\n\n\n\n<p><strong>Sitio Web:<\/strong> <a href=\"https:\/\/iumusac.usac.edu.gt\" target=\"_blank\" rel=\"noreferrer noopener\">https:\/\/iumusac.usac.edu.gt<\/a><\/p>\n\n\n\n<h2 class=\"wp-block-heading has-white-color has-text-color has-background has-link-color wp-elements-66a029e1b4f75b1c915e70dee5ed14ff\" style=\"background-color:#002944\">DEFINICI\u00d3N<\/h2>\n\n\n\n<div class=\"wp-block-group\"><div class=\"wp-block-group__inner-container is-layout-constrained wp-block-group-is-layout-constrained\">\n<div class=\"wp-block-columns is-layout-flex wp-container-core-columns-is-layout-9d6595d7 wp-block-columns-is-layout-flex\">\n<div class=\"wp-block-column is-vertically-aligned-center is-layout-flow wp-block-column-is-layout-flow\" style=\"flex-basis:300px\"><div class=\"wp-block-image\">\n<figure class=\"aligncenter size-full is-resized\"><img loading=\"lazy\" decoding=\"async\" width=\"1024\" height=\"608\" src=\"https:\/\/ddo.usac.edu.gt\/wp-content\/uploads\/2024\/03\/Logo-IUMUSAC.png\" alt=\"\" class=\"wp-image-641\" style=\"width:250px\" srcset=\"https:\/\/ddo.usac.edu.gt\/wp-content\/uploads\/2024\/03\/Logo-IUMUSAC.png 1024w, https:\/\/ddo.usac.edu.gt\/wp-content\/uploads\/2024\/03\/Logo-IUMUSAC-300x178.png 300w, https:\/\/ddo.usac.edu.gt\/wp-content\/uploads\/2024\/03\/Logo-IUMUSAC-768x456.png 768w\" sizes=\"auto, (max-width: 1024px) 100vw, 1024px\" \/><\/figure>\n<\/div><\/div>\n\n\n\n<div class=\"wp-block-column is-vertically-aligned-center is-layout-flow wp-block-column-is-layout-flow\">\n<p class=\"has-medium-font-size\">El Instituto Universitario de la Mujer de la Universidad de San Carlos de Guatemala \u201cLicda. Miriam Ileana Maldonado Batres\u201d, es la dependencia encargada de impulsar y coordinar los estudios universitarios sobre la condici\u00f3n, situaci\u00f3n y posici\u00f3n de las mujeres guatemaltecas y universitarias, debe contribuir al empoderamiento y liderazgo de las mujeres guatemaltecas en todos los \u00e1mbitos procurando la erradicaci\u00f3n de la violencia, la exclusi\u00f3n y la discriminaci\u00f3n de g\u00e9nero y al mismo tiempo favorecer el acceso equitativo de todas las mujeres a la Educaci\u00f3n Superior. El Instituto tiene como ejes prioritarios consolidar una cultura con equidad de g\u00e9nero, respeto a los derechos humanos, reconocimiento a la diversidad sociocultural y pluralidad de pensamiento, impulsando la adopci\u00f3n de nuevos valores y actitudes para una convivencia en igualdad, equidad y respeto, en la comunidad universitaria y en la sociedad de Guatemala en general adem\u00e1s de constituirse en el ente responsable de velar por el cumplimiento, coordinaci\u00f3n, ejecuci\u00f3n y monitoreo de la \u201cPol\u00edtica de Equidad de G\u00e9nero en la Educaci\u00f3n Superior\u201d, en esta universidad.<\/p>\n<\/div>\n<\/div>\n\n\n\n<div class=\"wp-block-columns has-white-color has-text-color has-background has-link-color wp-elements-e6ad4d1f5d6974ae7a6ee3070f2b5abc is-layout-flex wp-container-core-columns-is-layout-9d6595d7 wp-block-columns-is-layout-flex\" style=\"background-color:#00447c\">\n<div class=\"wp-block-column is-vertically-aligned-center is-layout-flow wp-block-column-is-layout-flow\">\n<h2 class=\"wp-block-heading alignwide has-white-color has-text-color has-link-color has-large-font-size wp-elements-6cbe81240a440b3bab719717403476ef\">Manual de Organizaci\u00f3n Vigente<\/h2>\n<\/div>\n\n\n\n<div class=\"wp-block-column is-vertically-aligned-bottom is-layout-flow wp-block-column-is-layout-flow\">\n<div class=\"wp-block-buttons alignwide is-vertical is-content-justification-right is-layout-flex wp-container-core-buttons-is-layout-17ed0cd2 wp-block-buttons-is-layout-flex\">\n<div class=\"wp-block-button is-style-fill\"><a class=\"wp-block-button__link has-black-color has-white-background-color has-text-color has-background has-link-color wp-element-button\" href=\"https:\/\/ddo.usac.edu.gt\/wp-content\/uploads\/2023\/06\/M-O-IUMUSAC-2018.pdf\" style=\"border-radius:10px\" target=\"_blank\" rel=\"noreferrer noopener\"><strong>Descargar Documento PDF<\/strong><\/a><\/div>\n<\/div>\n<\/div>\n<\/div>\n\n\n\n<hr class=\"wp-block-separator has-alpha-channel-opacity\"\/>\n\n\n\n<div class=\"wp-block-columns has-white-color has-text-color has-background has-link-color wp-elements-dd5c370523f30a1870f67762775bfc92 is-layout-flex wp-container-core-columns-is-layout-9d6595d7 wp-block-columns-is-layout-flex\" style=\"background-color:#006ff4\">\n<div class=\"wp-block-column is-vertically-aligned-center is-layout-flow wp-block-column-is-layout-flow\">\n<h2 class=\"wp-block-heading alignwide has-white-color has-text-color has-link-color has-large-font-size wp-elements-d2729405e9f8cb3c1c1ae43a09fbea43\">Manual de Normas y Procedimientos Vigente<\/h2>\n<\/div>\n\n\n\n<div class=\"wp-block-column is-vertically-aligned-bottom is-layout-flow wp-block-column-is-layout-flow\">\n<div class=\"wp-block-buttons alignwide is-vertical is-content-justification-right is-layout-flex wp-container-core-buttons-is-layout-17ed0cd2 wp-block-buttons-is-layout-flex\">\n<div class=\"wp-block-button\"><a class=\"wp-block-button__link has-black-color has-text-color has-background has-link-color wp-element-button\" href=\"https:\/\/ddo.usac.edu.gt\/wp-content\/uploads\/2023\/06\/Manual-de-Normas-y-Procedimientos-IUMUSAC-2017.pdf\" style=\"border-radius:10px;background-color:#fefefe\" target=\"_blank\" rel=\"noreferrer noopener\"><strong>Descargar Documento PDF<\/strong><\/a><\/div>\n<\/div>\n<\/div>\n<\/div>\n<\/div><\/div>\n","protected":false},"excerpt":{"rendered":"<p>IUMUSAC Sitio Web: https:\/\/iumusac.usac.edu.gt DEFINICI\u00d3N El Instituto Universitario de la Mujer de la Universidad de San Carlos de Guatemala \u201cLicda. Miriam Ileana Maldonado Batres\u201d, es la dependencia encargada de impulsar y coordinar los estudios universitarios sobre la condici\u00f3n, situaci\u00f3n y posici\u00f3n de las mujeres guatemaltecas y universitarias, debe contribuir al empoderamiento y liderazgo de las [&hellip;]<\/p>\n","protected":false},"author":1,"featured_media":0,"parent":203,"menu_order":0,"comment_status":"closed","ping_status":"closed","template":"","meta":{"iawp_total_views":46,"footnotes":""},"class_list":["post-218","page","type-page","status-publish","czr-hentry"],"_links":{"self":[{"href":"https:\/\/ddo.usac.edu.gt\/index.php\/wp-json\/wp\/v2\/pages\/218","targetHints":{"allow":["GET"]}}],"collection":[{"href":"https:\/\/ddo.usac.edu.gt\/index.php\/wp-json\/wp\/v2\/pages"}],"about":[{"href":"https:\/\/ddo.usac.edu.gt\/index.php\/wp-json\/wp\/v2\/types\/page"}],"author":[{"embeddable":true,"href":"https:\/\/ddo.usac.edu.gt\/index.php\/wp-json\/wp\/v2\/users\/1"}],"replies":[{"embeddable":true,"href":"https:\/\/ddo.usac.edu.gt\/index.php\/wp-json\/wp\/v2\/comments?post=218"}],"version-history":[{"count":8,"href":"https:\/\/ddo.usac.edu.gt\/index.php\/wp-json\/wp\/v2\/pages\/218\/revisions"}],"predecessor-version":[{"id":2100,"href":"https:\/\/ddo.usac.edu.gt\/index.php\/wp-json\/wp\/v2\/pages\/218\/revisions\/2100"}],"up":[{"embeddable":true,"href":"https:\/\/ddo.usac.edu.gt\/index.php\/wp-json\/wp\/v2\/pages\/203"}],"wp:attachment":[{"href":"https:\/\/ddo.usac.edu.gt\/index.php\/wp-json\/wp\/v2\/media?parent=218"}],"curies":[{"name":"wp","href":"https:\/\/api.w.org\/{rel}","templated":true}]}}