{"id":2487,"date":"2026-02-20T15:38:29","date_gmt":"2026-02-20T20:38:29","guid":{"rendered":"https:\/\/ddo.usac.edu.gt\/?page_id=2487"},"modified":"2026-02-20T15:48:48","modified_gmt":"2026-02-20T20:48:48","slug":"clasificacion-descentralizadas-y-desconcentradas","status":"publish","type":"page","link":"https:\/\/ddo.usac.edu.gt\/index.php\/clasificacion-descentralizadas-y-desconcentradas\/","title":{"rendered":"DESCENTRALIZADAS Y DESCONCENTRADAS"},"content":{"rendered":"\n<h2 class=\"wp-block-heading has-white-color has-text-color has-background has-link-color wp-elements-9526e19b7612ed3f08b88f06b971edcc\" style=\"background-color:#002944\">CLASIFICACI\u00d3N DE UNIDADES CENTRALIZADAS, DESCENTRALIZADAS Y DESCONCENTRADAS<br>DE LA UNIVERSIDAD DE SAN CARLOS DE GUATEMALA<\/h2>\n\n\n\n<hr class=\"wp-block-separator has-alpha-channel-opacity\"\/>\n\n\n\n<div class=\"wp-block-columns is-layout-flex wp-container-core-columns-is-layout-9d6595d7 wp-block-columns-is-layout-flex\">\n<div class=\"wp-block-column is-vertically-aligned-center is-layout-flow wp-block-column-is-layout-flow\" style=\"flex-basis:300px\"><div class=\"wp-block-image\">\n<figure class=\"aligncenter size-full is-resized\"><img loading=\"lazy\" decoding=\"async\" width=\"685\" height=\"455\" src=\"https:\/\/ddo.usac.edu.gt\/wp-content\/uploads\/2024\/03\/organizacional.png\" alt=\"\" class=\"wp-image-2036\" style=\"width:315px\" srcset=\"https:\/\/ddo.usac.edu.gt\/wp-content\/uploads\/2024\/03\/organizacional.png 685w, https:\/\/ddo.usac.edu.gt\/wp-content\/uploads\/2024\/03\/organizacional-300x199.png 300w\" sizes=\"auto, (max-width: 685px) 100vw, 685px\" \/><\/figure>\n<\/div><\/div>\n\n\n\n<div class=\"wp-block-column is-vertically-aligned-center is-layout-flow wp-block-column-is-layout-flow\">\n<p class=\"has-medium-font-size\">La Divisi\u00f3n de Desarrollo Organizacional, ha identificado que en la Universidad de San Carlos de Guatemala coexisten distintos usos e interpretaciones de los conceptos de centralizaci\u00f3n, descentralizaci\u00f3n y desconcentraci\u00f3n, tanto en documentos administrativos como en criterios operativos aplicados por diversas dependencias.<\/p>\n<\/div>\n<\/div>\n\n\n\n<hr class=\"wp-block-separator has-alpha-channel-opacity\"\/>\n\n\n\n<div class=\"wp-block-columns are-vertically-aligned-center is-layout-flex wp-container-core-columns-is-layout-9d6595d7 wp-block-columns-is-layout-flex\">\n<div class=\"wp-block-column is-vertically-aligned-center is-layout-flow wp-block-column-is-layout-flow\">\n<h4 class=\"wp-block-heading has-text-align-left has-medium-font-size\"><strong>ESTUDIO DE LA CARACTERIZACI\u00d3N DE LA ESTRUCTURA ORGANIZATIVA DE LA USAC<\/strong><\/h4>\n<\/div>\n\n\n\n<div class=\"wp-block-column is-vertically-aligned-center is-layout-flow wp-block-column-is-layout-flow\">\n<div class=\"wp-block-buttons is-content-justification-right is-layout-flex wp-container-core-buttons-is-layout-765c4724 wp-block-buttons-is-layout-flex\">\n<div class=\"wp-block-button\"><a class=\"wp-block-button__link has-white-color has-text-color has-background has-link-color wp-element-button\" href=\"https:\/\/ddo.usac.edu.gt\/wp-content\/uploads\/2026\/02\/Clasificacion-unidades-descentralizadas-desconcentradas-2026.pdf\" style=\"border-radius:9px;background-color:#00447c\">Descargar documento PDF<\/a><\/div>\n<\/div>\n<\/div>\n<\/div>\n\n\n\n<hr class=\"wp-block-separator has-alpha-channel-opacity\"\/>\n","protected":false},"excerpt":{"rendered":"<p>CLASIFICACI\u00d3N DE UNIDADES CENTRALIZADAS, DESCENTRALIZADAS Y DESCONCENTRADASDE LA UNIVERSIDAD DE SAN CARLOS DE GUATEMALA La Divisi\u00f3n de Desarrollo Organizacional, ha identificado que en la Universidad de San Carlos de Guatemala coexisten distintos usos e interpretaciones de los conceptos de centralizaci\u00f3n, descentralizaci\u00f3n y desconcentraci\u00f3n, tanto en documentos administrativos como en criterios operativos aplicados por diversas dependencias. [&hellip;]<\/p>\n","protected":false},"author":3,"featured_media":0,"parent":0,"menu_order":0,"comment_status":"closed","ping_status":"closed","template":"","meta":{"iawp_total_views":8,"footnotes":""},"class_list":["post-2487","page","type-page","status-publish","czr-hentry"],"_links":{"self":[{"href":"https:\/\/ddo.usac.edu.gt\/index.php\/wp-json\/wp\/v2\/pages\/2487","targetHints":{"allow":["GET"]}}],"collection":[{"href":"https:\/\/ddo.usac.edu.gt\/index.php\/wp-json\/wp\/v2\/pages"}],"about":[{"href":"https:\/\/ddo.usac.edu.gt\/index.php\/wp-json\/wp\/v2\/types\/page"}],"author":[{"embeddable":true,"href":"https:\/\/ddo.usac.edu.gt\/index.php\/wp-json\/wp\/v2\/users\/3"}],"replies":[{"embeddable":true,"href":"https:\/\/ddo.usac.edu.gt\/index.php\/wp-json\/wp\/v2\/comments?post=2487"}],"version-history":[{"count":4,"href":"https:\/\/ddo.usac.edu.gt\/index.php\/wp-json\/wp\/v2\/pages\/2487\/revisions"}],"predecessor-version":[{"id":2494,"href":"https:\/\/ddo.usac.edu.gt\/index.php\/wp-json\/wp\/v2\/pages\/2487\/revisions\/2494"}],"wp:attachment":[{"href":"https:\/\/ddo.usac.edu.gt\/index.php\/wp-json\/wp\/v2\/media?parent=2487"}],"curies":[{"name":"wp","href":"https:\/\/api.w.org\/{rel}","templated":true}]}}