{"id":306,"date":"2023-11-03T12:24:12","date_gmt":"2023-11-03T17:24:12","guid":{"rendered":"https:\/\/ddo.usac.edu.gt\/?page_id=306"},"modified":"2024-03-12T10:34:01","modified_gmt":"2024-03-12T15:34:01","slug":"mision-y-vision","status":"publish","type":"page","link":"https:\/\/ddo.usac.edu.gt\/index.php\/mision-y-vision\/","title":{"rendered":"MISI\u00d3N Y VISI\u00d3N"},"content":{"rendered":"\n<h2 class=\"wp-block-heading has-white-color has-text-color has-background has-link-color wp-elements-614cc423ec0b8688e68e0425da4e8f4c\" style=\"background-color:#002944\">MISI\u00d3N<\/h2>\n\n\n\n<div class=\"wp-block-group\"><div class=\"wp-block-group__inner-container is-layout-constrained wp-block-group-is-layout-constrained\">\n<div class=\"wp-block-columns is-layout-flex wp-container-core-columns-is-layout-9d6595d7 wp-block-columns-is-layout-flex\">\n<div class=\"wp-block-column is-vertically-aligned-center is-layout-flow wp-block-column-is-layout-flow\" style=\"flex-basis:300px\"><div class=\"wp-block-image\">\n<figure class=\"aligncenter size-full is-resized\"><img loading=\"lazy\" decoding=\"async\" width=\"600\" height=\"600\" src=\"https:\/\/ddo.usac.edu.gt\/wp-content\/uploads\/2024\/03\/Mision.png\" alt=\"\" class=\"wp-image-1324\" style=\"width:250px\" srcset=\"https:\/\/ddo.usac.edu.gt\/wp-content\/uploads\/2024\/03\/Mision.png 600w, https:\/\/ddo.usac.edu.gt\/wp-content\/uploads\/2024\/03\/Mision-300x300.png 300w, https:\/\/ddo.usac.edu.gt\/wp-content\/uploads\/2024\/03\/Mision-150x150.png 150w, https:\/\/ddo.usac.edu.gt\/wp-content\/uploads\/2024\/03\/Mision-510x510.png 510w\" sizes=\"auto, (max-width: 600px) 100vw, 600px\" \/><\/figure>\n<\/div><\/div>\n\n\n\n<div class=\"wp-block-column is-vertically-aligned-center is-layout-flow wp-block-column-is-layout-flow\">\n<p class=\"has-medium-font-size\">\u201cSomos la dependencia promotora del desarrollo organizacional, que involucra al talento humano como eje fundamental en los procesos de cambio, responsable de realizar estudios, Investigaciones, intervenciones y proporcionar asesor\u00eda t\u00e9cnica a las unidades acad\u00e9micas y administrativas en nuestro \u00e1mbito de acci\u00f3n, practicamos los valores de responsabilidad, respeto, honestidad, excelencia y servicio[1]\u00a0en apoyo a los fines de la Universidad.\u201d<\/p>\n\n\n\n<p class=\"has-medium-font-size\"><a href=\"https:\/\/ddo.usac.edu.gt\/wp-content\/uploads\/2022\/04\/Identificacion-y-Jerarquizacion-de-Valores-Compartidos-USAC.pdf\" target=\"_blank\" rel=\"noreferrer noopener\">[1]<\/a>&nbsp;Estudio de Jerarquizaci\u00f3n de Valores Compartidos entre los trabajadores y la Universidad de San Carlos de Guatemala&nbsp; 2011.<\/p>\n<\/div>\n<\/div>\n\n\n\n<hr class=\"wp-block-separator has-alpha-channel-opacity\"\/>\n<\/div><\/div>\n\n\n\n<h2 class=\"wp-block-heading has-white-color has-text-color has-background has-link-color wp-elements-0c0bc7a48b2731d6a6f08e4759b4f71b\" style=\"background-color:#002944\">VISI\u00d3N<\/h2>\n\n\n\n<div class=\"wp-block-group\"><div class=\"wp-block-group__inner-container is-layout-constrained wp-block-group-is-layout-constrained\">\n<div class=\"wp-block-columns is-layout-flex wp-container-core-columns-is-layout-9d6595d7 wp-block-columns-is-layout-flex\">\n<div class=\"wp-block-column is-vertically-aligned-center is-layout-flow wp-block-column-is-layout-flow\" style=\"flex-basis:300px\"><div class=\"wp-block-image\">\n<figure class=\"aligncenter size-full is-resized\"><img loading=\"lazy\" decoding=\"async\" width=\"600\" height=\"600\" src=\"https:\/\/ddo.usac.edu.gt\/wp-content\/uploads\/2024\/03\/Vision.png\" alt=\"\" class=\"wp-image-1327\" style=\"width:250px\" srcset=\"https:\/\/ddo.usac.edu.gt\/wp-content\/uploads\/2024\/03\/Vision.png 600w, https:\/\/ddo.usac.edu.gt\/wp-content\/uploads\/2024\/03\/Vision-300x300.png 300w, https:\/\/ddo.usac.edu.gt\/wp-content\/uploads\/2024\/03\/Vision-150x150.png 150w, https:\/\/ddo.usac.edu.gt\/wp-content\/uploads\/2024\/03\/Vision-510x510.png 510w\" sizes=\"auto, (max-width: 600px) 100vw, 600px\" \/><\/figure>\n<\/div><\/div>\n\n\n\n<div class=\"wp-block-column is-vertically-aligned-center is-layout-flow wp-block-column-is-layout-flow\">\n<p class=\"has-medium-font-size\">\u201c\u00abSer la dependencia especializada con amplio reconocimiento y liderazgo en desarrollo Organizacional, que promueva una mejora continua en los procesos de cambio para alcanzar en un contexto din\u00e1mico y participativo la transformaci\u00f3n e innovaci\u00f3n de la Universidad de San Carlos de Guatemala.\u00bb\u201d<\/p>\n\n\n\n<p class=\"has-medium-font-size\"><\/p>\n<\/div>\n<\/div>\n\n\n\n<hr class=\"wp-block-separator has-alpha-channel-opacity\"\/>\n<\/div><\/div>\n\n\n\n<hr class=\"wp-block-separator has-alpha-channel-opacity\"\/>\n\n\n\n<p><\/p>\n","protected":false},"excerpt":{"rendered":"<p>MISI\u00d3N \u201cSomos la dependencia promotora del desarrollo organizacional, que involucra al talento humano como eje fundamental en los procesos de cambio, responsable de realizar estudios, Investigaciones, intervenciones y proporcionar asesor\u00eda t\u00e9cnica a las unidades acad\u00e9micas y administrativas en nuestro \u00e1mbito de acci\u00f3n, practicamos los valores de responsabilidad, respeto, honestidad, excelencia y servicio[1]\u00a0en apoyo a los [&hellip;]<\/p>\n","protected":false},"author":1,"featured_media":0,"parent":0,"menu_order":0,"comment_status":"closed","ping_status":"closed","template":"","meta":{"iawp_total_views":219,"footnotes":""},"class_list":["post-306","page","type-page","status-publish","czr-hentry"],"_links":{"self":[{"href":"https:\/\/ddo.usac.edu.gt\/index.php\/wp-json\/wp\/v2\/pages\/306","targetHints":{"allow":["GET"]}}],"collection":[{"href":"https:\/\/ddo.usac.edu.gt\/index.php\/wp-json\/wp\/v2\/pages"}],"about":[{"href":"https:\/\/ddo.usac.edu.gt\/index.php\/wp-json\/wp\/v2\/types\/page"}],"author":[{"embeddable":true,"href":"https:\/\/ddo.usac.edu.gt\/index.php\/wp-json\/wp\/v2\/users\/1"}],"replies":[{"embeddable":true,"href":"https:\/\/ddo.usac.edu.gt\/index.php\/wp-json\/wp\/v2\/comments?post=306"}],"version-history":[{"count":6,"href":"https:\/\/ddo.usac.edu.gt\/index.php\/wp-json\/wp\/v2\/pages\/306\/revisions"}],"predecessor-version":[{"id":1328,"href":"https:\/\/ddo.usac.edu.gt\/index.php\/wp-json\/wp\/v2\/pages\/306\/revisions\/1328"}],"wp:attachment":[{"href":"https:\/\/ddo.usac.edu.gt\/index.php\/wp-json\/wp\/v2\/media?parent=306"}],"curies":[{"name":"wp","href":"https:\/\/api.w.org\/{rel}","templated":true}]}}