{"id":355,"date":"2024-02-16T09:33:48","date_gmt":"2024-02-16T14:33:48","guid":{"rendered":"https:\/\/ddo.usac.edu.gt\/?page_id=355"},"modified":"2024-07-24T09:01:01","modified_gmt":"2024-07-24T14:01:01","slug":"centro-universitario-de-chimaltenango-cundech","status":"publish","type":"page","link":"https:\/\/ddo.usac.edu.gt\/index.php\/centros-universitarios\/centro-universitario-de-chimaltenango-cundech\/","title":{"rendered":"CENTRO UNIVERSITARIO DE CHIMALTENANGO -CUNDECH-"},"content":{"rendered":"\n<h2 class=\"wp-block-heading has-white-color has-text-color has-background has-link-color wp-elements-66a029e1b4f75b1c915e70dee5ed14ff\" style=\"background-color:#002944\">DEFINICI\u00d3N<\/h2>\n\n\n\n<div class=\"wp-block-group\"><div class=\"wp-block-group__inner-container is-layout-constrained wp-block-group-is-layout-constrained\">\n<div class=\"wp-block-columns is-layout-flex wp-container-core-columns-is-layout-9d6595d7 wp-block-columns-is-layout-flex\">\n<div class=\"wp-block-column is-vertically-aligned-center is-layout-flow wp-block-column-is-layout-flow\" style=\"flex-basis:300px\"><div class=\"wp-block-image\">\n<figure class=\"aligncenter size-full is-resized\"><img loading=\"lazy\" decoding=\"async\" width=\"1600\" height=\"623\" src=\"https:\/\/ddo.usac.edu.gt\/wp-content\/uploads\/2024\/05\/CUNDECH.jpeg\" alt=\"\" class=\"wp-image-2162\" style=\"width:288px;height:auto\" srcset=\"https:\/\/ddo.usac.edu.gt\/wp-content\/uploads\/2024\/05\/CUNDECH.jpeg 1600w, https:\/\/ddo.usac.edu.gt\/wp-content\/uploads\/2024\/05\/CUNDECH-300x117.jpeg 300w, https:\/\/ddo.usac.edu.gt\/wp-content\/uploads\/2024\/05\/CUNDECH-1024x399.jpeg 1024w, https:\/\/ddo.usac.edu.gt\/wp-content\/uploads\/2024\/05\/CUNDECH-768x299.jpeg 768w, https:\/\/ddo.usac.edu.gt\/wp-content\/uploads\/2024\/05\/CUNDECH-1536x598.jpeg 1536w\" sizes=\"auto, (max-width: 1600px) 100vw, 1600px\" \/><\/figure>\n<\/div><\/div>\n\n\n\n<div class=\"wp-block-column is-vertically-aligned-center is-layout-flow wp-block-column-is-layout-flow\">\n<p class=\"has-medium-font-size\">El Centro Universitario de Chimaltenango de la Universidad de San Carlos de Guatemala, es la Unidad Acad\u00e9mica encargada de desarrollar y coordinar programas de impacto regional y nacional apegado a las pol\u00edticas de Docencia, Investigaci\u00f3n, Extensi\u00f3n, Administraci\u00f3n y de Territorio e Infraestructura, encargado de satisfacer las demandas de la sociedad guatemalteca en materia de educaci\u00f3n superior, responde a la necesidad de desconcentrar la poblaci\u00f3n universitaria, desconcentrar los servicios universitarios, diversificar y democratizar la ense\u00f1anza superior, que permita a la poblaci\u00f3n tener mayor acceso.<\/p>\n<\/div>\n<\/div>\n\n\n\n<div class=\"wp-block-columns has-white-color has-text-color has-background has-link-color wp-elements-1f4e08e137413b63ca77c05ba03d7d9a is-layout-flex wp-container-core-columns-is-layout-9d6595d7 wp-block-columns-is-layout-flex\" style=\"background-color:#00447c\">\n<div class=\"wp-block-column is-vertically-aligned-center is-layout-flow wp-block-column-is-layout-flow\">\n<h2 class=\"wp-block-heading alignwide has-white-color has-text-color has-link-color has-large-font-size wp-elements-6cbe81240a440b3bab719717403476ef\">Manual de Organizaci\u00f3n Vigente<\/h2>\n<\/div>\n\n\n\n<div class=\"wp-block-column is-vertically-aligned-bottom is-layout-flow wp-block-column-is-layout-flow\">\n<div class=\"wp-block-buttons alignwide is-vertical is-content-justification-right is-layout-flex wp-container-core-buttons-is-layout-17ed0cd2 wp-block-buttons-is-layout-flex\">\n<div class=\"wp-block-button is-style-fill\"><a class=\"wp-block-button__link has-black-color has-white-background-color has-text-color has-background has-link-color wp-element-button\" href=\"https:\/\/ddo.usac.edu.gt\/wp-content\/uploads\/2024\/04\/MOF-CUNDECH-2024-FINAL-APROBADO.pdf\" style=\"border-radius:10px\" target=\"_blank\" rel=\"noreferrer noopener\"><strong>Descargar Documento PDF<\/strong><\/a><\/div>\n<\/div>\n<\/div>\n<\/div>\n\n\n\n<hr class=\"wp-block-separator has-alpha-channel-opacity\"\/>\n\n\n\n<div class=\"wp-block-columns has-white-color has-text-color has-background has-link-color wp-elements-3eb2c14635bf5aee641043ce54977215 is-layout-flex wp-container-core-columns-is-layout-9d6595d7 wp-block-columns-is-layout-flex\" style=\"background-color:#006ff4\">\n<div class=\"wp-block-column is-vertically-aligned-center is-layout-flow wp-block-column-is-layout-flow\">\n<h2 class=\"wp-block-heading alignwide has-white-color has-text-color has-link-color has-large-font-size wp-elements-d2729405e9f8cb3c1c1ae43a09fbea43\">Manual de Normas y Procedimientos Vigente<\/h2>\n<\/div>\n\n\n\n<div class=\"wp-block-column is-vertically-aligned-bottom is-layout-flow wp-block-column-is-layout-flow\">\n<div class=\"wp-block-buttons alignwide is-vertical is-content-justification-right is-layout-flex wp-container-core-buttons-is-layout-17ed0cd2 wp-block-buttons-is-layout-flex\">\n<div class=\"wp-block-button\"><a class=\"wp-block-button__link has-black-color has-text-color has-background has-link-color wp-element-button\" href=\"https:\/\/ddo.usac.edu.gt\/wp-content\/uploads\/2024\/07\/M-N-y-P-CUNDECH-2010.pdf\" style=\"border-radius:10px;background-color:#fefefe\" target=\"_blank\" rel=\"noreferrer noopener\"><strong>Descargar Documento PDF<\/strong><\/a><\/div>\n<\/div>\n<\/div>\n<\/div>\n<\/div><\/div>\n","protected":false},"excerpt":{"rendered":"<p>DEFINICI\u00d3N El Centro Universitario de Chimaltenango de la Universidad de San Carlos de Guatemala, es la Unidad Acad\u00e9mica encargada de desarrollar y coordinar programas de impacto regional y nacional apegado a las pol\u00edticas de Docencia, Investigaci\u00f3n, Extensi\u00f3n, Administraci\u00f3n y de Territorio e Infraestructura, encargado de satisfacer las demandas de la sociedad guatemalteca en materia de [&hellip;]<\/p>\n","protected":false},"author":1,"featured_media":0,"parent":347,"menu_order":2,"comment_status":"closed","ping_status":"closed","template":"","meta":{"iawp_total_views":360,"footnotes":""},"class_list":["post-355","page","type-page","status-publish","czr-hentry"],"_links":{"self":[{"href":"https:\/\/ddo.usac.edu.gt\/index.php\/wp-json\/wp\/v2\/pages\/355","targetHints":{"allow":["GET"]}}],"collection":[{"href":"https:\/\/ddo.usac.edu.gt\/index.php\/wp-json\/wp\/v2\/pages"}],"about":[{"href":"https:\/\/ddo.usac.edu.gt\/index.php\/wp-json\/wp\/v2\/types\/page"}],"author":[{"embeddable":true,"href":"https:\/\/ddo.usac.edu.gt\/index.php\/wp-json\/wp\/v2\/users\/1"}],"replies":[{"embeddable":true,"href":"https:\/\/ddo.usac.edu.gt\/index.php\/wp-json\/wp\/v2\/comments?post=355"}],"version-history":[{"count":9,"href":"https:\/\/ddo.usac.edu.gt\/index.php\/wp-json\/wp\/v2\/pages\/355\/revisions"}],"predecessor-version":[{"id":2214,"href":"https:\/\/ddo.usac.edu.gt\/index.php\/wp-json\/wp\/v2\/pages\/355\/revisions\/2214"}],"up":[{"embeddable":true,"href":"https:\/\/ddo.usac.edu.gt\/index.php\/wp-json\/wp\/v2\/pages\/347"}],"wp:attachment":[{"href":"https:\/\/ddo.usac.edu.gt\/index.php\/wp-json\/wp\/v2\/media?parent=355"}],"curies":[{"name":"wp","href":"https:\/\/api.w.org\/{rel}","templated":true}]}}