{"id":37,"date":"2023-03-02T11:32:05","date_gmt":"2023-03-02T16:32:05","guid":{"rendered":"https:\/\/ddo.usac.edu.gt\/\/?page_id=37"},"modified":"2024-03-18T14:56:59","modified_gmt":"2024-03-18T19:56:59","slug":"objetivos","status":"publish","type":"page","link":"https:\/\/ddo.usac.edu.gt\/index.php\/objetivos\/","title":{"rendered":"OBJETIVOS"},"content":{"rendered":"\n<h2 class=\"wp-block-heading has-white-color has-text-color has-background has-link-color wp-elements-927c2a8884761862434eda598f5ada88\" style=\"background-color:#002944\">OBJETIVOS<\/h2>\n\n\n\n<div class=\"wp-block-group\"><div class=\"wp-block-group__inner-container is-layout-constrained wp-block-group-is-layout-constrained\">\n<hr class=\"wp-block-separator has-alpha-channel-opacity\"\/>\n<\/div><\/div>\n\n\n\n<div class=\"wp-block-group\"><div class=\"wp-block-group__inner-container is-layout-constrained wp-block-group-is-layout-constrained\">\n<div class=\"wp-block-columns is-layout-flex wp-container-core-columns-is-layout-9d6595d7 wp-block-columns-is-layout-flex\">\n<div class=\"wp-block-column is-vertically-aligned-center is-layout-flow wp-block-column-is-layout-flow\" style=\"flex-basis:300px\"><div class=\"wp-block-image\">\n<figure class=\"aligncenter size-full is-resized\"><img loading=\"lazy\" decoding=\"async\" width=\"572\" height=\"564\" src=\"https:\/\/ddo.usac.edu.gt\/wp-content\/uploads\/2024\/03\/OBJETIVOS.png\" alt=\"\" class=\"wp-image-1337\" style=\"width:332px;height:auto\" srcset=\"https:\/\/ddo.usac.edu.gt\/wp-content\/uploads\/2024\/03\/OBJETIVOS.png 572w, https:\/\/ddo.usac.edu.gt\/wp-content\/uploads\/2024\/03\/OBJETIVOS-300x296.png 300w\" sizes=\"auto, (max-width: 572px) 100vw, 572px\" \/><\/figure>\n<\/div><\/div>\n\n\n\n<div class=\"wp-block-column is-vertically-aligned-center is-layout-flow wp-block-column-is-layout-flow\">\n<p class=\"has-medium-font-size\">Son objetivos de la Divisi\u00f3n de Desarrollo Organizacional, los siguientes.<\/p>\n\n\n\n<ol class=\"wp-block-list\">\n<li class=\"has-medium-font-size\">Promover el desarrollo organizacional en las unidades acad\u00e9micas y administrativas de la universidad de San Carlos de Guatemala, para alcanzar los fines de la misma.<\/li>\n\n\n\n<li class=\"has-medium-font-size\">Contribuir a la modernizaci\u00f3n de la estructura organizativa de la Universidad a trav\u00e9s de la elaboraci\u00f3n o propuesta de estudios de organizaci\u00f3n, reestructura y reorganizaci\u00f3n para que las unidades acad\u00e9micas y administrativas sean funcionales, \u00e1giles, flexibles y efectivas en concordancia con los fines de la Universidad.<\/li>\n\n\n\n<li class=\"has-medium-font-size\">Promover la cultura de sistemas y procesos en la Universidad de San Carlos de Guatemala, para mejorar la gesti\u00f3n de la Instituci\u00f3n y optimizar sus recursos.<\/li>\n\n\n\n<li class=\"has-medium-font-size\">Coadyuvar al fortalecimiento del talento humano de la Universidad de San Carlos de Guatemala, para contribuir con el efectivo cumplimiento de la misi\u00f3n institucional.<\/li>\n\n\n\n<li class=\"has-medium-font-size\">Promover una cultura de cambios planificados en la Universidad de San Carlos de Guatemala, desde una perspectiva estrat\u00e9gica, participativa, visionaria e integral, para responder al desarrollo institucional.<\/li>\n\n\n\n<li class=\"has-medium-font-size\">Proponer la sistematizaci\u00f3n de procesos que apoyen la gesti\u00f3n de la Divisi\u00f3n y las unidades acad\u00e9micas.<\/li>\n<\/ol>\n<\/div>\n<\/div>\n\n\n\n<hr class=\"wp-block-separator has-alpha-channel-opacity\"\/>\n<\/div><\/div>\n","protected":false},"excerpt":{"rendered":"<p>OBJETIVOS Son objetivos de la Divisi\u00f3n de Desarrollo Organizacional, los siguientes.<\/p>\n","protected":false},"author":1,"featured_media":0,"parent":0,"menu_order":0,"comment_status":"closed","ping_status":"closed","template":"","meta":{"iawp_total_views":41,"footnotes":""},"class_list":["post-37","page","type-page","status-publish","czr-hentry"],"_links":{"self":[{"href":"https:\/\/ddo.usac.edu.gt\/index.php\/wp-json\/wp\/v2\/pages\/37","targetHints":{"allow":["GET"]}}],"collection":[{"href":"https:\/\/ddo.usac.edu.gt\/index.php\/wp-json\/wp\/v2\/pages"}],"about":[{"href":"https:\/\/ddo.usac.edu.gt\/index.php\/wp-json\/wp\/v2\/types\/page"}],"author":[{"embeddable":true,"href":"https:\/\/ddo.usac.edu.gt\/index.php\/wp-json\/wp\/v2\/users\/1"}],"replies":[{"embeddable":true,"href":"https:\/\/ddo.usac.edu.gt\/index.php\/wp-json\/wp\/v2\/comments?post=37"}],"version-history":[{"count":7,"href":"https:\/\/ddo.usac.edu.gt\/index.php\/wp-json\/wp\/v2\/pages\/37\/revisions"}],"predecessor-version":[{"id":2038,"href":"https:\/\/ddo.usac.edu.gt\/index.php\/wp-json\/wp\/v2\/pages\/37\/revisions\/2038"}],"wp:attachment":[{"href":"https:\/\/ddo.usac.edu.gt\/index.php\/wp-json\/wp\/v2\/media?parent=37"}],"curies":[{"name":"wp","href":"https:\/\/api.w.org\/{rel}","templated":true}]}}