{"id":39,"date":"2023-03-02T11:32:53","date_gmt":"2023-03-02T16:32:53","guid":{"rendered":"https:\/\/ddo.usac.edu.gt\/\/?page_id=39"},"modified":"2024-03-18T14:59:19","modified_gmt":"2024-03-18T19:59:19","slug":"funciones","status":"publish","type":"page","link":"https:\/\/ddo.usac.edu.gt\/index.php\/funciones\/","title":{"rendered":"FUNCIONES"},"content":{"rendered":"\n<h2 class=\"wp-block-heading has-white-color has-text-color has-background has-link-color wp-elements-5162a324f3b85398c73be35751120d20\" style=\"background-color:#002944\">FUNCIONES<\/h2>\n\n\n\n<hr class=\"wp-block-separator has-alpha-channel-opacity\"\/>\n\n\n\n<div class=\"wp-block-columns is-layout-flex wp-container-core-columns-is-layout-9d6595d7 wp-block-columns-is-layout-flex\">\n<div class=\"wp-block-column is-vertically-aligned-center is-layout-flow wp-block-column-is-layout-flow\" style=\"flex-basis:300px\"><div class=\"wp-block-image\">\n<figure class=\"aligncenter size-full is-resized\"><img loading=\"lazy\" decoding=\"async\" width=\"685\" height=\"455\" src=\"https:\/\/ddo.usac.edu.gt\/wp-content\/uploads\/2024\/03\/organizacional.png\" alt=\"\" class=\"wp-image-2036\" style=\"width:350px;height:auto\" srcset=\"https:\/\/ddo.usac.edu.gt\/wp-content\/uploads\/2024\/03\/organizacional.png 685w, https:\/\/ddo.usac.edu.gt\/wp-content\/uploads\/2024\/03\/organizacional-300x199.png 300w\" sizes=\"auto, (max-width: 685px) 100vw, 685px\" \/><\/figure>\n<\/div><\/div>\n\n\n\n<div class=\"wp-block-column is-vertically-aligned-center is-layout-flow wp-block-column-is-layout-flow\">\n<p class=\"has-medium-font-size\">Son funciones de la Divisi\u00f3n de Desarrollo Organizacional, los siguientes.<\/p>\n\n\n\n<ol class=\"wp-block-list\">\n<li>Realizar diagn\u00f3sticos, estudios, desarrollar estrategias y propuestas para promover cambios planificados, en el contexto del desarrollo organizacional, para la Universidad de San Carlos de Guatemala.<\/li>\n\n\n\n<li>Proponer pol\u00edticas, reglamentos y normativos en el \u00e1mbito de desarrollo organizacional en la Universidad de San Carlos de Guatemala.<\/li>\n\n\n\n<li>Asesorar en los estudios de organizaci\u00f3n de las unidades acad\u00e9micas y administrativas de la Universidad de San Carlos de Guatemala.<\/li>\n\n\n\n<li>Brindar asesor\u00eda t\u00e9cnica, facilitaci\u00f3n y acompa\u00f1amiento en la elaboraci\u00f3n y actualizaci\u00f3n de sistemas y procedimientos que contribuyan a la gesti\u00f3n administrativa de la Universidad de San Carlos de Guatemala.<\/li>\n\n\n\n<li>Brindar asesor\u00eda t\u00e9cnica, facilitaci\u00f3n y acompa\u00f1amiento en la elaboraci\u00f3n y actualizaci\u00f3n de manuales administrativos de las unidades acad\u00e9micas y administrativas de la Universidad de San Carlos de Guatemala.<\/li>\n\n\n\n<li>Realizar estudios y propuestas de cambio que contribuya al fortalecimiento del talento humano de la Universidad de San Carlos de Guatemala.<\/li>\n\n\n\n<li>Evaluar peri\u00f3dicamente el contexto, para promover cambios oportunos de acuerdo con las nuevas tendencias de la administraci\u00f3n y a las necesidades institucionales.<\/li>\n\n\n\n<li>Dictaminar y opinar en el campo de acci\u00f3n de la Divisi\u00f3n de Desarrollo Organizacional.<\/li>\n\n\n\n<li>Realizar an\u00e1lisis de escenarios a fin de obtener informaci\u00f3n estrat\u00e9gica para apoyar la toma de decisiones, en materia de desarrollo organizacional.<\/li>\n\n\n\n<li>Fortalecer la autogesti\u00f3n de las unidades acad\u00e9micas y administrativas de la Universidad de San Carlos de Guatemala, a trav\u00e9s de la formaci\u00f3n del personal enlace nombrado, para la elaboraci\u00f3n de sus propios estudios de organizaci\u00f3n, sistemas y procesos, as\u00ed como, el impulso de los procesos de cambio.<\/li>\n\n\n\n<li>Mantener actualizadas las herramientas digitales de gesti\u00f3n de la Divisi\u00f3n de Desarrollo Organizacional.<\/li>\n<\/ol>\n<\/div>\n<\/div>\n","protected":false},"excerpt":{"rendered":"<p>FUNCIONES Son funciones de la Divisi\u00f3n de Desarrollo Organizacional, los siguientes.<\/p>\n","protected":false},"author":1,"featured_media":0,"parent":0,"menu_order":0,"comment_status":"closed","ping_status":"closed","template":"","meta":{"iawp_total_views":52,"footnotes":""},"class_list":["post-39","page","type-page","status-publish","czr-hentry"],"_links":{"self":[{"href":"https:\/\/ddo.usac.edu.gt\/index.php\/wp-json\/wp\/v2\/pages\/39","targetHints":{"allow":["GET"]}}],"collection":[{"href":"https:\/\/ddo.usac.edu.gt\/index.php\/wp-json\/wp\/v2\/pages"}],"about":[{"href":"https:\/\/ddo.usac.edu.gt\/index.php\/wp-json\/wp\/v2\/types\/page"}],"author":[{"embeddable":true,"href":"https:\/\/ddo.usac.edu.gt\/index.php\/wp-json\/wp\/v2\/users\/1"}],"replies":[{"embeddable":true,"href":"https:\/\/ddo.usac.edu.gt\/index.php\/wp-json\/wp\/v2\/comments?post=39"}],"version-history":[{"count":6,"href":"https:\/\/ddo.usac.edu.gt\/index.php\/wp-json\/wp\/v2\/pages\/39\/revisions"}],"predecessor-version":[{"id":2039,"href":"https:\/\/ddo.usac.edu.gt\/index.php\/wp-json\/wp\/v2\/pages\/39\/revisions\/2039"}],"wp:attachment":[{"href":"https:\/\/ddo.usac.edu.gt\/index.php\/wp-json\/wp\/v2\/media?parent=39"}],"curies":[{"name":"wp","href":"https:\/\/api.w.org\/{rel}","templated":true}]}}