{"id":41,"date":"2023-03-02T11:33:33","date_gmt":"2023-03-02T16:33:33","guid":{"rendered":"https:\/\/ddo.usac.edu.gt\/\/?page_id=41"},"modified":"2025-04-01T11:33:49","modified_gmt":"2025-04-01T16:33:49","slug":"estructura-organizacional","status":"publish","type":"page","link":"https:\/\/ddo.usac.edu.gt\/index.php\/estructura-organizacional\/","title":{"rendered":"ESTRUCTURA ORGANIZACIONAL"},"content":{"rendered":"\n<h2 class=\"wp-block-heading has-white-color has-text-color has-background has-link-color wp-elements-9324221c4da14fb7f24da73247293cb1\" style=\"background-color:#002944\">ESTRUCTURA ORGANIZACIONAL<\/h2>\n\n\n\n<div class=\"wp-block-group\"><div class=\"wp-block-group__inner-container is-layout-constrained wp-block-group-is-layout-constrained\">\n<hr class=\"wp-block-separator has-alpha-channel-opacity\"\/>\n<\/div><\/div>\n\n\n\n<p>La Divisi\u00f3n de Desarrollo Organizacional es la dependencia de la Direcci\u00f3n General de Administraci\u00f3n -DIGA-, estructurada con una jefatura y las \u00e1reas funcionales siguientes: T\u00e9cnica Administrativa-Financiera, Estudios de Organizaci\u00f3n, Sistemas y Procesos, Fortalecimiento del Talento Humano y Gesti\u00f3n Estrat\u00e9gica del Cambio.<\/p>\n\n\n<div class=\"wp-block-image\">\n<figure class=\"aligncenter size-full is-resized\"><img loading=\"lazy\" decoding=\"async\" width=\"569\" height=\"568\" src=\"https:\/\/ddo.usac.edu.gt\/wp-content\/uploads\/2025\/04\/Organigrama-DDO-2023-Aprobado.png\" alt=\"\" class=\"wp-image-2397\" style=\"width:483px;height:auto\" srcset=\"https:\/\/ddo.usac.edu.gt\/wp-content\/uploads\/2025\/04\/Organigrama-DDO-2023-Aprobado.png 569w, https:\/\/ddo.usac.edu.gt\/wp-content\/uploads\/2025\/04\/Organigrama-DDO-2023-Aprobado-300x300.png 300w, https:\/\/ddo.usac.edu.gt\/wp-content\/uploads\/2025\/04\/Organigrama-DDO-2023-Aprobado-150x150.png 150w, https:\/\/ddo.usac.edu.gt\/wp-content\/uploads\/2025\/04\/Organigrama-DDO-2023-Aprobado-510x510.png 510w\" sizes=\"auto, (max-width: 569px) 100vw, 569px\" \/><\/figure>\n<\/div>\n\n\n<p><\/p>\n","protected":false},"excerpt":{"rendered":"<p>ESTRUCTURA ORGANIZACIONAL La Divisi\u00f3n de Desarrollo Organizacional es la dependencia de la Direcci\u00f3n General de Administraci\u00f3n -DIGA-, estructurada con una jefatura y las \u00e1reas funcionales siguientes: T\u00e9cnica Administrativa-Financiera, Estudios de Organizaci\u00f3n, Sistemas y Procesos, Fortalecimiento del Talento Humano y Gesti\u00f3n Estrat\u00e9gica del Cambio.<\/p>\n","protected":false},"author":1,"featured_media":0,"parent":0,"menu_order":0,"comment_status":"closed","ping_status":"closed","template":"","meta":{"iawp_total_views":108,"footnotes":""},"class_list":["post-41","page","type-page","status-publish","czr-hentry"],"_links":{"self":[{"href":"https:\/\/ddo.usac.edu.gt\/index.php\/wp-json\/wp\/v2\/pages\/41","targetHints":{"allow":["GET"]}}],"collection":[{"href":"https:\/\/ddo.usac.edu.gt\/index.php\/wp-json\/wp\/v2\/pages"}],"about":[{"href":"https:\/\/ddo.usac.edu.gt\/index.php\/wp-json\/wp\/v2\/types\/page"}],"author":[{"embeddable":true,"href":"https:\/\/ddo.usac.edu.gt\/index.php\/wp-json\/wp\/v2\/users\/1"}],"replies":[{"embeddable":true,"href":"https:\/\/ddo.usac.edu.gt\/index.php\/wp-json\/wp\/v2\/comments?post=41"}],"version-history":[{"count":8,"href":"https:\/\/ddo.usac.edu.gt\/index.php\/wp-json\/wp\/v2\/pages\/41\/revisions"}],"predecessor-version":[{"id":2398,"href":"https:\/\/ddo.usac.edu.gt\/index.php\/wp-json\/wp\/v2\/pages\/41\/revisions\/2398"}],"wp:attachment":[{"href":"https:\/\/ddo.usac.edu.gt\/index.php\/wp-json\/wp\/v2\/media?parent=41"}],"curies":[{"name":"wp","href":"https:\/\/api.w.org\/{rel}","templated":true}]}}