{"id":422,"date":"2024-02-19T08:12:16","date_gmt":"2024-02-19T13:12:16","guid":{"rendered":"https:\/\/ddo.usac.edu.gt\/?page_id=422"},"modified":"2024-08-23T12:23:05","modified_gmt":"2024-08-23T17:23:05","slug":"institutos","status":"publish","type":"page","link":"https:\/\/ddo.usac.edu.gt\/index.php\/institutos\/","title":{"rendered":"INSTITUTOS TECNOL\u00d3GICOS"},"content":{"rendered":"\n<h1 class=\"wp-block-heading alignfull has-text-align-center has-white-color has-text-color has-background has-link-color wp-elements-eb15b6ea89a6d184d050a637a6db2df7\" style=\"background-color:#0056a2\">INSTITUTOS TECNOL\u00d3GICOS USAC<\/h1>\n\n\n\n<div class=\"wp-block-columns alignwide are-vertically-aligned-bottom is-layout-flex wp-container-core-columns-is-layout-9d6595d7 wp-block-columns-is-layout-flex\">\n<div class=\"wp-block-column is-vertically-aligned-bottom is-layout-flow wp-block-column-is-layout-flow\"><div class=\"wp-block-image\">\n<figure class=\"aligncenter size-full is-resized\"><img loading=\"lazy\" decoding=\"async\" width=\"2531\" height=\"2532\" src=\"https:\/\/ddo.usac.edu.gt\/wp-content\/uploads\/2024\/03\/Logo-ITUGS.png\" alt=\"\" class=\"wp-image-1125\" style=\"width:191px;height:auto\" srcset=\"https:\/\/ddo.usac.edu.gt\/wp-content\/uploads\/2024\/03\/Logo-ITUGS.png 2531w, https:\/\/ddo.usac.edu.gt\/wp-content\/uploads\/2024\/03\/Logo-ITUGS-300x300.png 300w, https:\/\/ddo.usac.edu.gt\/wp-content\/uploads\/2024\/03\/Logo-ITUGS-1024x1024.png 1024w, https:\/\/ddo.usac.edu.gt\/wp-content\/uploads\/2024\/03\/Logo-ITUGS-150x150.png 150w, https:\/\/ddo.usac.edu.gt\/wp-content\/uploads\/2024\/03\/Logo-ITUGS-768x768.png 768w, https:\/\/ddo.usac.edu.gt\/wp-content\/uploads\/2024\/03\/Logo-ITUGS-1536x1536.png 1536w, https:\/\/ddo.usac.edu.gt\/wp-content\/uploads\/2024\/03\/Logo-ITUGS-2048x2048.png 2048w, https:\/\/ddo.usac.edu.gt\/wp-content\/uploads\/2024\/03\/Logo-ITUGS-510x510.png 510w\" sizes=\"auto, (max-width: 2531px) 100vw, 2531px\" \/><\/figure>\n<\/div>\n\n\n<h4 class=\"wp-block-heading has-text-align-center\">Instituto Tecnol\u00f3gico Universitario Guatemala Sur -ITUGS-<\/h4>\n\n\n\n<div class=\"wp-block-buttons is-content-justification-center is-layout-flex wp-container-core-buttons-is-layout-16018d1d wp-block-buttons-is-layout-flex\">\n<div class=\"wp-block-button\"><a class=\"wp-block-button__link has-white-color has-text-color has-background has-link-color has-text-align-center wp-element-button\" href=\"https:\/\/ddo.usac.edu.gt\/index.php\/institutos\/instituto-tecnologico-universitario-guatemala-sur-itugs\/\" style=\"border-radius:4px;background-color:#005aff\" target=\"_blank\" rel=\"noreferrer noopener\">Ver manuales<\/a><\/div>\n<\/div>\n<\/div>\n\n\n\n<div class=\"wp-block-column is-vertically-aligned-bottom is-layout-flow wp-block-column-is-layout-flow\"><div class=\"wp-block-image\">\n<figure class=\"aligncenter size-medium is-resized\"><img loading=\"lazy\" decoding=\"async\" width=\"300\" height=\"300\" src=\"https:\/\/ddo.usac.edu.gt\/wp-content\/uploads\/2024\/03\/Logo-ITMES-300x300.jpg\" alt=\"\" class=\"wp-image-1126\" style=\"width:224px;height:auto\" srcset=\"https:\/\/ddo.usac.edu.gt\/wp-content\/uploads\/2024\/03\/Logo-ITMES-300x300.jpg 300w, https:\/\/ddo.usac.edu.gt\/wp-content\/uploads\/2024\/03\/Logo-ITMES-1024x1024.jpg 1024w, https:\/\/ddo.usac.edu.gt\/wp-content\/uploads\/2024\/03\/Logo-ITMES-150x150.jpg 150w, https:\/\/ddo.usac.edu.gt\/wp-content\/uploads\/2024\/03\/Logo-ITMES-768x768.jpg 768w, https:\/\/ddo.usac.edu.gt\/wp-content\/uploads\/2024\/03\/Logo-ITMES-1536x1536.jpg 1536w, https:\/\/ddo.usac.edu.gt\/wp-content\/uploads\/2024\/03\/Logo-ITMES-510x510.jpg 510w, https:\/\/ddo.usac.edu.gt\/wp-content\/uploads\/2024\/03\/Logo-ITMES.jpg 2048w\" sizes=\"auto, (max-width: 300px) 100vw, 300px\" \/><\/figure>\n<\/div>\n\n\n<h4 class=\"wp-block-heading has-text-align-center\">Instituto Tecnol\u00f3gico Maya de Estudios Superiores -ITMES-<\/h4>\n\n\n\n<div class=\"wp-block-buttons is-content-justification-center is-layout-flex wp-container-core-buttons-is-layout-16018d1d wp-block-buttons-is-layout-flex\">\n<div class=\"wp-block-button\"><a class=\"wp-block-button__link has-white-color has-text-color has-background has-link-color wp-element-button\" href=\"https:\/\/ddo.usac.edu.gt\/index.php\/institutos\/instituto-tecnologico-maya-de-estudios-superiores-itmes\/\" style=\"border-radius:4px;background-color:#005aff\" target=\"_blank\" rel=\"noreferrer noopener\">Ver manuales<\/a><\/div>\n<\/div>\n<\/div>\n<\/div>\n","protected":false},"excerpt":{"rendered":"<p>INSTITUTOS TECNOL\u00d3GICOS USAC Instituto Tecnol\u00f3gico Universitario Guatemala Sur -ITUGS- Instituto Tecnol\u00f3gico Maya de Estudios Superiores -ITMES-<\/p>\n","protected":false},"author":1,"featured_media":0,"parent":0,"menu_order":0,"comment_status":"closed","ping_status":"closed","template":"","meta":{"iawp_total_views":119,"footnotes":""},"class_list":["post-422","page","type-page","status-publish","czr-hentry"],"_links":{"self":[{"href":"https:\/\/ddo.usac.edu.gt\/index.php\/wp-json\/wp\/v2\/pages\/422","targetHints":{"allow":["GET"]}}],"collection":[{"href":"https:\/\/ddo.usac.edu.gt\/index.php\/wp-json\/wp\/v2\/pages"}],"about":[{"href":"https:\/\/ddo.usac.edu.gt\/index.php\/wp-json\/wp\/v2\/types\/page"}],"author":[{"embeddable":true,"href":"https:\/\/ddo.usac.edu.gt\/index.php\/wp-json\/wp\/v2\/users\/1"}],"replies":[{"embeddable":true,"href":"https:\/\/ddo.usac.edu.gt\/index.php\/wp-json\/wp\/v2\/comments?post=422"}],"version-history":[{"count":6,"href":"https:\/\/ddo.usac.edu.gt\/index.php\/wp-json\/wp\/v2\/pages\/422\/revisions"}],"predecessor-version":[{"id":2238,"href":"https:\/\/ddo.usac.edu.gt\/index.php\/wp-json\/wp\/v2\/pages\/422\/revisions\/2238"}],"wp:attachment":[{"href":"https:\/\/ddo.usac.edu.gt\/index.php\/wp-json\/wp\/v2\/media?parent=422"}],"curies":[{"name":"wp","href":"https:\/\/api.w.org\/{rel}","templated":true}]}}