{"id":424,"date":"2024-02-19T08:12:41","date_gmt":"2024-02-19T13:12:41","guid":{"rendered":"https:\/\/ddo.usac.edu.gt\/?page_id=424"},"modified":"2024-03-18T15:49:29","modified_gmt":"2024-03-18T20:49:29","slug":"escuelas-no-facultativas","status":"publish","type":"page","link":"https:\/\/ddo.usac.edu.gt\/index.php\/escuelas-no-facultativas\/","title":{"rendered":"ESCUELAS NO FACULTATIVAS"},"content":{"rendered":"\n<h1 class=\"wp-block-heading alignfull has-text-align-center has-white-color has-text-color has-background has-link-color wp-elements-d825b949d76bb1b493077f91edd17cf9\" style=\"background-color:#0056a2\">ESCUELAS NO FACULTATIVAS USAC<\/h1>\n\n\n\n<div class=\"wp-block-columns alignwide are-vertically-aligned-bottom is-layout-flex wp-container-core-columns-is-layout-9d6595d7 wp-block-columns-is-layout-flex\">\n<div class=\"wp-block-column is-vertically-aligned-bottom is-layout-flow wp-block-column-is-layout-flow\"><div class=\"wp-block-image\">\n<figure class=\"aligncenter size-full is-resized\"><img loading=\"lazy\" decoding=\"async\" width=\"200\" height=\"200\" src=\"https:\/\/ddo.usac.edu.gt\/wp-content\/uploads\/2024\/03\/logo-escuela-de-ciencias-psicologicas.png\" alt=\"\" class=\"wp-image-876\" style=\"width:143px;height:auto\" srcset=\"https:\/\/ddo.usac.edu.gt\/wp-content\/uploads\/2024\/03\/logo-escuela-de-ciencias-psicologicas.png 200w, https:\/\/ddo.usac.edu.gt\/wp-content\/uploads\/2024\/03\/logo-escuela-de-ciencias-psicologicas-150x150.png 150w\" sizes=\"auto, (max-width: 200px) 100vw, 200px\" \/><\/figure>\n<\/div>\n\n\n<h4 class=\"wp-block-heading has-text-align-center has-medium-font-size\"><strong>Escuela de Ciencias Psicol\u00f3gicas<\/strong><\/h4>\n\n\n\n<div class=\"wp-block-buttons is-content-justification-center is-layout-flex wp-container-core-buttons-is-layout-16018d1d wp-block-buttons-is-layout-flex\">\n<div class=\"wp-block-button\"><a class=\"wp-block-button__link has-white-color has-text-color has-background has-link-color has-text-align-center wp-element-button\" href=\"https:\/\/ddo.usac.edu.gt\/index.php\/escuelas-no-facultativas\/escuela-de-ciencias-psicologicas\/\" style=\"border-radius:4px;background-color:#005aff\" target=\"_blank\" rel=\"noreferrer noopener\">Ver manuales<\/a><\/div>\n<\/div>\n<\/div>\n\n\n\n<div class=\"wp-block-column is-vertically-aligned-bottom is-layout-flow wp-block-column-is-layout-flow\"><div class=\"wp-block-image\">\n<figure class=\"aligncenter size-medium is-resized\"><img loading=\"lazy\" decoding=\"async\" width=\"300\" height=\"79\" src=\"https:\/\/ddo.usac.edu.gt\/wp-content\/uploads\/2024\/03\/Logo-Politica-300x79.png\" alt=\"\" class=\"wp-image-1084\" style=\"width:224px;height:auto\" srcset=\"https:\/\/ddo.usac.edu.gt\/wp-content\/uploads\/2024\/03\/Logo-Politica-300x79.png 300w, https:\/\/ddo.usac.edu.gt\/wp-content\/uploads\/2024\/03\/Logo-Politica.png 510w\" sizes=\"auto, (max-width: 300px) 100vw, 300px\" \/><\/figure>\n<\/div>\n\n\n<h4 class=\"wp-block-heading has-text-align-center has-medium-font-size\"><strong>Escuela de Ciencia Pol\u00edtica<\/strong><\/h4>\n\n\n\n<div class=\"wp-block-buttons is-content-justification-center is-layout-flex wp-container-core-buttons-is-layout-16018d1d wp-block-buttons-is-layout-flex\">\n<div class=\"wp-block-button\"><a class=\"wp-block-button__link has-white-color has-text-color has-background has-link-color wp-element-button\" href=\"https:\/\/ddo.usac.edu.gt\/index.php\/escuelas-no-facultativas\/escuela-de-ciencia-politica\/\" style=\"border-radius:4px;background-color:#005aff\" target=\"_blank\" rel=\"noreferrer noopener\">Ver manuales<\/a><\/div>\n<\/div>\n<\/div>\n\n\n\n<div class=\"wp-block-column is-vertically-aligned-bottom is-layout-flow wp-block-column-is-layout-flow\"><div class=\"wp-block-image\">\n<figure class=\"aligncenter size-full is-resized\"><img loading=\"lazy\" decoding=\"async\" width=\"241\" height=\"180\" src=\"https:\/\/ddo.usac.edu.gt\/wp-content\/uploads\/2024\/03\/Logo-EFPEM.png\" alt=\"\" class=\"wp-image-1086\" style=\"width:171px;height:auto\"\/><\/figure>\n<\/div>\n\n\n<h4 class=\"wp-block-heading has-text-align-center has-medium-font-size\"><strong>Escuela de Formaci\u00f3n de Ense\u00f1anza Media <br>-EFPEM-<\/strong><\/h4>\n\n\n\n<div class=\"wp-block-buttons is-content-justification-center is-layout-flex wp-container-core-buttons-is-layout-16018d1d wp-block-buttons-is-layout-flex\">\n<div class=\"wp-block-button\"><a class=\"wp-block-button__link has-white-color has-text-color has-background has-link-color wp-element-button\" href=\"https:\/\/ddo.usac.edu.gt\/index.php\/escuelas-no-facultativas\/escuela-de-formacion-de-profesores-de-ensenanza-media-efpem\/\" style=\"border-radius:4px;background-color:#005aff\" target=\"_blank\" rel=\"noreferrer noopener\">Ver manuales<\/a><\/div>\n<\/div>\n<\/div>\n\n\n\n<div class=\"wp-block-column is-vertically-aligned-bottom is-layout-flow wp-block-column-is-layout-flow\"><div class=\"wp-block-image\">\n<figure class=\"aligncenter size-full is-resized\"><img loading=\"lazy\" decoding=\"async\" width=\"210\" height=\"240\" src=\"https:\/\/ddo.usac.edu.gt\/wp-content\/uploads\/2024\/03\/Logo-Historia.jpg\" alt=\"\" class=\"wp-image-1087\" style=\"width:131px;height:auto\"\/><\/figure>\n<\/div>\n\n\n<h4 class=\"wp-block-heading has-text-align-center has-medium-font-size\"><strong>Escuela de Historia<\/strong><\/h4>\n\n\n\n<div class=\"wp-block-buttons is-content-justification-center is-layout-flex wp-container-core-buttons-is-layout-16018d1d wp-block-buttons-is-layout-flex\">\n<div class=\"wp-block-button\"><a class=\"wp-block-button__link has-white-color has-text-color has-background has-link-color wp-element-button\" href=\"https:\/\/ddo.usac.edu.gt\/index.php\/escuelas-no-facultativas\/escuela-de-historia\/\" style=\"border-radius:4px;background-color:#005aff\" target=\"_blank\" rel=\"noreferrer noopener\">Ver manuales<\/a><\/div>\n<\/div>\n<\/div>\n<\/div>\n\n\n\n<div class=\"wp-block-columns alignwide are-vertically-aligned-bottom is-layout-flex wp-container-core-columns-is-layout-9d6595d7 wp-block-columns-is-layout-flex\">\n<div class=\"wp-block-column is-vertically-aligned-bottom is-layout-flow wp-block-column-is-layout-flow\"><div class=\"wp-block-image\">\n<figure class=\"aligncenter size-full is-resized\"><img loading=\"lazy\" decoding=\"async\" width=\"497\" height=\"628\" src=\"https:\/\/ddo.usac.edu.gt\/wp-content\/uploads\/2024\/03\/Trabajo-Social.png\" alt=\"\" class=\"wp-image-2087\" style=\"width:150px;height:auto\" srcset=\"https:\/\/ddo.usac.edu.gt\/wp-content\/uploads\/2024\/03\/Trabajo-Social.png 497w, https:\/\/ddo.usac.edu.gt\/wp-content\/uploads\/2024\/03\/Trabajo-Social-237x300.png 237w\" sizes=\"auto, (max-width: 497px) 100vw, 497px\" \/><\/figure>\n<\/div>\n\n\n<h4 class=\"wp-block-heading has-text-align-center has-medium-font-size\"><strong>Escuela de Trabajo Social <\/strong><\/h4>\n\n\n\n<div class=\"wp-block-buttons is-content-justification-center is-layout-flex wp-container-core-buttons-is-layout-16018d1d wp-block-buttons-is-layout-flex\">\n<div class=\"wp-block-button\"><a class=\"wp-block-button__link has-white-color has-text-color has-background has-link-color has-text-align-center wp-element-button\" href=\"https:\/\/ddo.usac.edu.gt\/index.php\/escuelas-no-facultativas\/escuela-de-trabajo-social\/\" style=\"border-radius:4px;background-color:#005aff\" target=\"_blank\" rel=\"noreferrer noopener\">Ver manuales<\/a><\/div>\n<\/div>\n<\/div>\n\n\n\n<div class=\"wp-block-column is-vertically-aligned-bottom is-layout-flow wp-block-column-is-layout-flow\"><div class=\"wp-block-image\">\n<figure class=\"aligncenter size-full is-resized\"><img loading=\"lazy\" decoding=\"async\" width=\"495\" height=\"150\" src=\"https:\/\/ddo.usac.edu.gt\/wp-content\/uploads\/2024\/03\/Logo-Ciencia-Comunicacion.png\" alt=\"\" class=\"wp-image-1077\" style=\"width:212px;height:auto\" srcset=\"https:\/\/ddo.usac.edu.gt\/wp-content\/uploads\/2024\/03\/Logo-Ciencia-Comunicacion.png 495w, https:\/\/ddo.usac.edu.gt\/wp-content\/uploads\/2024\/03\/Logo-Ciencia-Comunicacion-300x91.png 300w\" sizes=\"auto, (max-width: 495px) 100vw, 495px\" \/><\/figure>\n<\/div>\n\n\n<h4 class=\"wp-block-heading has-text-align-center has-medium-font-size\"><strong>Escuela de Ciencias de la Comunicaci\u00f3n<\/strong><\/h4>\n\n\n\n<div class=\"wp-block-buttons is-content-justification-center is-layout-flex wp-container-core-buttons-is-layout-16018d1d wp-block-buttons-is-layout-flex\">\n<div class=\"wp-block-button\"><a class=\"wp-block-button__link has-white-color has-text-color has-background has-link-color wp-element-button\" href=\"https:\/\/ddo.usac.edu.gt\/index.php\/escuelas-no-facultativas\/escuela-de-ciencias-de-la-comunicacion\/\" style=\"border-radius:4px;background-color:#005aff\" target=\"_blank\" rel=\"noreferrer noopener\">Ver manuales<\/a><\/div>\n<\/div>\n<\/div>\n\n\n\n<div class=\"wp-block-column is-vertically-aligned-bottom is-layout-flow wp-block-column-is-layout-flow\"><div class=\"wp-block-image\">\n<figure class=\"aligncenter size-full is-resized\"><img loading=\"lazy\" decoding=\"async\" width=\"412\" height=\"413\" src=\"https:\/\/ddo.usac.edu.gt\/wp-content\/uploads\/2024\/03\/Logos-Lingusitica.png\" alt=\"\" class=\"wp-image-1089\" style=\"width:145px;height:auto\" srcset=\"https:\/\/ddo.usac.edu.gt\/wp-content\/uploads\/2024\/03\/Logos-Lingusitica.png 412w, https:\/\/ddo.usac.edu.gt\/wp-content\/uploads\/2024\/03\/Logos-Lingusitica-300x300.png 300w, https:\/\/ddo.usac.edu.gt\/wp-content\/uploads\/2024\/03\/Logos-Lingusitica-150x150.png 150w\" sizes=\"auto, (max-width: 412px) 100vw, 412px\" \/><\/figure>\n<\/div>\n\n\n<h4 class=\"wp-block-heading has-text-align-center has-medium-font-size\"><strong>Escuela de Ciencias Ling\u00fc\u00edsticas<\/strong><\/h4>\n\n\n\n<div class=\"wp-block-buttons is-content-justification-center is-layout-flex wp-container-core-buttons-is-layout-16018d1d wp-block-buttons-is-layout-flex\">\n<div class=\"wp-block-button\"><a class=\"wp-block-button__link has-white-color has-text-color has-background has-link-color wp-element-button\" href=\"https:\/\/ddo.usac.edu.gt\/index.php\/escuelas-no-facultativas\/escuela-de-ciencias-linguisticas\/\" style=\"border-radius:4px;background-color:#005aff\" target=\"_blank\" rel=\"noreferrer noopener\">Ver manuales<\/a><\/div>\n<\/div>\n<\/div>\n\n\n\n<div class=\"wp-block-column is-vertically-aligned-bottom is-layout-flow wp-block-column-is-layout-flow\"><div class=\"wp-block-image\">\n<figure class=\"aligncenter size-medium is-resized\"><img loading=\"lazy\" decoding=\"async\" width=\"300\" height=\"174\" src=\"https:\/\/ddo.usac.edu.gt\/wp-content\/uploads\/2024\/03\/Logo-Escuela-Arte-300x174.jpg\" alt=\"\" class=\"wp-image-1090\" style=\"width:182px;height:auto\" srcset=\"https:\/\/ddo.usac.edu.gt\/wp-content\/uploads\/2024\/03\/Logo-Escuela-Arte-300x174.jpg 300w, https:\/\/ddo.usac.edu.gt\/wp-content\/uploads\/2024\/03\/Logo-Escuela-Arte.jpg 632w\" sizes=\"auto, (max-width: 300px) 100vw, 300px\" \/><\/figure>\n<\/div>\n\n\n<h4 class=\"wp-block-heading has-text-align-center has-medium-font-size\"><strong>Escuela Superior de Arte<\/strong><\/h4>\n\n\n\n<div class=\"wp-block-buttons is-content-justification-center is-layout-flex wp-container-core-buttons-is-layout-16018d1d wp-block-buttons-is-layout-flex\">\n<div class=\"wp-block-button\"><a class=\"wp-block-button__link has-white-color has-text-color has-background has-link-color wp-element-button\" href=\"https:\/\/ddo.usac.edu.gt\/index.php\/escuelas-no-facultativas\/escuela-superior-de-arte\/\" style=\"border-radius:4px;background-color:#005aff\" target=\"_blank\" rel=\"noreferrer noopener\">Ver manuales<\/a><\/div>\n<\/div>\n<\/div>\n<\/div>\n\n\n\n<div class=\"wp-block-columns alignwide are-vertically-aligned-bottom is-layout-flex wp-container-core-columns-is-layout-9d6595d7 wp-block-columns-is-layout-flex\">\n<div class=\"wp-block-column is-vertically-aligned-bottom is-layout-flow wp-block-column-is-layout-flow\"><div class=\"wp-block-image\">\n<figure class=\"aligncenter size-full is-resized\"><img loading=\"lazy\" decoding=\"async\" width=\"225\" height=\"225\" src=\"https:\/\/ddo.usac.edu.gt\/wp-content\/uploads\/2024\/03\/Logo-Fisica-y-Matematica.jpg\" alt=\"\" class=\"wp-image-1091\" style=\"width:auto;height:175px\" srcset=\"https:\/\/ddo.usac.edu.gt\/wp-content\/uploads\/2024\/03\/Logo-Fisica-y-Matematica.jpg 225w, https:\/\/ddo.usac.edu.gt\/wp-content\/uploads\/2024\/03\/Logo-Fisica-y-Matematica-150x150.jpg 150w\" sizes=\"auto, (max-width: 225px) 100vw, 225px\" \/><\/figure>\n<\/div>\n\n\n<h4 class=\"wp-block-heading has-text-align-center has-medium-font-size\"><strong>Escuela de Ciencias F\u00edsicas y Matem\u00e1ticas<\/strong><\/h4>\n\n\n\n<div class=\"wp-block-buttons is-content-justification-center is-layout-flex wp-container-core-buttons-is-layout-16018d1d wp-block-buttons-is-layout-flex\">\n<div class=\"wp-block-button\"><a class=\"wp-block-button__link has-white-color has-text-color has-background has-link-color has-text-align-center wp-element-button\" href=\"https:\/\/ddo.usac.edu.gt\/index.php\/escuela-de-ciencias-fisicas-y-matematicas\/\" style=\"border-radius:4px;background-color:#005aff\" target=\"_blank\" rel=\"noreferrer noopener\">Ver manuales<\/a><\/div>\n<\/div>\n<\/div>\n\n\n\n<div class=\"wp-block-column is-vertically-aligned-bottom is-layout-flow wp-block-column-is-layout-flow\"><div class=\"wp-block-image\">\n<figure class=\"aligncenter size-full is-resized\"><img loading=\"lazy\" decoding=\"async\" width=\"278\" height=\"150\" src=\"https:\/\/ddo.usac.edu.gt\/wp-content\/uploads\/2024\/03\/Logo-ECTAFIDE.png\" alt=\"\" class=\"wp-image-1182\" style=\"width:auto;height:175px\"\/><\/figure>\n<\/div>\n\n\n<h4 class=\"wp-block-heading has-text-align-center has-medium-font-size\"><strong>Escuela de Ciencia y Tecnolog\u00eda de la Actividad F\u00edsica y el Deporte <\/strong><br><strong>-ECTAFIDE-<\/strong><\/h4>\n\n\n\n<div class=\"wp-block-buttons is-content-justification-center is-layout-flex wp-container-core-buttons-is-layout-16018d1d wp-block-buttons-is-layout-flex\">\n<div class=\"wp-block-button\"><a class=\"wp-block-button__link has-white-color has-text-color has-background has-link-color has-text-align-center wp-element-button\" href=\"https:\/\/ddo.usac.edu.gt\/index.php\/escuelas-no-facultativas\/escuela-de-ciencias-fisicas-y-matematicas\/\" style=\"border-radius:4px;background-color:#005aff\" target=\"_blank\" rel=\"noreferrer noopener\">Ver manuales<\/a><\/div>\n<\/div>\n<\/div>\n\n\n\n<div class=\"wp-block-column is-vertically-aligned-bottom is-layout-flow wp-block-column-is-layout-flow\">\n<div class=\"wp-block-buttons is-content-justification-center is-layout-flex wp-container-core-buttons-is-layout-16018d1d wp-block-buttons-is-layout-flex\"><\/div>\n<\/div>\n\n\n\n<div class=\"wp-block-column is-vertically-aligned-bottom is-layout-flow wp-block-column-is-layout-flow\">\n<div class=\"wp-block-buttons is-content-justification-center is-layout-flex wp-container-core-buttons-is-layout-16018d1d wp-block-buttons-is-layout-flex\"><\/div>\n<\/div>\n<\/div>\n\n\n\n<p><\/p>\n","protected":false},"excerpt":{"rendered":"<p>ESCUELAS NO FACULTATIVAS USAC Escuela de Ciencias Psicol\u00f3gicas Escuela de Ciencia Pol\u00edtica Escuela de Formaci\u00f3n de Ense\u00f1anza Media -EFPEM- Escuela de Historia Escuela de Trabajo Social Escuela de Ciencias de la Comunicaci\u00f3n Escuela de Ciencias Ling\u00fc\u00edsticas Escuela Superior de Arte Escuela de Ciencias F\u00edsicas y Matem\u00e1ticas Escuela de Ciencia y Tecnolog\u00eda de la Actividad F\u00edsica [&hellip;]<\/p>\n","protected":false},"author":1,"featured_media":0,"parent":0,"menu_order":0,"comment_status":"closed","ping_status":"closed","template":"","meta":{"iawp_total_views":709,"footnotes":""},"class_list":["post-424","page","type-page","status-publish","czr-hentry"],"_links":{"self":[{"href":"https:\/\/ddo.usac.edu.gt\/index.php\/wp-json\/wp\/v2\/pages\/424","targetHints":{"allow":["GET"]}}],"collection":[{"href":"https:\/\/ddo.usac.edu.gt\/index.php\/wp-json\/wp\/v2\/pages"}],"about":[{"href":"https:\/\/ddo.usac.edu.gt\/index.php\/wp-json\/wp\/v2\/types\/page"}],"author":[{"embeddable":true,"href":"https:\/\/ddo.usac.edu.gt\/index.php\/wp-json\/wp\/v2\/users\/1"}],"replies":[{"embeddable":true,"href":"https:\/\/ddo.usac.edu.gt\/index.php\/wp-json\/wp\/v2\/comments?post=424"}],"version-history":[{"count":27,"href":"https:\/\/ddo.usac.edu.gt\/index.php\/wp-json\/wp\/v2\/pages\/424\/revisions"}],"predecessor-version":[{"id":2088,"href":"https:\/\/ddo.usac.edu.gt\/index.php\/wp-json\/wp\/v2\/pages\/424\/revisions\/2088"}],"wp:attachment":[{"href":"https:\/\/ddo.usac.edu.gt\/index.php\/wp-json\/wp\/v2\/media?parent=424"}],"curies":[{"name":"wp","href":"https:\/\/api.w.org\/{rel}","templated":true}]}}