{"id":445,"date":"2024-02-19T08:39:04","date_gmt":"2024-02-19T13:39:04","guid":{"rendered":"https:\/\/ddo.usac.edu.gt\/?page_id=445"},"modified":"2024-03-17T19:46:45","modified_gmt":"2024-03-18T00:46:45","slug":"creacion-de-unidades-usac","status":"publish","type":"page","link":"https:\/\/ddo.usac.edu.gt\/index.php\/creacion-de-unidades-usac\/","title":{"rendered":"REGLAMENTO CREACI\u00d3N UNIDADES"},"content":{"rendered":"\n<h2 class=\"wp-block-heading has-white-color has-text-color has-background has-link-color wp-elements-2bcd4f1f72db02e58c100694f939eed7\" style=\"background-color:#002944\">REGLAMENTO PARA CREACI\u00d3N DE UNIDADES ADMINISTRATIVAS<\/h2>\n\n\n\n<div class=\"wp-block-group\"><div class=\"wp-block-group__inner-container is-layout-constrained wp-block-group-is-layout-constrained\">\n<hr class=\"wp-block-separator has-alpha-channel-opacity\"\/>\n<\/div><\/div>\n\n\n\n<p class=\"has-medium-font-size\">En este apartado pueden descargar el \u201cReglamento para creaci\u00f3n de unidades administrativas en la Administraci\u00f3n Central y Unidades Acad\u00e9micas de la USAC\u201d, aprobado por el Consejo Superior Universitario en Punto S\u00c9PTIMO, Inciso 7.2 del Acta No. 20-2015 de fecha 09 de septiembre de 2015.<\/p>\n\n\n\n<div class=\"wp-block-columns has-white-color has-text-color has-background has-link-color wp-elements-22b5d6246812c5c4aa79ceb3cf3d7850 is-layout-flex wp-container-core-columns-is-layout-9d6595d7 wp-block-columns-is-layout-flex\" style=\"background-color:#00447c\">\n<div class=\"wp-block-column is-vertically-aligned-center is-layout-flow wp-block-column-is-layout-flow\">\n<h2 class=\"wp-block-heading alignwide has-white-color has-text-color has-link-color has-large-font-size wp-elements-2e0aeafa5a7d28b724a6268e97aeb158\">Reglamento para creaci\u00f3n<\/h2>\n<\/div>\n\n\n\n<div class=\"wp-block-column is-vertically-aligned-bottom is-layout-flow wp-block-column-is-layout-flow\">\n<div class=\"wp-block-buttons alignwide is-vertical is-content-justification-right is-layout-flex wp-container-core-buttons-is-layout-17ed0cd2 wp-block-buttons-is-layout-flex\">\n<div class=\"wp-block-button is-style-fill\"><a class=\"wp-block-button__link has-black-color has-white-background-color has-text-color has-background has-link-color wp-element-button\" href=\"https:\/\/ddo.usac.edu.gt\/wp-content\/uploads\/2024\/03\/Reglamento-Creacion-Unidades-Administrativas-USAC.pdf\" style=\"border-radius:10px\" target=\"_blank\" rel=\"noreferrer noopener\"><strong>Descargar Documento PDF<\/strong><\/a><\/div>\n<\/div>\n<\/div>\n<\/div>\n\n\n\n<p><\/p>\n","protected":false},"excerpt":{"rendered":"<p>REGLAMENTO PARA CREACI\u00d3N DE UNIDADES ADMINISTRATIVAS En este apartado pueden descargar el \u201cReglamento para creaci\u00f3n de unidades administrativas en la Administraci\u00f3n Central y Unidades Acad\u00e9micas de la USAC\u201d, aprobado por el Consejo Superior Universitario en Punto S\u00c9PTIMO, Inciso 7.2 del Acta No. 20-2015 de fecha 09 de septiembre de 2015. Reglamento para creaci\u00f3n<\/p>\n","protected":false},"author":1,"featured_media":0,"parent":0,"menu_order":0,"comment_status":"closed","ping_status":"closed","template":"","meta":{"iawp_total_views":119,"footnotes":""},"class_list":["post-445","page","type-page","status-publish","czr-hentry"],"_links":{"self":[{"href":"https:\/\/ddo.usac.edu.gt\/index.php\/wp-json\/wp\/v2\/pages\/445","targetHints":{"allow":["GET"]}}],"collection":[{"href":"https:\/\/ddo.usac.edu.gt\/index.php\/wp-json\/wp\/v2\/pages"}],"about":[{"href":"https:\/\/ddo.usac.edu.gt\/index.php\/wp-json\/wp\/v2\/types\/page"}],"author":[{"embeddable":true,"href":"https:\/\/ddo.usac.edu.gt\/index.php\/wp-json\/wp\/v2\/users\/1"}],"replies":[{"embeddable":true,"href":"https:\/\/ddo.usac.edu.gt\/index.php\/wp-json\/wp\/v2\/comments?post=445"}],"version-history":[{"count":3,"href":"https:\/\/ddo.usac.edu.gt\/index.php\/wp-json\/wp\/v2\/pages\/445\/revisions"}],"predecessor-version":[{"id":1880,"href":"https:\/\/ddo.usac.edu.gt\/index.php\/wp-json\/wp\/v2\/pages\/445\/revisions\/1880"}],"wp:attachment":[{"href":"https:\/\/ddo.usac.edu.gt\/index.php\/wp-json\/wp\/v2\/media?parent=445"}],"curies":[{"name":"wp","href":"https:\/\/api.w.org\/{rel}","templated":true}]}}