{"id":481,"date":"2024-02-19T10:00:05","date_gmt":"2024-02-19T15:00:05","guid":{"rendered":"https:\/\/ddo.usac.edu.gt\/?page_id=481"},"modified":"2025-08-05T14:34:36","modified_gmt":"2025-08-05T19:34:36","slug":"universidad-de-san-carlos-de-guatemala","status":"publish","type":"page","link":"https:\/\/ddo.usac.edu.gt\/index.php\/administracion-central\/universidad-de-san-carlos-de-guatemala\/","title":{"rendered":"UNIVERSIDAD DE SAN CARLOS DE GUATEMALA"},"content":{"rendered":"\n<p>Sitio Web: <a href=\"https:\/\/usac.edu.gt\" target=\"_blank\" rel=\"noreferrer noopener\">https:\/\/usac.edu.gt<\/a><\/p>\n\n\n\n<h2 class=\"wp-block-heading has-white-color has-text-color has-background has-link-color wp-elements-66a029e1b4f75b1c915e70dee5ed14ff\" style=\"background-color:#002944\">DEFINICI\u00d3N<\/h2>\n\n\n\n<div class=\"wp-block-group\"><div class=\"wp-block-group__inner-container is-layout-constrained wp-block-group-is-layout-constrained\">\n<div class=\"wp-block-columns is-layout-flex wp-container-core-columns-is-layout-9d6595d7 wp-block-columns-is-layout-flex\">\n<div class=\"wp-block-column is-vertically-aligned-center is-layout-flow wp-block-column-is-layout-flow\" style=\"flex-basis:300px\"><div class=\"wp-block-image\">\n<figure class=\"aligncenter size-full is-resized\"><img loading=\"lazy\" decoding=\"async\" width=\"300\" height=\"300\" src=\"https:\/\/ddo.usac.edu.gt\/wp-content\/uploads\/2024\/02\/logousac2024.png\" alt=\"\" class=\"wp-image-450\" style=\"width:250px\" srcset=\"https:\/\/ddo.usac.edu.gt\/wp-content\/uploads\/2024\/02\/logousac2024.png 300w, https:\/\/ddo.usac.edu.gt\/wp-content\/uploads\/2024\/02\/logousac2024-150x150.png 150w\" sizes=\"auto, (max-width: 300px) 100vw, 300px\" \/><\/figure>\n<\/div><\/div>\n\n\n\n<div class=\"wp-block-column is-vertically-aligned-center is-layout-flow wp-block-column-is-layout-flow\">\n<p class=\"has-medium-font-size\"><strong>Universidad de San Carlos de Guatemala<\/strong> &#8211;<strong>USAC<\/strong>&#8211;<\/p>\n\n\n\n<p class=\"has-medium-font-size\">La Universidad de San Carlos de Guatemala, es una instituci\u00f3n aut\u00f3noma con personalidad jur\u00eddica. En su car\u00e1cter de \u00fanica universidad estatal le corresponde con exclusividad dirigir, organizar y desarrollar la educaci\u00f3n superior del Estado y la educaci\u00f3n profesional universitaria estatal, as\u00ed como la difusi\u00f3n de la cultura en todas sus manifestaciones.<\/p>\n\n\n\n<p class=\"has-medium-font-size\"><br>Promover\u00e1 por todos los medios a su alcance la investigaci\u00f3n en todas las esferas del saber humano y cooperar\u00e1 al estudio y soluci\u00f3n de los problemas nacionales.<\/p>\n<\/div>\n<\/div>\n\n\n\n<div class=\"wp-block-columns has-white-color has-text-color has-background has-link-color wp-elements-8d99647a8981a22d2f93b16a8ae6006e is-layout-flex wp-container-core-columns-is-layout-9d6595d7 wp-block-columns-is-layout-flex\" style=\"background-color:#00447c\">\n<div class=\"wp-block-column is-vertically-aligned-center is-layout-flow wp-block-column-is-layout-flow\">\n<h2 class=\"wp-block-heading alignwide has-white-color has-text-color has-link-color has-large-font-size wp-elements-6cbe81240a440b3bab719717403476ef\">Manual de Organizaci\u00f3n Vigente<\/h2>\n<\/div>\n\n\n\n<div class=\"wp-block-column is-vertically-aligned-bottom is-layout-flow wp-block-column-is-layout-flow\">\n<div class=\"wp-block-buttons alignwide is-vertical is-content-justification-right is-layout-flex wp-container-core-buttons-is-layout-17ed0cd2 wp-block-buttons-is-layout-flex\">\n<div class=\"wp-block-button is-style-fill\"><a class=\"wp-block-button__link has-black-color has-white-background-color has-text-color has-background has-link-color wp-element-button\" href=\"https:\/\/ddo.usac.edu.gt\/wp-content\/uploads\/2024\/03\/Actualizacion-Manual-Organizacion-USAC-Aprobado-Julio-2023.pdf\" style=\"border-radius:10px\" target=\"_blank\" rel=\"noreferrer noopener\"><strong>Descargar Documento PDF<\/strong><\/a><\/div>\n<\/div>\n<\/div>\n<\/div>\n\n\n\n<hr class=\"wp-block-separator has-alpha-channel-opacity\"\/>\n<\/div><\/div>\n","protected":false},"excerpt":{"rendered":"<p>Sitio Web: https:\/\/usac.edu.gt DEFINICI\u00d3N Universidad de San Carlos de Guatemala &#8211;USAC&#8211; La Universidad de San Carlos de Guatemala, es una instituci\u00f3n aut\u00f3noma con personalidad jur\u00eddica. En su car\u00e1cter de \u00fanica universidad estatal le corresponde con exclusividad dirigir, organizar y desarrollar la educaci\u00f3n superior del Estado y la educaci\u00f3n profesional universitaria estatal, as\u00ed como la difusi\u00f3n [&hellip;]<\/p>\n","protected":false},"author":1,"featured_media":0,"parent":420,"menu_order":0,"comment_status":"closed","ping_status":"closed","template":"","meta":{"iawp_total_views":624,"footnotes":""},"class_list":["post-481","page","type-page","status-publish","czr-hentry"],"_links":{"self":[{"href":"https:\/\/ddo.usac.edu.gt\/index.php\/wp-json\/wp\/v2\/pages\/481","targetHints":{"allow":["GET"]}}],"collection":[{"href":"https:\/\/ddo.usac.edu.gt\/index.php\/wp-json\/wp\/v2\/pages"}],"about":[{"href":"https:\/\/ddo.usac.edu.gt\/index.php\/wp-json\/wp\/v2\/types\/page"}],"author":[{"embeddable":true,"href":"https:\/\/ddo.usac.edu.gt\/index.php\/wp-json\/wp\/v2\/users\/1"}],"replies":[{"embeddable":true,"href":"https:\/\/ddo.usac.edu.gt\/index.php\/wp-json\/wp\/v2\/comments?post=481"}],"version-history":[{"count":8,"href":"https:\/\/ddo.usac.edu.gt\/index.php\/wp-json\/wp\/v2\/pages\/481\/revisions"}],"predecessor-version":[{"id":2012,"href":"https:\/\/ddo.usac.edu.gt\/index.php\/wp-json\/wp\/v2\/pages\/481\/revisions\/2012"}],"up":[{"embeddable":true,"href":"https:\/\/ddo.usac.edu.gt\/index.php\/wp-json\/wp\/v2\/pages\/420"}],"wp:attachment":[{"href":"https:\/\/ddo.usac.edu.gt\/index.php\/wp-json\/wp\/v2\/media?parent=481"}],"curies":[{"name":"wp","href":"https:\/\/api.w.org\/{rel}","templated":true}]}}