{"id":525,"date":"2024-02-29T10:30:20","date_gmt":"2024-02-29T15:30:20","guid":{"rendered":"https:\/\/ddo.usac.edu.gt\/?page_id=525"},"modified":"2024-03-18T16:21:31","modified_gmt":"2024-03-18T21:21:31","slug":"direccion-general-de-investigacion-digi","status":"publish","type":"page","link":"https:\/\/ddo.usac.edu.gt\/index.php\/direcciones-generales-2\/direccion-general-de-investigacion-digi\/","title":{"rendered":"DIRECCI\u00d3N GENERAL DE INVESTIGACI\u00d3N -DIGI-"},"content":{"rendered":"\n<h1 class=\"wp-block-heading alignfull has-text-align-center has-white-color has-text-color has-background has-link-color wp-elements-f91558c8cbe022a4625d29103c92c6ce\" style=\"background-color:#0056a2\"><strong>DIRECCI\u00d3N GENERAL <\/strong>DE INVESTIGACI\u00d3N -DIGI-<\/h1>\n\n\n\n<div class=\"wp-block-columns alignwide are-vertically-aligned-bottom is-layout-flex wp-container-core-columns-is-layout-9d6595d7 wp-block-columns-is-layout-flex\">\n<div class=\"wp-block-column is-vertically-aligned-bottom is-layout-flow wp-block-column-is-layout-flow\"><div class=\"wp-block-image\">\n<figure class=\"aligncenter size-full is-resized\"><img loading=\"lazy\" decoding=\"async\" width=\"394\" height=\"394\" src=\"https:\/\/ddo.usac.edu.gt\/wp-content\/uploads\/2024\/03\/Logo-DIGI.png\" alt=\"\" class=\"wp-image-1141\" style=\"width:155px;height:auto\" srcset=\"https:\/\/ddo.usac.edu.gt\/wp-content\/uploads\/2024\/03\/Logo-DIGI.png 394w, https:\/\/ddo.usac.edu.gt\/wp-content\/uploads\/2024\/03\/Logo-DIGI-300x300.png 300w, https:\/\/ddo.usac.edu.gt\/wp-content\/uploads\/2024\/03\/Logo-DIGI-150x150.png 150w\" sizes=\"auto, (max-width: 394px) 100vw, 394px\" \/><\/figure>\n<\/div>\n\n\n<h4 class=\"wp-block-heading has-text-align-center has-medium-font-size\">Direcci\u00f3n General de Investigaci\u00f3n <br>-DIGI-<\/h4>\n\n\n\n<div class=\"wp-block-buttons is-content-justification-center is-layout-flex wp-container-core-buttons-is-layout-16018d1d wp-block-buttons-is-layout-flex\">\n<div class=\"wp-block-button\"><a class=\"wp-block-button__link has-white-color has-text-color has-background has-link-color has-text-align-center wp-element-button\" href=\"https:\/\/ddo.usac.edu.gt\/index.php\/direcciones-generales-2\/direccion-general-de-investigacion-digi\/direccion-general-de-investigacion-digi\/\" style=\"border-radius:4px;background-color:#005aff\" target=\"_blank\" rel=\"noreferrer noopener\">Ver manuales<\/a><\/div>\n<\/div>\n<\/div>\n\n\n\n<div class=\"wp-block-column is-vertically-aligned-bottom is-layout-flow wp-block-column-is-layout-flow\"><div class=\"wp-block-image\">\n<figure class=\"aligncenter size-full is-resized\"><img loading=\"lazy\" decoding=\"async\" width=\"339\" height=\"149\" src=\"https:\/\/ddo.usac.edu.gt\/wp-content\/uploads\/2024\/03\/Logo-CECEG.jpg\" alt=\"\" class=\"wp-image-1144\" style=\"width:273px;height:auto\" srcset=\"https:\/\/ddo.usac.edu.gt\/wp-content\/uploads\/2024\/03\/Logo-CECEG.jpg 339w, https:\/\/ddo.usac.edu.gt\/wp-content\/uploads\/2024\/03\/Logo-CECEG-300x132.jpg 300w\" sizes=\"auto, (max-width: 339px) 100vw, 339px\" \/><\/figure>\n<\/div>\n\n\n<h4 class=\"wp-block-heading has-text-align-center has-medium-font-size\">Centro de Estudios de las Culturas en Guatemala <br>-CECEG- <\/h4>\n\n\n\n<div class=\"wp-block-buttons is-content-justification-center is-layout-flex wp-container-core-buttons-is-layout-16018d1d wp-block-buttons-is-layout-flex\">\n<div class=\"wp-block-button\"><a class=\"wp-block-button__link has-white-color has-text-color has-background has-link-color has-text-align-center wp-element-button\" href=\"https:\/\/ddo.usac.edu.gt\/index.php\/direcciones-generales-2\/direccion-general-de-investigacion-digi\/direccion-general-de-investigacion-digi\/centro-de-estudios-de-las-culturas-en-guatemala-ceceg\/\" style=\"border-radius:4px;background-color:#005aff\" target=\"_blank\" rel=\"noreferrer noopener\">Ver manuales<\/a><\/div>\n<\/div>\n<\/div>\n\n\n\n<div class=\"wp-block-column is-vertically-aligned-bottom is-layout-flow wp-block-column-is-layout-flow\"><div class=\"wp-block-image\">\n<figure class=\"aligncenter size-thumbnail is-resized\"><img loading=\"lazy\" decoding=\"async\" width=\"150\" height=\"150\" src=\"https:\/\/ddo.usac.edu.gt\/wp-content\/uploads\/2024\/03\/Logo-IDEIPI-150x150.png\" alt=\"\" class=\"wp-image-1145\" style=\"width:190px;height:auto\" srcset=\"https:\/\/ddo.usac.edu.gt\/wp-content\/uploads\/2024\/03\/Logo-IDEIPI-150x150.png 150w, https:\/\/ddo.usac.edu.gt\/wp-content\/uploads\/2024\/03\/Logo-IDEIPI.png 225w\" sizes=\"auto, (max-width: 150px) 100vw, 150px\" \/><\/figure>\n<\/div>\n\n\n<h4 class=\"wp-block-heading has-text-align-center has-medium-font-size\">Instituto de Estudios Inter\u00e9tnicos y de los Pueblos Ind\u00edgenas <br>-IDEIPI- <\/h4>\n\n\n\n<div class=\"wp-block-buttons is-content-justification-center is-layout-flex wp-container-core-buttons-is-layout-16018d1d wp-block-buttons-is-layout-flex\">\n<div class=\"wp-block-button\"><a class=\"wp-block-button__link has-white-color has-text-color has-background has-link-color wp-element-button\" href=\"https:\/\/ddo.usac.edu.gt\/index.php\/direcciones-generales-2\/direccion-general-de-investigacion-digi\/instituto-de-estudios-interetnicos-y-de-los-pueblos-indigenas-ideipi\/\" style=\"border-radius:4px;background-color:#005aff\" target=\"_blank\" rel=\"noreferrer noopener\">Ver manuales<\/a><\/div>\n<\/div>\n<\/div>\n<\/div>\n","protected":false},"excerpt":{"rendered":"<p>DIRECCI\u00d3N GENERAL DE INVESTIGACI\u00d3N -DIGI- Direcci\u00f3n General de Investigaci\u00f3n -DIGI- Centro de Estudios de las Culturas en Guatemala -CECEG- Instituto de Estudios Inter\u00e9tnicos y de los Pueblos Ind\u00edgenas -IDEIPI-<\/p>\n","protected":false},"author":1,"featured_media":0,"parent":521,"menu_order":0,"comment_status":"closed","ping_status":"closed","template":"","meta":{"iawp_total_views":61,"footnotes":""},"class_list":["post-525","page","type-page","status-publish","czr-hentry"],"_links":{"self":[{"href":"https:\/\/ddo.usac.edu.gt\/index.php\/wp-json\/wp\/v2\/pages\/525","targetHints":{"allow":["GET"]}}],"collection":[{"href":"https:\/\/ddo.usac.edu.gt\/index.php\/wp-json\/wp\/v2\/pages"}],"about":[{"href":"https:\/\/ddo.usac.edu.gt\/index.php\/wp-json\/wp\/v2\/types\/page"}],"author":[{"embeddable":true,"href":"https:\/\/ddo.usac.edu.gt\/index.php\/wp-json\/wp\/v2\/users\/1"}],"replies":[{"embeddable":true,"href":"https:\/\/ddo.usac.edu.gt\/index.php\/wp-json\/wp\/v2\/comments?post=525"}],"version-history":[{"count":6,"href":"https:\/\/ddo.usac.edu.gt\/index.php\/wp-json\/wp\/v2\/pages\/525\/revisions"}],"predecessor-version":[{"id":2103,"href":"https:\/\/ddo.usac.edu.gt\/index.php\/wp-json\/wp\/v2\/pages\/525\/revisions\/2103"}],"up":[{"embeddable":true,"href":"https:\/\/ddo.usac.edu.gt\/index.php\/wp-json\/wp\/v2\/pages\/521"}],"wp:attachment":[{"href":"https:\/\/ddo.usac.edu.gt\/index.php\/wp-json\/wp\/v2\/media?parent=525"}],"curies":[{"name":"wp","href":"https:\/\/api.w.org\/{rel}","templated":true}]}}