{"id":528,"date":"2024-02-29T10:31:42","date_gmt":"2024-02-29T15:31:42","guid":{"rendered":"https:\/\/ddo.usac.edu.gt\/?page_id=528"},"modified":"2024-04-19T14:54:08","modified_gmt":"2024-04-19T19:54:08","slug":"direccion-general-de-administracion-diga","status":"publish","type":"page","link":"https:\/\/ddo.usac.edu.gt\/index.php\/direcciones-generales-2\/direccion-general-de-administracion-diga\/","title":{"rendered":"DIRECCI\u00d3N GENERAL DE ADMINISTRACI\u00d3N -DIGA-"},"content":{"rendered":"\n<h1 class=\"wp-block-heading alignfull has-text-align-center has-white-color has-text-color has-background has-link-color wp-elements-df8897757b6f48b999282516fb2c3e21\" style=\"background-color:#0056a2\"><strong>DIRECCI\u00d3N GENERAL <\/strong>DE ADMINISTRACI\u00d3N -DIGA-<\/h1>\n\n\n\n<div class=\"wp-block-columns alignwide are-vertically-aligned-bottom is-layout-flex wp-container-core-columns-is-layout-9d6595d7 wp-block-columns-is-layout-flex\">\n<div class=\"wp-block-column is-vertically-aligned-bottom is-layout-flow wp-block-column-is-layout-flow\"><div class=\"wp-block-image\">\n<figure class=\"aligncenter size-full is-resized\"><img loading=\"lazy\" decoding=\"async\" width=\"300\" height=\"300\" src=\"https:\/\/ddo.usac.edu.gt\/wp-content\/uploads\/2024\/02\/logousac2024-1.png\" alt=\"\" class=\"wp-image-453\" style=\"width:151px;height:auto\" srcset=\"https:\/\/ddo.usac.edu.gt\/wp-content\/uploads\/2024\/02\/logousac2024-1.png 300w, https:\/\/ddo.usac.edu.gt\/wp-content\/uploads\/2024\/02\/logousac2024-1-150x150.png 150w\" sizes=\"auto, (max-width: 300px) 100vw, 300px\" \/><\/figure>\n<\/div>\n\n\n<h4 class=\"wp-block-heading has-text-align-center\"><strong>Direcci\u00f3n General de Administraci\u00f3n <\/strong><br><strong>-DIGA-<\/strong><\/h4>\n\n\n\n<div class=\"wp-block-buttons is-content-justification-center is-layout-flex wp-container-core-buttons-is-layout-16018d1d wp-block-buttons-is-layout-flex\">\n<div class=\"wp-block-button\"><a class=\"wp-block-button__link has-white-color has-text-color has-background has-link-color has-text-align-center wp-element-button\" href=\"https:\/\/ddo.usac.edu.gt\/index.php\/direcciones-generales-2\/direccion-general-de-administracion-diga\/direccion-general-de-administracion-diga\/\" style=\"border-radius:4px;background-color:#005aff\" target=\"_blank\" rel=\"noreferrer noopener\">Ver manuales<\/a><\/div>\n<\/div>\n<\/div>\n\n\n\n<div class=\"wp-block-column is-vertically-aligned-bottom is-layout-flow wp-block-column-is-layout-flow\"><div class=\"wp-block-image\">\n<figure class=\"aligncenter size-thumbnail\"><img loading=\"lazy\" decoding=\"async\" width=\"150\" height=\"150\" src=\"https:\/\/ddo.usac.edu.gt\/wp-content\/uploads\/2024\/02\/logousac2024-1-150x150.png\" alt=\"\" class=\"wp-image-453\" srcset=\"https:\/\/ddo.usac.edu.gt\/wp-content\/uploads\/2024\/02\/logousac2024-1-150x150.png 150w, https:\/\/ddo.usac.edu.gt\/wp-content\/uploads\/2024\/02\/logousac2024-1.png 300w\" sizes=\"auto, (max-width: 150px) 100vw, 150px\" \/><\/figure>\n<\/div>\n\n\n<h4 class=\"wp-block-heading has-text-align-center\"><strong>Divisi\u00f3n de Administraci\u00f3n de Recursos Humanos <\/strong><br><strong>-DARH-<\/strong><\/h4>\n\n\n\n<div class=\"wp-block-buttons is-content-justification-center is-layout-flex wp-container-core-buttons-is-layout-16018d1d wp-block-buttons-is-layout-flex\">\n<div class=\"wp-block-button\"><a class=\"wp-block-button__link has-white-color has-text-color has-background has-link-color wp-element-button\" href=\"https:\/\/ddo.usac.edu.gt\/index.php\/direcciones-generales-2\/direccion-general-de-administracion-diga\/division-de-administracion-de-recursos-humanos-darh\/\" style=\"border-radius:4px;background-color:#005aff\" target=\"_blank\" rel=\"noreferrer noopener\">Ver manuales<\/a><\/div>\n<\/div>\n<\/div>\n\n\n\n<div class=\"wp-block-column is-vertically-aligned-bottom is-layout-flow wp-block-column-is-layout-flow\"><div class=\"wp-block-image\">\n<figure class=\"aligncenter size-thumbnail\"><img loading=\"lazy\" decoding=\"async\" width=\"150\" height=\"150\" src=\"https:\/\/ddo.usac.edu.gt\/wp-content\/uploads\/2024\/03\/NUEVO-LOGO-DDO--150x150.jpg\" alt=\"\" class=\"wp-image-1149\" srcset=\"https:\/\/ddo.usac.edu.gt\/wp-content\/uploads\/2024\/03\/NUEVO-LOGO-DDO--150x150.jpg 150w, https:\/\/ddo.usac.edu.gt\/wp-content\/uploads\/2024\/03\/NUEVO-LOGO-DDO--510x510.jpg 510w\" sizes=\"auto, (max-width: 150px) 100vw, 150px\" \/><\/figure>\n<\/div>\n\n\n<h4 class=\"wp-block-heading has-text-align-center\"><strong>Divisi\u00f3n de Desarrollo Organizacional <\/strong><br><strong>-DDO-<\/strong><\/h4>\n\n\n\n<div class=\"wp-block-buttons is-content-justification-center is-layout-flex wp-container-core-buttons-is-layout-16018d1d wp-block-buttons-is-layout-flex\">\n<div class=\"wp-block-button\"><a class=\"wp-block-button__link has-white-color has-text-color has-background has-link-color wp-element-button\" href=\"https:\/\/ddo.usac.edu.gt\/index.php\/direcciones-generales-2\/direccion-general-de-administracion-diga\/division-de-desarrollo-organizacional-ddo\/\" style=\"border-radius:4px;background-color:#005aff\" target=\"_blank\" rel=\"noreferrer noopener\">Ver manuales<\/a><\/div>\n<\/div>\n<\/div>\n\n\n\n<div class=\"wp-block-column is-vertically-aligned-bottom is-layout-flow wp-block-column-is-layout-flow\"><div class=\"wp-block-image\">\n<figure class=\"aligncenter size-thumbnail is-resized\"><img loading=\"lazy\" decoding=\"async\" width=\"150\" height=\"150\" src=\"https:\/\/ddo.usac.edu.gt\/wp-content\/uploads\/2024\/03\/Logos-DSG-150x150.jpg\" alt=\"\" class=\"wp-image-1150\" style=\"width:194px;height:auto\" srcset=\"https:\/\/ddo.usac.edu.gt\/wp-content\/uploads\/2024\/03\/Logos-DSG-150x150.jpg 150w, https:\/\/ddo.usac.edu.gt\/wp-content\/uploads\/2024\/03\/Logos-DSG.jpg 225w\" sizes=\"auto, (max-width: 150px) 100vw, 150px\" \/><\/figure>\n<\/div>\n\n\n<h4 class=\"wp-block-heading has-text-align-center\"><strong>Divisi\u00f3n de Servicios Generales <\/strong><br><strong>-DSG-<\/strong><\/h4>\n\n\n\n<div class=\"wp-block-buttons is-content-justification-center is-layout-flex wp-container-core-buttons-is-layout-16018d1d wp-block-buttons-is-layout-flex\">\n<div class=\"wp-block-button\"><a class=\"wp-block-button__link has-white-color has-text-color has-background has-link-color wp-element-button\" href=\"https:\/\/ddo.usac.edu.gt\/index.php\/direcciones-generales-2\/direccion-general-de-administracion-diga\/division-de-servicios-generales-dsg\/\" style=\"border-radius:4px;background-color:#005aff\" target=\"_blank\" rel=\"noreferrer noopener\">Ver manuales<\/a><\/div>\n<\/div>\n<\/div>\n<\/div>\n\n\n\n<div class=\"wp-block-columns alignwide are-vertically-aligned-bottom is-layout-flex wp-container-core-columns-is-layout-9d6595d7 wp-block-columns-is-layout-flex\">\n<div class=\"wp-block-column is-vertically-aligned-bottom is-layout-flow wp-block-column-is-layout-flow\"><div class=\"wp-block-image\">\n<figure class=\"aligncenter size-thumbnail is-resized\"><img loading=\"lazy\" decoding=\"async\" width=\"150\" height=\"150\" src=\"https:\/\/ddo.usac.edu.gt\/wp-content\/uploads\/2024\/02\/logousac2024-1-150x150.png\" alt=\"\" class=\"wp-image-453\" style=\"width:140px;height:auto\" srcset=\"https:\/\/ddo.usac.edu.gt\/wp-content\/uploads\/2024\/02\/logousac2024-1-150x150.png 150w, https:\/\/ddo.usac.edu.gt\/wp-content\/uploads\/2024\/02\/logousac2024-1.png 300w\" sizes=\"auto, (max-width: 150px) 100vw, 150px\" \/><\/figure>\n<\/div>\n\n\n<h4 class=\"wp-block-heading has-text-align-center\"><strong>Divisi\u00f3n de Seguridad Universitaria<\/strong><\/h4>\n\n\n\n<div class=\"wp-block-buttons is-content-justification-center is-layout-flex wp-container-core-buttons-is-layout-16018d1d wp-block-buttons-is-layout-flex\">\n<div class=\"wp-block-button\"><a class=\"wp-block-button__link has-white-color has-text-color has-background has-link-color has-text-align-center wp-element-button\" href=\"https:\/\/ddo.usac.edu.gt\/index.php\/direcciones-generales-2\/direccion-general-de-administracion-diga\/division-de-seguridad-universitaria\/\" style=\"border-radius:4px;background-color:#005aff\" target=\"_blank\" rel=\"noreferrer noopener\">Ver manuales<\/a><\/div>\n<\/div>\n<\/div>\n\n\n\n<div class=\"wp-block-column is-vertically-aligned-bottom is-layout-flow wp-block-column-is-layout-flow\"><div class=\"wp-block-image\">\n<figure class=\"aligncenter size-full is-resized\"><img loading=\"lazy\" decoding=\"async\" width=\"321\" height=\"157\" src=\"https:\/\/ddo.usac.edu.gt\/wp-content\/uploads\/2024\/03\/Logo-Biblioteca-Central.png\" alt=\"\" class=\"wp-image-1151\" style=\"width:218px;height:auto\" srcset=\"https:\/\/ddo.usac.edu.gt\/wp-content\/uploads\/2024\/03\/Logo-Biblioteca-Central.png 321w, https:\/\/ddo.usac.edu.gt\/wp-content\/uploads\/2024\/03\/Logo-Biblioteca-Central-300x147.png 300w\" sizes=\"auto, (max-width: 321px) 100vw, 321px\" \/><\/figure>\n<\/div>\n\n\n<h4 class=\"wp-block-heading has-text-align-center\"><strong>Biblioteca Central<\/strong><\/h4>\n\n\n\n<div class=\"wp-block-buttons is-content-justification-center is-layout-flex wp-container-core-buttons-is-layout-16018d1d wp-block-buttons-is-layout-flex\">\n<div class=\"wp-block-button\"><a class=\"wp-block-button__link has-white-color has-text-color has-background has-link-color wp-element-button\" href=\"https:\/\/ddo.usac.edu.gt\/index.php\/direcciones-generales-2\/direccion-general-de-administracion-diga\/departamento-de-procesamiento-de-datos-dpd\/\" style=\"border-radius:4px;background-color:#005aff\" target=\"_blank\" rel=\"noreferrer noopener\">Ver manuales<\/a><\/div>\n<\/div>\n<\/div>\n\n\n\n<div class=\"wp-block-column is-vertically-aligned-bottom is-layout-flow wp-block-column-is-layout-flow\"><div class=\"wp-block-image\">\n<figure class=\"aligncenter size-full is-resized\"><img loading=\"lazy\" decoding=\"async\" width=\"203\" height=\"143\" src=\"https:\/\/ddo.usac.edu.gt\/wp-content\/uploads\/2024\/03\/Logo-RyE.jpg\" alt=\"\" class=\"wp-image-1152\" style=\"width:167px;height:auto\"\/><\/figure>\n<\/div>\n\n\n<h4 class=\"wp-block-heading has-text-align-center\"><strong>Departamento de Registro y Estad\u00edstica <br>-R y E-<\/strong><\/h4>\n\n\n\n<div class=\"wp-block-buttons is-content-justification-center is-layout-flex wp-container-core-buttons-is-layout-16018d1d wp-block-buttons-is-layout-flex\">\n<div class=\"wp-block-button\"><a class=\"wp-block-button__link has-white-color has-text-color has-background has-link-color wp-element-button\" href=\"https:\/\/ddo.usac.edu.gt\/index.php\/direcciones-generales-2\/direccion-general-de-administracion-diga\/departamento-de-registro-y-estadistica-rye\/\" style=\"border-radius:4px;background-color:#005aff\" target=\"_blank\" rel=\"noreferrer noopener\">Ver manuales<\/a><\/div>\n<\/div>\n<\/div>\n\n\n\n<div class=\"wp-block-column is-vertically-aligned-bottom is-layout-flow wp-block-column-is-layout-flow\"><div class=\"wp-block-image\">\n<figure class=\"aligncenter size-full is-resized\"><img loading=\"lazy\" decoding=\"async\" width=\"225\" height=\"225\" src=\"https:\/\/ddo.usac.edu.gt\/wp-content\/uploads\/2024\/03\/Logo-Archivo.jpg\" alt=\"\" class=\"wp-image-1153\" style=\"width:169px;height:auto\" srcset=\"https:\/\/ddo.usac.edu.gt\/wp-content\/uploads\/2024\/03\/Logo-Archivo.jpg 225w, https:\/\/ddo.usac.edu.gt\/wp-content\/uploads\/2024\/03\/Logo-Archivo-150x150.jpg 150w\" sizes=\"auto, (max-width: 225px) 100vw, 225px\" \/><\/figure>\n<\/div>\n\n\n<h4 class=\"wp-block-heading has-text-align-center\"><strong>Archivo General<\/strong><\/h4>\n\n\n\n<div class=\"wp-block-buttons is-content-justification-center is-layout-flex wp-container-core-buttons-is-layout-16018d1d wp-block-buttons-is-layout-flex\">\n<div class=\"wp-block-button\"><a class=\"wp-block-button__link has-white-color has-text-color has-background has-link-color wp-element-button\" href=\"https:\/\/ddo.usac.edu.gt\/index.php\/direcciones-generales-2\/direccion-general-de-administracion-diga\/archivo-general-agusac\/\" style=\"border-radius:4px;background-color:#005aff\" target=\"_blank\" rel=\"noreferrer noopener\">Ver manuales<\/a><\/div>\n<\/div>\n<\/div>\n<\/div>\n\n\n\n<div class=\"wp-block-columns alignwide are-vertically-aligned-bottom is-layout-flex wp-container-core-columns-is-layout-9d6595d7 wp-block-columns-is-layout-flex\">\n<div class=\"wp-block-column is-vertically-aligned-bottom is-layout-flow wp-block-column-is-layout-flow\"><div class=\"wp-block-image\">\n<figure class=\"aligncenter size-thumbnail is-resized\"><img loading=\"lazy\" decoding=\"async\" width=\"150\" height=\"150\" src=\"https:\/\/ddo.usac.edu.gt\/wp-content\/uploads\/2024\/02\/logousac2024-1-150x150.png\" alt=\"\" class=\"wp-image-453\" style=\"width:140px;height:auto\" srcset=\"https:\/\/ddo.usac.edu.gt\/wp-content\/uploads\/2024\/02\/logousac2024-1-150x150.png 150w, https:\/\/ddo.usac.edu.gt\/wp-content\/uploads\/2024\/02\/logousac2024-1.png 300w\" sizes=\"auto, (max-width: 150px) 100vw, 150px\" \/><\/figure>\n<\/div>\n\n\n<h4 class=\"wp-block-heading has-text-align-center\"><strong>Transporte Colectivo de la USAC<\/strong><\/h4>\n\n\n\n<div class=\"wp-block-buttons is-content-justification-center is-layout-flex wp-container-core-buttons-is-layout-16018d1d wp-block-buttons-is-layout-flex\">\n<div class=\"wp-block-button\"><a class=\"wp-block-button__link has-white-color has-text-color has-background has-link-color has-text-align-center wp-element-button\" href=\"https:\/\/ddo.usac.edu.gt\/index.php\/direcciones-generales-2\/direccion-general-de-administracion-diga\/transporte-colectivo-de-la-universidad-de-san-carlos-de-guatemala\/\" style=\"border-radius:4px;background-color:#005aff\" target=\"_blank\" rel=\"noreferrer noopener\">Ver manuales<\/a><\/div>\n<\/div>\n<\/div>\n\n\n\n<div class=\"wp-block-column is-vertically-aligned-bottom is-layout-flow wp-block-column-is-layout-flow\"><div class=\"wp-block-image\">\n<figure class=\"aligncenter size-thumbnail is-resized\"><img loading=\"lazy\" decoding=\"async\" width=\"150\" height=\"150\" src=\"https:\/\/ddo.usac.edu.gt\/wp-content\/uploads\/2024\/02\/logousac2024-1-150x150.png\" alt=\"\" class=\"wp-image-453\" style=\"width:140px;height:auto\" srcset=\"https:\/\/ddo.usac.edu.gt\/wp-content\/uploads\/2024\/02\/logousac2024-1-150x150.png 150w, https:\/\/ddo.usac.edu.gt\/wp-content\/uploads\/2024\/02\/logousac2024-1.png 300w\" sizes=\"auto, (max-width: 150px) 100vw, 150px\" \/><\/figure>\n<\/div>\n\n\n<h4 class=\"wp-block-heading has-text-align-center\"><strong>Administraci\u00f3n Centro Universitario Metropolitano <\/strong><\/h4>\n\n\n\n<h4 class=\"wp-block-heading has-text-align-center\"><strong>-CUM-<\/strong><\/h4>\n\n\n\n<div class=\"wp-block-buttons is-content-justification-center is-layout-flex wp-container-core-buttons-is-layout-16018d1d wp-block-buttons-is-layout-flex\">\n<div class=\"wp-block-button\"><a class=\"wp-block-button__link has-white-color has-text-color has-background has-link-color has-text-align-center wp-element-button\" href=\"https:\/\/ddo.usac.edu.gt\/index.php\/direcciones-generales-2\/direccion-general-de-administracion-diga\/centro-universitario-meropolitano-cum\/\" style=\"border-radius:4px;background-color:#005aff\" target=\"_blank\" rel=\"noreferrer noopener\">Ver manuales<\/a><\/div>\n<\/div>\n<\/div>\n\n\n\n<div class=\"wp-block-column is-vertically-aligned-bottom is-layout-flow wp-block-column-is-layout-flow\"><\/div>\n\n\n\n<div class=\"wp-block-column is-vertically-aligned-bottom is-layout-flow wp-block-column-is-layout-flow\"><\/div>\n\n\n\n<div class=\"wp-block-column is-vertically-aligned-bottom is-layout-flow wp-block-column-is-layout-flow\"><\/div>\n<\/div>\n","protected":false},"excerpt":{"rendered":"<p>DIRECCI\u00d3N GENERAL DE ADMINISTRACI\u00d3N -DIGA- Direcci\u00f3n General de Administraci\u00f3n -DIGA- Divisi\u00f3n de Administraci\u00f3n de Recursos Humanos -DARH- Divisi\u00f3n de Desarrollo Organizacional -DDO- Divisi\u00f3n de Servicios Generales -DSG- Divisi\u00f3n de Seguridad Universitaria Biblioteca Central Departamento de Registro y Estad\u00edstica -R y E- Archivo General Transporte Colectivo de la USAC Administraci\u00f3n Centro Universitario Metropolitano -CUM-<\/p>\n","protected":false},"author":1,"featured_media":0,"parent":521,"menu_order":0,"comment_status":"closed","ping_status":"closed","template":"","meta":{"iawp_total_views":1928,"footnotes":""},"class_list":["post-528","page","type-page","status-publish","czr-hentry"],"_links":{"self":[{"href":"https:\/\/ddo.usac.edu.gt\/index.php\/wp-json\/wp\/v2\/pages\/528","targetHints":{"allow":["GET"]}}],"collection":[{"href":"https:\/\/ddo.usac.edu.gt\/index.php\/wp-json\/wp\/v2\/pages"}],"about":[{"href":"https:\/\/ddo.usac.edu.gt\/index.php\/wp-json\/wp\/v2\/types\/page"}],"author":[{"embeddable":true,"href":"https:\/\/ddo.usac.edu.gt\/index.php\/wp-json\/wp\/v2\/users\/1"}],"replies":[{"embeddable":true,"href":"https:\/\/ddo.usac.edu.gt\/index.php\/wp-json\/wp\/v2\/comments?post=528"}],"version-history":[{"count":23,"href":"https:\/\/ddo.usac.edu.gt\/index.php\/wp-json\/wp\/v2\/pages\/528\/revisions"}],"predecessor-version":[{"id":2155,"href":"https:\/\/ddo.usac.edu.gt\/index.php\/wp-json\/wp\/v2\/pages\/528\/revisions\/2155"}],"up":[{"embeddable":true,"href":"https:\/\/ddo.usac.edu.gt\/index.php\/wp-json\/wp\/v2\/pages\/521"}],"wp:attachment":[{"href":"https:\/\/ddo.usac.edu.gt\/index.php\/wp-json\/wp\/v2\/media?parent=528"}],"curies":[{"name":"wp","href":"https:\/\/api.w.org\/{rel}","templated":true}]}}