{"id":533,"date":"2024-02-29T10:34:32","date_gmt":"2024-02-29T15:34:32","guid":{"rendered":"https:\/\/ddo.usac.edu.gt\/?page_id=533"},"modified":"2024-03-18T13:54:43","modified_gmt":"2024-03-18T18:54:43","slug":"direccion-general-de-docencia-diged","status":"publish","type":"page","link":"https:\/\/ddo.usac.edu.gt\/index.php\/direcciones-generales-2\/direccion-general-de-docencia-diged\/","title":{"rendered":"DIRECCI\u00d3N GENERAL DE DOCENCIA -DIGED-"},"content":{"rendered":"\n<h1 class=\"wp-block-heading alignfull has-text-align-center has-white-color has-text-color has-background has-link-color wp-elements-8a73b6c33cd69647c5b5e9b5fab8dbe0\" style=\"background-color:#0056a2\"><strong>DIRECCI\u00d3N GENERAL <\/strong>DE DOCENCIA -DIGED-<\/h1>\n\n\n\n<div class=\"wp-block-columns alignwide are-vertically-aligned-bottom is-layout-flex wp-container-core-columns-is-layout-9d6595d7 wp-block-columns-is-layout-flex\">\n<div class=\"wp-block-column is-vertically-aligned-bottom is-layout-flow wp-block-column-is-layout-flow\"><div class=\"wp-block-image\">\n<figure class=\"aligncenter size-full is-resized\"><img loading=\"lazy\" decoding=\"async\" width=\"256\" height=\"197\" src=\"https:\/\/ddo.usac.edu.gt\/wp-content\/uploads\/2024\/03\/Logo-DIGED.png\" alt=\"\" class=\"wp-image-1165\" style=\"width:181px;height:auto\"\/><\/figure>\n<\/div>\n\n\n<h4 class=\"wp-block-heading has-text-align-center\"><strong>Direcci\u00f3n General de Docencia <br>-DIGED-<\/strong><\/h4>\n\n\n\n<div class=\"wp-block-buttons is-content-justification-center is-layout-flex wp-container-core-buttons-is-layout-16018d1d wp-block-buttons-is-layout-flex\">\n<div class=\"wp-block-button\"><a class=\"wp-block-button__link has-white-color has-text-color has-background has-link-color has-text-align-center wp-element-button\" href=\"https:\/\/ddo.usac.edu.gt\/index.php\/direcciones-generales-2\/direccion-general-de-docencia-diged\/direccion-general-de-docencia\/\" style=\"border-radius:4px;background-color:#005aff\" target=\"_blank\" rel=\"noreferrer noopener\">Ver manuales<\/a><\/div>\n<\/div>\n<\/div>\n\n\n\n<div class=\"wp-block-column is-vertically-aligned-bottom is-layout-flow wp-block-column-is-layout-flow\"><div class=\"wp-block-image\">\n<figure class=\"aligncenter size-thumbnail\"><img loading=\"lazy\" decoding=\"async\" width=\"150\" height=\"150\" src=\"https:\/\/ddo.usac.edu.gt\/wp-content\/uploads\/2024\/03\/Logo-DDA-150x150.png\" alt=\"\" class=\"wp-image-1167\" srcset=\"https:\/\/ddo.usac.edu.gt\/wp-content\/uploads\/2024\/03\/Logo-DDA-150x150.png 150w, https:\/\/ddo.usac.edu.gt\/wp-content\/uploads\/2024\/03\/Logo-DDA.png 225w\" sizes=\"auto, (max-width: 150px) 100vw, 150px\" \/><\/figure>\n<\/div>\n\n\n<h4 class=\"wp-block-heading has-text-align-center\"><strong>Divisi\u00f3n de Desarrollo Acad\u00e9mico <br>-DDA-<\/strong><\/h4>\n\n\n\n<div class=\"wp-block-buttons is-content-justification-center is-layout-flex wp-container-core-buttons-is-layout-16018d1d wp-block-buttons-is-layout-flex\">\n<div class=\"wp-block-button\"><a class=\"wp-block-button__link has-white-color has-text-color has-background has-link-color wp-element-button\" href=\"https:\/\/ddo.usac.edu.gt\/index.php\/direcciones-generales-2\/direccion-general-de-docencia-diged\/division-de-desarrollo-academico-dda\/\" style=\"border-radius:4px;background-color:#005aff\" target=\"_blank\" rel=\"noreferrer noopener\">Ver manuales<\/a><\/div>\n<\/div>\n<\/div>\n\n\n\n<div class=\"wp-block-column is-vertically-aligned-bottom is-layout-flow wp-block-column-is-layout-flow\"><div class=\"wp-block-image\">\n<figure class=\"aligncenter size-medium\"><img loading=\"lazy\" decoding=\"async\" width=\"300\" height=\"144\" src=\"https:\/\/ddo.usac.edu.gt\/wp-content\/uploads\/2024\/03\/Logo-BEU-300x144.jpg\" alt=\"\" class=\"wp-image-1168\" srcset=\"https:\/\/ddo.usac.edu.gt\/wp-content\/uploads\/2024\/03\/Logo-BEU-300x144.jpg 300w, https:\/\/ddo.usac.edu.gt\/wp-content\/uploads\/2024\/03\/Logo-BEU.jpg 591w\" sizes=\"auto, (max-width: 300px) 100vw, 300px\" \/><\/figure>\n<\/div>\n\n\n<h4 class=\"wp-block-heading has-text-align-center\"><strong>Divisi\u00f3n de Bienestar Estudiantil Universitario <br>-DBEU-<\/strong><\/h4>\n\n\n\n<div class=\"wp-block-buttons is-content-justification-center is-layout-flex wp-container-core-buttons-is-layout-16018d1d wp-block-buttons-is-layout-flex\">\n<div class=\"wp-block-button\"><a class=\"wp-block-button__link has-white-color has-text-color has-background has-link-color wp-element-button\" href=\"https:\/\/ddo.usac.edu.gt\/index.php\/direcciones-generales-2\/direccion-general-de-docencia-diged\/division-de-bienestar-estudiantil-universitario-dbeu\/\" style=\"border-radius:4px;background-color:#005aff\" target=\"_blank\" rel=\"noreferrer noopener\">Ver manuales<\/a><\/div>\n<\/div>\n<\/div>\n\n\n\n<div class=\"wp-block-column is-vertically-aligned-bottom is-layout-flow wp-block-column-is-layout-flow\"><div class=\"wp-block-image\">\n<figure class=\"aligncenter size-medium is-resized\"><img loading=\"lazy\" decoding=\"async\" width=\"300\" height=\"132\" src=\"https:\/\/ddo.usac.edu.gt\/wp-content\/uploads\/2024\/03\/Logo-DEAI-300x132.jpg\" alt=\"\" class=\"wp-image-1170\" style=\"width:235px;height:auto\" srcset=\"https:\/\/ddo.usac.edu.gt\/wp-content\/uploads\/2024\/03\/Logo-DEAI-300x132.jpg 300w, https:\/\/ddo.usac.edu.gt\/wp-content\/uploads\/2024\/03\/Logo-DEAI-1024x450.jpg 1024w, https:\/\/ddo.usac.edu.gt\/wp-content\/uploads\/2024\/03\/Logo-DEAI-768x338.jpg 768w, https:\/\/ddo.usac.edu.gt\/wp-content\/uploads\/2024\/03\/Logo-DEAI.jpg 1190w\" sizes=\"auto, (max-width: 300px) 100vw, 300px\" \/><\/figure>\n<\/div>\n\n\n<h4 class=\"wp-block-heading has-text-align-center\"><strong>Divisi\u00f3n de Evaluaci\u00f3n Acad\u00e9mica e Institucional <br>-DEAI-<\/strong><\/h4>\n\n\n\n<div class=\"wp-block-buttons is-content-justification-center is-layout-flex wp-container-core-buttons-is-layout-16018d1d wp-block-buttons-is-layout-flex\">\n<div class=\"wp-block-button\"><a class=\"wp-block-button__link has-white-color has-text-color has-background has-link-color wp-element-button\" href=\"https:\/\/ddo.usac.edu.gt\/index.php\/direcciones-generales-2\/direccion-general-de-docencia-diged\/division-de-evaluacion-academica-e-institucional-deai\/\" style=\"border-radius:4px;background-color:#005aff\" target=\"_blank\" rel=\"noreferrer noopener\">Ver manuales<\/a><\/div>\n<\/div>\n<\/div>\n<\/div>\n\n\n\n<div class=\"wp-block-columns alignwide are-vertically-aligned-bottom is-layout-flex wp-container-core-columns-is-layout-9d6595d7 wp-block-columns-is-layout-flex\">\n<div class=\"wp-block-column is-vertically-aligned-bottom is-layout-flow wp-block-column-is-layout-flow\"><div class=\"wp-block-image\">\n<figure class=\"aligncenter size-thumbnail\"><img loading=\"lazy\" decoding=\"async\" width=\"150\" height=\"150\" src=\"https:\/\/ddo.usac.edu.gt\/wp-content\/uploads\/2024\/03\/Logo-SUN-150x150.jpg\" alt=\"\" class=\"wp-image-1171\" srcset=\"https:\/\/ddo.usac.edu.gt\/wp-content\/uploads\/2024\/03\/Logo-SUN-150x150.jpg 150w, https:\/\/ddo.usac.edu.gt\/wp-content\/uploads\/2024\/03\/Logo-SUN.jpg 224w\" sizes=\"auto, (max-width: 150px) 100vw, 150px\" \/><\/figure>\n<\/div>\n\n\n<h4 class=\"wp-block-heading has-text-align-center\"><strong>Sistema de Ubicaci\u00f3n y Nivelaci\u00f3n <br>-SUN-<\/strong><\/h4>\n\n\n\n<div class=\"wp-block-buttons is-content-justification-center is-layout-flex wp-container-core-buttons-is-layout-16018d1d wp-block-buttons-is-layout-flex\">\n<div class=\"wp-block-button\"><a class=\"wp-block-button__link has-white-color has-text-color has-background has-link-color has-text-align-center wp-element-button\" href=\"https:\/\/ddo.usac.edu.gt\/index.php\/direcciones-generales-2\/direccion-general-de-docencia-diged\/sistema-de-ubicacion-y-nivelacion-sun\/\" style=\"border-radius:4px;background-color:#005aff\" target=\"_blank\" rel=\"noreferrer noopener\">Ver manuales<\/a><\/div>\n<\/div>\n<\/div>\n\n\n\n<div class=\"wp-block-column is-vertically-aligned-bottom is-layout-flow wp-block-column-is-layout-flow\"><div class=\"wp-block-image\">\n<figure class=\"aligncenter size-full is-resized\"><img loading=\"lazy\" decoding=\"async\" width=\"1668\" height=\"1251\" src=\"https:\/\/ddo.usac.edu.gt\/wp-content\/uploads\/2024\/03\/Logo-DEDEV.png\" alt=\"\" class=\"wp-image-1172\" style=\"width:250px\" srcset=\"https:\/\/ddo.usac.edu.gt\/wp-content\/uploads\/2024\/03\/Logo-DEDEV.png 1668w, https:\/\/ddo.usac.edu.gt\/wp-content\/uploads\/2024\/03\/Logo-DEDEV-300x225.png 300w, https:\/\/ddo.usac.edu.gt\/wp-content\/uploads\/2024\/03\/Logo-DEDEV-1024x768.png 1024w, https:\/\/ddo.usac.edu.gt\/wp-content\/uploads\/2024\/03\/Logo-DEDEV-768x576.png 768w, https:\/\/ddo.usac.edu.gt\/wp-content\/uploads\/2024\/03\/Logo-DEDEV-1536x1152.png 1536w\" sizes=\"auto, (max-width: 1668px) 100vw, 1668px\" \/><\/figure>\n<\/div>\n\n\n<h4 class=\"wp-block-heading has-text-align-center\"><strong>Divisi\u00f3n de Educaci\u00f3n a Distancia en Entornos Virtuales <br>-DEDEV- <\/strong><\/h4>\n\n\n\n<div class=\"wp-block-buttons is-content-justification-center is-layout-flex wp-container-core-buttons-is-layout-16018d1d wp-block-buttons-is-layout-flex\">\n<div class=\"wp-block-button\"><a class=\"wp-block-button__link has-white-color has-text-color has-background has-link-color wp-element-button\" href=\"https:\/\/ddo.usac.edu.gt\/index.php\/direcciones-generales-2\/direccion-general-de-docencia-diged\/division-de-educacion-a-distancia-en-entornos-virtuales-dedev\/\" style=\"border-radius:4px;background-color:#005aff\" target=\"_blank\" rel=\"noreferrer noopener\">Ver manuales<\/a><\/div>\n<\/div>\n<\/div>\n\n\n\n<div class=\"wp-block-column is-vertically-aligned-bottom is-layout-flow wp-block-column-is-layout-flow\"><\/div>\n<\/div>\n","protected":false},"excerpt":{"rendered":"<p>DIRECCI\u00d3N GENERAL DE DOCENCIA -DIGED- Direcci\u00f3n General de Docencia -DIGED- Divisi\u00f3n de Desarrollo Acad\u00e9mico -DDA- Divisi\u00f3n de Bienestar Estudiantil Universitario -DBEU- Divisi\u00f3n de Evaluaci\u00f3n Acad\u00e9mica e Institucional -DEAI- Sistema de Ubicaci\u00f3n y Nivelaci\u00f3n -SUN- Divisi\u00f3n de Educaci\u00f3n a Distancia en Entornos Virtuales -DEDEV-<\/p>\n","protected":false},"author":1,"featured_media":0,"parent":521,"menu_order":0,"comment_status":"closed","ping_status":"closed","template":"","meta":{"iawp_total_views":137,"footnotes":""},"class_list":["post-533","page","type-page","status-publish","czr-hentry"],"_links":{"self":[{"href":"https:\/\/ddo.usac.edu.gt\/index.php\/wp-json\/wp\/v2\/pages\/533","targetHints":{"allow":["GET"]}}],"collection":[{"href":"https:\/\/ddo.usac.edu.gt\/index.php\/wp-json\/wp\/v2\/pages"}],"about":[{"href":"https:\/\/ddo.usac.edu.gt\/index.php\/wp-json\/wp\/v2\/types\/page"}],"author":[{"embeddable":true,"href":"https:\/\/ddo.usac.edu.gt\/index.php\/wp-json\/wp\/v2\/users\/1"}],"replies":[{"embeddable":true,"href":"https:\/\/ddo.usac.edu.gt\/index.php\/wp-json\/wp\/v2\/comments?post=533"}],"version-history":[{"count":9,"href":"https:\/\/ddo.usac.edu.gt\/index.php\/wp-json\/wp\/v2\/pages\/533\/revisions"}],"predecessor-version":[{"id":2020,"href":"https:\/\/ddo.usac.edu.gt\/index.php\/wp-json\/wp\/v2\/pages\/533\/revisions\/2020"}],"up":[{"embeddable":true,"href":"https:\/\/ddo.usac.edu.gt\/index.php\/wp-json\/wp\/v2\/pages\/521"}],"wp:attachment":[{"href":"https:\/\/ddo.usac.edu.gt\/index.php\/wp-json\/wp\/v2\/media?parent=533"}],"curies":[{"name":"wp","href":"https:\/\/api.w.org\/{rel}","templated":true}]}}