{"id":683,"date":"2024-03-05T09:45:31","date_gmt":"2024-03-05T14:45:31","guid":{"rendered":"https:\/\/ddo.usac.edu.gt\/?page_id=683"},"modified":"2025-04-01T11:35:59","modified_gmt":"2025-04-01T16:35:59","slug":"organigrama-ddo-2","status":"publish","type":"page","link":"https:\/\/ddo.usac.edu.gt\/index.php\/organigrama-ddo-2\/","title":{"rendered":"ORGANIGRAMA DDO"},"content":{"rendered":"\n<h2 class=\"wp-block-heading has-white-color has-text-color has-background has-link-color wp-elements-239a7d868c6903fd637c7fb426383a93\" style=\"background-color:#002944\">ORGANIGRAMA DDO<\/h2>\n\n\n\n<hr class=\"wp-block-separator has-alpha-channel-opacity\"\/>\n\n\n\n<p>A continuaci\u00f3n se presenta el dise\u00f1o gr\u00e1fico de la estructura organizativa de la Divisi\u00f3n de Desarrollo Organizacional:<\/p>\n\n\n\n<figure class=\"wp-block-image size-full\"><img loading=\"lazy\" decoding=\"async\" width=\"569\" height=\"568\" src=\"https:\/\/ddo.usac.edu.gt\/wp-content\/uploads\/2025\/04\/Organigrama-DDO-2023-Aprobado.png\" alt=\"\" class=\"wp-image-2397\" srcset=\"https:\/\/ddo.usac.edu.gt\/wp-content\/uploads\/2025\/04\/Organigrama-DDO-2023-Aprobado.png 569w, https:\/\/ddo.usac.edu.gt\/wp-content\/uploads\/2025\/04\/Organigrama-DDO-2023-Aprobado-300x300.png 300w, https:\/\/ddo.usac.edu.gt\/wp-content\/uploads\/2025\/04\/Organigrama-DDO-2023-Aprobado-150x150.png 150w, https:\/\/ddo.usac.edu.gt\/wp-content\/uploads\/2025\/04\/Organigrama-DDO-2023-Aprobado-510x510.png 510w\" sizes=\"auto, (max-width: 569px) 100vw, 569px\" \/><\/figure>\n\n\n\n<figure class=\"wp-block-image alignwide size-full\"><img loading=\"lazy\" decoding=\"async\" width=\"2496\" height=\"1404\" src=\"https:\/\/ddo.usac.edu.gt\/wp-content\/uploads\/2024\/03\/dissDDO2024-Recuperado-06.jpg\" alt=\"\" class=\"wp-image-2105\" srcset=\"https:\/\/ddo.usac.edu.gt\/wp-content\/uploads\/2024\/03\/dissDDO2024-Recuperado-06.jpg 2496w, https:\/\/ddo.usac.edu.gt\/wp-content\/uploads\/2024\/03\/dissDDO2024-Recuperado-06-300x169.jpg 300w, https:\/\/ddo.usac.edu.gt\/wp-content\/uploads\/2024\/03\/dissDDO2024-Recuperado-06-1024x576.jpg 1024w, https:\/\/ddo.usac.edu.gt\/wp-content\/uploads\/2024\/03\/dissDDO2024-Recuperado-06-768x432.jpg 768w, https:\/\/ddo.usac.edu.gt\/wp-content\/uploads\/2024\/03\/dissDDO2024-Recuperado-06-1536x864.jpg 1536w, https:\/\/ddo.usac.edu.gt\/wp-content\/uploads\/2024\/03\/dissDDO2024-Recuperado-06-2048x1152.jpg 2048w, https:\/\/ddo.usac.edu.gt\/wp-content\/uploads\/2024\/03\/dissDDO2024-Recuperado-06-1110x624.jpg 1110w, https:\/\/ddo.usac.edu.gt\/wp-content\/uploads\/2024\/03\/dissDDO2024-Recuperado-06-528x297.jpg 528w\" sizes=\"auto, (max-width: 2496px) 100vw, 2496px\" \/><\/figure>\n\n\n\n<p><\/p>\n","protected":false},"excerpt":{"rendered":"<p>ORGANIGRAMA DDO A continuaci\u00f3n se presenta el dise\u00f1o gr\u00e1fico de la estructura organizativa de la Divisi\u00f3n de Desarrollo Organizacional:<\/p>\n","protected":false},"author":1,"featured_media":0,"parent":0,"menu_order":0,"comment_status":"closed","ping_status":"closed","template":"","meta":{"iawp_total_views":263,"footnotes":""},"class_list":["post-683","page","type-page","status-publish","czr-hentry"],"_links":{"self":[{"href":"https:\/\/ddo.usac.edu.gt\/index.php\/wp-json\/wp\/v2\/pages\/683","targetHints":{"allow":["GET"]}}],"collection":[{"href":"https:\/\/ddo.usac.edu.gt\/index.php\/wp-json\/wp\/v2\/pages"}],"about":[{"href":"https:\/\/ddo.usac.edu.gt\/index.php\/wp-json\/wp\/v2\/types\/page"}],"author":[{"embeddable":true,"href":"https:\/\/ddo.usac.edu.gt\/index.php\/wp-json\/wp\/v2\/users\/1"}],"replies":[{"embeddable":true,"href":"https:\/\/ddo.usac.edu.gt\/index.php\/wp-json\/wp\/v2\/comments?post=683"}],"version-history":[{"count":7,"href":"https:\/\/ddo.usac.edu.gt\/index.php\/wp-json\/wp\/v2\/pages\/683\/revisions"}],"predecessor-version":[{"id":2401,"href":"https:\/\/ddo.usac.edu.gt\/index.php\/wp-json\/wp\/v2\/pages\/683\/revisions\/2401"}],"wp:attachment":[{"href":"https:\/\/ddo.usac.edu.gt\/index.php\/wp-json\/wp\/v2\/media?parent=683"}],"curies":[{"name":"wp","href":"https:\/\/api.w.org\/{rel}","templated":true}]}}