{"id":88,"date":"2023-05-31T14:14:24","date_gmt":"2023-05-31T19:14:24","guid":{"rendered":"https:\/\/ddo.usac.edu.gt\/?page_id=88"},"modified":"2024-03-18T13:46:06","modified_gmt":"2024-03-18T18:46:06","slug":"bcie","status":"publish","type":"page","link":"https:\/\/ddo.usac.edu.gt\/index.php\/administracion-central\/bcie\/","title":{"rendered":"BANCO CENTROAMERICANO DE INTEGRACI\u00d3N ECON\u00d3MICA -BCIE-"},"content":{"rendered":"\n<h2 class=\"wp-block-heading has-white-color has-text-color has-background has-link-color wp-elements-66a029e1b4f75b1c915e70dee5ed14ff\" style=\"background-color:#002944\">DEFINICI\u00d3N<\/h2>\n\n\n\n<div class=\"wp-block-group\"><div class=\"wp-block-group__inner-container is-layout-constrained wp-block-group-is-layout-constrained\">\n<div class=\"wp-block-columns is-layout-flex wp-container-core-columns-is-layout-9d6595d7 wp-block-columns-is-layout-flex\">\n<div class=\"wp-block-column is-vertically-aligned-center is-layout-flow wp-block-column-is-layout-flow\" style=\"flex-basis:300px\"><div class=\"wp-block-image\">\n<figure class=\"aligncenter size-full is-resized\"><img loading=\"lazy\" decoding=\"async\" width=\"300\" height=\"300\" src=\"https:\/\/ddo.usac.edu.gt\/wp-content\/uploads\/2024\/02\/logobcie2024.png\" alt=\"\" class=\"wp-image-454\" style=\"width:250px\" srcset=\"https:\/\/ddo.usac.edu.gt\/wp-content\/uploads\/2024\/02\/logobcie2024.png 300w, https:\/\/ddo.usac.edu.gt\/wp-content\/uploads\/2024\/02\/logobcie2024-150x150.png 150w\" sizes=\"auto, (max-width: 300px) 100vw, 300px\" \/><\/figure>\n<\/div><\/div>\n\n\n\n<div class=\"wp-block-column is-vertically-aligned-center is-layout-flow wp-block-column-is-layout-flow\">\n<p class=\"has-medium-font-size\">La Unidad Ejecutora USAC\/BCIE, es la dependencia de la Rector\u00eda de la Universidad de San Carlos de Guatemala, responsable de la ejecuci\u00f3n del Programa de Inversi\u00f3n en Infraestructura, Maquinaria y Equipo para la Universidad de San Carlos de Guatemala II ETAPA y del cumplimiento de los objetivos del mismo, cuya estructura, organizaci\u00f3n, funcionamiento, modalidad de trabajo y financiamiento deber\u00e1n ser aceptables y a satisfacci\u00f3n del Banco Centroamericano de Integraci\u00f3n Econ\u00f3mica.<\/p>\n<\/div>\n<\/div>\n\n\n\n<div class=\"wp-block-columns has-white-color has-text-color has-background has-link-color wp-elements-430aaa46e15362bbda262c559f33a17d is-layout-flex wp-container-core-columns-is-layout-9d6595d7 wp-block-columns-is-layout-flex\" style=\"background-color:#00447c\">\n<div class=\"wp-block-column is-vertically-aligned-center is-layout-flow wp-block-column-is-layout-flow\">\n<h2 class=\"wp-block-heading alignwide has-white-color has-text-color has-link-color has-large-font-size wp-elements-6cbe81240a440b3bab719717403476ef\">Manual de Organizaci\u00f3n Vigente<\/h2>\n<\/div>\n\n\n\n<div class=\"wp-block-column is-vertically-aligned-bottom is-layout-flow wp-block-column-is-layout-flow\">\n<div class=\"wp-block-buttons alignwide is-vertical is-content-justification-right is-layout-flex wp-container-core-buttons-is-layout-17ed0cd2 wp-block-buttons-is-layout-flex\">\n<div class=\"wp-block-button is-style-fill\"><a class=\"wp-block-button__link has-black-color has-white-background-color has-text-color has-background has-link-color wp-element-button\" href=\"https:\/\/ddo.usac.edu.gt\/wp-content\/uploads\/2023\/05\/M-de-O-BCIE-2007.pdf\" style=\"border-radius:10px\" target=\"_blank\" rel=\"noreferrer noopener\"><strong>Descargar Documento PDF<\/strong><\/a><\/div>\n<\/div>\n<\/div>\n<\/div>\n\n\n\n<hr class=\"wp-block-separator has-alpha-channel-opacity\"\/>\n\n\n\n<div class=\"wp-block-columns has-white-color has-text-color has-background has-link-color wp-elements-68283eb439ba69b81fb10722275d511b is-layout-flex wp-container-core-columns-is-layout-9d6595d7 wp-block-columns-is-layout-flex\" style=\"background-color:#006ff4\">\n<div class=\"wp-block-column is-vertically-aligned-center is-layout-flow wp-block-column-is-layout-flow\">\n<h2 class=\"wp-block-heading alignwide has-white-color has-text-color has-link-color has-large-font-size wp-elements-d2729405e9f8cb3c1c1ae43a09fbea43\">Manual de Normas y Procedimientos Vigente<\/h2>\n<\/div>\n\n\n\n<div class=\"wp-block-column is-vertically-aligned-bottom is-layout-flow wp-block-column-is-layout-flow\">\n<div class=\"wp-block-buttons alignwide is-vertical is-content-justification-right is-layout-flex wp-container-core-buttons-is-layout-17ed0cd2 wp-block-buttons-is-layout-flex\">\n<div class=\"wp-block-button\"><a class=\"wp-block-button__link has-black-color has-text-color has-background has-link-color wp-element-button\" href=\"https:\/\/ddo.usac.edu.gt\/wp-content\/uploads\/2024\/03\/MANUAL-DE-NORMAS-Y-PROCEDIMIENTOS-BCIE.pdf\" style=\"border-radius:10px;background-color:#fefefe\" target=\"_blank\" rel=\"noreferrer noopener\"><strong>Descargar Documento PDF<\/strong><\/a><\/div>\n<\/div>\n<\/div>\n<\/div>\n<\/div><\/div>\n\n\n\n<div class=\"wp-block-columns are-vertically-aligned-center is-layout-flex wp-container-core-columns-is-layout-9d6595d7 wp-block-columns-is-layout-flex\">\n<div class=\"wp-block-column is-vertically-aligned-center is-layout-flow wp-block-column-is-layout-flow\">\n<p class=\"has-medium-font-size\"><strong>PROCEDIMIENTO PARA LA APLICACI\u00d3N DE LA MODALIDAD: \u201cCOMPARACI\u00d3N DE PRECIOS A NIVEL LOCAL O INTERNACIONAL DE ADQUISICI\u00d3N DE BIENES, FONDOS PR\u00c9STAMO Y CONTRAPARTIDA\u201d<\/strong><\/p>\n<\/div>\n\n\n\n<div class=\"wp-block-column is-vertically-aligned-center is-layout-flow wp-block-column-is-layout-flow\">\n<div class=\"wp-block-buttons is-content-justification-right is-layout-flex wp-container-core-buttons-is-layout-765c4724 wp-block-buttons-is-layout-flex\">\n<div class=\"wp-block-button\"><a class=\"wp-block-button__link has-white-color has-text-color has-background has-link-color wp-element-button\" href=\"https:\/\/ddo.usac.edu.gt\/wp-content\/uploads\/2024\/03\/Actualizacion-Procedimiento-Comparacion-Precios-USAC-BCIE-Aprobado-2018.pdf\" style=\"border-radius:9px;background-color:#00447c\" target=\"_blank\" rel=\"noreferrer noopener\">Descargar documento PDF<\/a><\/div>\n<\/div>\n<\/div>\n<\/div>\n\n\n\n<hr class=\"wp-block-separator has-alpha-channel-opacity\"\/>\n\n\n\n<div class=\"wp-block-columns are-vertically-aligned-center is-layout-flex wp-container-core-columns-is-layout-9d6595d7 wp-block-columns-is-layout-flex\">\n<div class=\"wp-block-column is-vertically-aligned-center is-layout-flow wp-block-column-is-layout-flow\">\n<h4 class=\"wp-block-heading has-text-align-left has-medium-font-size\">SISTEMA DE ARCHIVO DE COCUMENTOS<\/h4>\n<\/div>\n\n\n\n<div class=\"wp-block-column is-vertically-aligned-center is-layout-flow wp-block-column-is-layout-flow\">\n<div class=\"wp-block-buttons is-content-justification-right is-layout-flex wp-container-core-buttons-is-layout-765c4724 wp-block-buttons-is-layout-flex\">\n<div class=\"wp-block-button\"><a class=\"wp-block-button__link has-white-color has-text-color has-background has-link-color wp-element-button\" href=\"https:\/\/ddo.usac.edu.gt\/wp-content\/uploads\/2024\/03\/Manual-de-Normas-y-Procedimientos-sist.Archivos-BCIE.pdf\" style=\"border-radius:9px;background-color:#00447c\" target=\"_blank\" rel=\"noreferrer noopener\">Descargar documento PDF<\/a><\/div>\n<\/div>\n<\/div>\n<\/div>\n\n\n\n<hr class=\"wp-block-separator has-alpha-channel-opacity\"\/>\n\n\n\n<div class=\"wp-block-columns are-vertically-aligned-center is-layout-flex wp-container-core-columns-is-layout-9d6595d7 wp-block-columns-is-layout-flex\">\n<div class=\"wp-block-column is-vertically-aligned-center is-layout-flow wp-block-column-is-layout-flow\">\n<p class=\"has-medium-font-size\"><strong>M\u00d3DULO I. MODALIDADES DE: COMPRA DE BAJA CUANT\u00cdA, COMPRA DIRECTA Y CONTRATO ABIERTO<\/strong><\/p>\n<\/div>\n\n\n\n<div class=\"wp-block-column is-vertically-aligned-center is-layout-flow wp-block-column-is-layout-flow\">\n<div class=\"wp-block-buttons is-content-justification-right is-layout-flex wp-container-core-buttons-is-layout-765c4724 wp-block-buttons-is-layout-flex\">\n<div class=\"wp-block-button\"><a class=\"wp-block-button__link has-white-color has-text-color has-background has-link-color wp-element-button\" href=\"https:\/\/ddo.usac.edu.gt\/wp-content\/uploads\/2024\/03\/Regimen-Compra-Directa-BCIE-aprobado-abril-2018-1.pdf\" style=\"border-radius:9px;background-color:#00447c\" target=\"_blank\" rel=\"noreferrer noopener\">Descargar documento PDF<\/a><\/div>\n<\/div>\n<\/div>\n<\/div>\n","protected":false},"excerpt":{"rendered":"<p>DEFINICI\u00d3N La Unidad Ejecutora USAC\/BCIE, es la dependencia de la Rector\u00eda de la Universidad de San Carlos de Guatemala, responsable de la ejecuci\u00f3n del Programa de Inversi\u00f3n en Infraestructura, Maquinaria y Equipo para la Universidad de San Carlos de Guatemala II ETAPA y del cumplimiento de los objetivos del mismo, cuya estructura, organizaci\u00f3n, funcionamiento, modalidad [&hellip;]<\/p>\n","protected":false},"author":1,"featured_media":0,"parent":420,"menu_order":0,"comment_status":"closed","ping_status":"closed","template":"","meta":{"iawp_total_views":77,"footnotes":""},"class_list":["post-88","page","type-page","status-publish","czr-hentry"],"_links":{"self":[{"href":"https:\/\/ddo.usac.edu.gt\/index.php\/wp-json\/wp\/v2\/pages\/88","targetHints":{"allow":["GET"]}}],"collection":[{"href":"https:\/\/ddo.usac.edu.gt\/index.php\/wp-json\/wp\/v2\/pages"}],"about":[{"href":"https:\/\/ddo.usac.edu.gt\/index.php\/wp-json\/wp\/v2\/types\/page"}],"author":[{"embeddable":true,"href":"https:\/\/ddo.usac.edu.gt\/index.php\/wp-json\/wp\/v2\/users\/1"}],"replies":[{"embeddable":true,"href":"https:\/\/ddo.usac.edu.gt\/index.php\/wp-json\/wp\/v2\/comments?post=88"}],"version-history":[{"count":26,"href":"https:\/\/ddo.usac.edu.gt\/index.php\/wp-json\/wp\/v2\/pages\/88\/revisions"}],"predecessor-version":[{"id":2015,"href":"https:\/\/ddo.usac.edu.gt\/index.php\/wp-json\/wp\/v2\/pages\/88\/revisions\/2015"}],"up":[{"embeddable":true,"href":"https:\/\/ddo.usac.edu.gt\/index.php\/wp-json\/wp\/v2\/pages\/420"}],"wp:attachment":[{"href":"https:\/\/ddo.usac.edu.gt\/index.php\/wp-json\/wp\/v2\/media?parent=88"}],"curies":[{"name":"wp","href":"https:\/\/api.w.org\/{rel}","templated":true}]}}